{"id":151221,"date":"2026-03-24T12:13:13","date_gmt":"2026-03-24T11:13:13","guid":{"rendered":"https:\/\/onesportmallorca.com\/?post_type=product&#038;p=151221"},"modified":"2026-03-24T14:25:35","modified_gmt":"2026-03-24T13:25:35","slug":"camiseta-nnormal-w-race-tank-02-nc2tt1w","status":"publish","type":"product","link":"https:\/\/onesportmallorca.com\/en\/producto\/camiseta-nnormal-w-race-tank-02-nc2tt1w\/","title":{"rendered":"Camiseta Nnormal W Race Tank 02 (NC2TT1W)"},"content":{"rendered":"<p>Dise\u00f1ada para carreras en clima c\u00e1lido y d\u00edas de competici\u00f3n, esta camiseta sin mangas ofrece transpirabilidad y cero distracciones.<\/p>\n<p>&#8211; Tejido ultraligero 100 % poli\u00e9ster reciclado<br \/>\n&#8211; Zonas de ventilaci\u00f3n cortadas con l\u00e1ser<br \/>\n&#8211; Costuras planas flatlock<br \/>\n&#8211; Transpirable y de secado r\u00e1pido<\/p>\n<p>Material mejorado: ahora confeccionada con 100 % materiales reciclados, nuestra Race Tank ofrece una transpirabilidad inigualable y sensaci\u00f3n ultraligera.<\/p>\n<p>Sostenible y resistente: dise\u00f1ada para durabilidad y un impacto ambiental m\u00ednimo, combina un dise\u00f1o ligero como una pluma con gran resistencia.<\/p>\n<p>Transpirable y ligera: siente la libertad de nuestra Race Tank ligera, creada para un rendimiento intenso con corte racerback.<\/p>\n","protected":false},"excerpt":{"rendered":"<p>Dise\u00f1ada para carreras en clima c\u00e1lido y d\u00edas de competici\u00f3n, esta camiseta sin mangas ofrece transpirabilidad y cero distracciones. &#8211;<\/p>\n","protected":false},"featured_media":151263,"template":"","meta":[],"product_brand":[7222],"product_cat":[6292,5951,2275],"product_tag":[],"class_list":{"0":"post-151221","1":"product","2":"type-product","3":"status-publish","4":"has-post-thumbnail","6":"product_brand-nnormal","7":"product_cat-nnormal-en","8":"product_cat-clothing","9":"product_cat-camiseta-en","11":"first","12":"instock","13":"taxable","14":"shipping-taxable","15":"purchasable","16":"product-type-variable","17":"has-default-attributes","18":"rtwpvg-product"},"supplier_id":null,"supplier_sku":"","barcode":null,"atum_controlled":true,"out_stock_date":null,"out_stock_threshold":null,"inheritable":true,"inbound_stock":null,"stock_on_hold":0,"sold_today":1,"sales_last_days":1,"reserved_stock":null,"customer_returns":null,"warehouse_damage":null,"lost_in_post":null,"other_logs":null,"out_stock_days":null,"lost_sales":0,"has_location":true,"update_date":"2026-04-10T09:15:34","atum_locations":[{"id":6282,"name":"Tienda Onesport","slug":"tienda_onesport"}],"atum_stock_status":"instock","restock_status":false,"low_stock_amount":"","sales_update_date":"2025-07-18T04:02:26","calc_backorders":null,"_links":{"self":[{"href":"https:\/\/onesportmallorca.com\/en\/wp-json\/wp\/v2\/product\/151221","targetHints":{"allow":["GET"]}}],"collection":[{"href":"https:\/\/onesportmallorca.com\/en\/wp-json\/wp\/v2\/product"}],"about":[{"href":"https:\/\/onesportmallorca.com\/en\/wp-json\/wp\/v2\/types\/product"}],"wp:featuredmedia":[{"embeddable":true,"href":"https:\/\/onesportmallorca.com\/en\/wp-json\/wp\/v2\/media\/151263"}],"wp:attachment":[{"href":"https:\/\/onesportmallorca.com\/en\/wp-json\/wp\/v2\/media?parent=151221"}],"wp:term":[{"taxonomy":"product_brand","embeddable":true,"href":"https:\/\/onesportmallorca.com\/en\/wp-json\/wp\/v2\/product_brand?post=151221"},{"taxonomy":"product_cat","embeddable":true,"href":"https:\/\/onesportmallorca.com\/en\/wp-json\/wp\/v2\/product_cat?post=151221"},{"taxonomy":"product_tag","embeddable":true,"href":"https:\/\/onesportmallorca.com\/en\/wp-json\/wp\/v2\/product_tag?post=151221"}],"curies":[{"name":"wp","href":"https:\/\/api.w.org\/{rel}","templated":true}]}}