{"id":149662,"date":"2026-03-16T14:13:04","date_gmt":"2026-03-16T13:13:04","guid":{"rendered":"https:\/\/onesportmallorca.com\/?post_type=product&#038;p=149662"},"modified":"2026-03-20T11:45:58","modified_gmt":"2026-03-20T10:45:58","slug":"zapatillas-salomon-ultra-glide-4-m-lilac-ash-excalibur-l47956900","status":"publish","type":"product","link":"https:\/\/onesportmallorca.com\/en\/producto\/zapatillas-salomon-ultra-glide-4-m-lilac-ash-excalibur-l47956900\/","title":{"rendered":"Zapatillas Salomon Ultra Glide 4 M Lilac Ash \/ Excalibur (L47956900)"},"content":{"rendered":"<p class=\"s-typo-body4\">C\u00e1lzate la Ultra Glide 4 y siente la diferencia. La \u00faltima versi\u00f3n de nuestra zapatilla de trail running m\u00e1s c\u00f3moda ahora es incluso m\u00e1s ligera y transpirable y proporciona una pisada m\u00e1s din\u00e1mica que mejora el rendimiento y conserva la frescura de los pies en condiciones de calor o humedad. Gracias a su durabilidad mejorada, ir\u00e1s sumando kil\u00f3metros c\u00f3modamente.<\/p>\n<ul class=\"s-typo-body4 s-list-disc s-pl-s\">\n<li>Amortiguaci\u00f3n:\u00a0M\u00e1xima<\/li>\n<li>Valor de drop:\u00a06 MM<\/li>\n<li>Protecci\u00f3n del pie:\u00a0Alta<\/li>\n<li>Profundidad del taco:\u00a04 MM<\/li>\n<li>Frecuencia de uso:\u00a04 o m\u00e1s carreras por semana<\/li>\n<li>Tipo de sendero:\u00a0Carrera de distancia<\/li>\n<li>Peso por unidad:\u00a0285 G<\/li>\n<li>Anchura:\u00a0Regular<\/li>\n<li>Terreno:\u00a0Terreno mixto<\/li>\n<\/ul>\n","protected":false},"excerpt":{"rendered":"<p>C\u00e1lzate la Ultra Glide 4 y siente la diferencia. La \u00faltima versi\u00f3n de nuestra zapatilla de trail running m\u00e1s c\u00f3moda<\/p>\n","protected":false},"featured_media":149741,"template":"","meta":[],"product_brand":[7231],"product_cat":[7749,2240],"product_tag":[],"class_list":{"0":"post-149662","1":"product","2":"type-product","3":"status-publish","4":"has-post-thumbnail","6":"product_brand-salomon","7":"product_cat-salomon-en","8":"product_cat-footwear","10":"first","11":"instock","12":"taxable","13":"shipping-taxable","14":"purchasable","15":"product-type-variable","16":"has-default-attributes","17":"rtwpvg-product"},"supplier_id":null,"supplier_sku":"","barcode":null,"atum_controlled":true,"out_stock_date":null,"out_stock_threshold":null,"inheritable":true,"inbound_stock":null,"stock_on_hold":0,"sold_today":1,"sales_last_days":1,"reserved_stock":null,"customer_returns":null,"warehouse_damage":null,"lost_in_post":null,"other_logs":null,"out_stock_days":null,"lost_sales":0,"has_location":true,"update_date":"2026-03-28T11:13:17","atum_locations":[{"id":6282,"name":"Tienda Onesport","slug":"tienda_onesport"}],"atum_stock_status":"instock","restock_status":false,"low_stock_amount":"","sales_update_date":"2025-10-16T09:43:44","calc_backorders":null,"_links":{"self":[{"href":"https:\/\/onesportmallorca.com\/en\/wp-json\/wp\/v2\/product\/149662","targetHints":{"allow":["GET"]}}],"collection":[{"href":"https:\/\/onesportmallorca.com\/en\/wp-json\/wp\/v2\/product"}],"about":[{"href":"https:\/\/onesportmallorca.com\/en\/wp-json\/wp\/v2\/types\/product"}],"wp:featuredmedia":[{"embeddable":true,"href":"https:\/\/onesportmallorca.com\/en\/wp-json\/wp\/v2\/media\/149741"}],"wp:attachment":[{"href":"https:\/\/onesportmallorca.com\/en\/wp-json\/wp\/v2\/media?parent=149662"}],"wp:term":[{"taxonomy":"product_brand","embeddable":true,"href":"https:\/\/onesportmallorca.com\/en\/wp-json\/wp\/v2\/product_brand?post=149662"},{"taxonomy":"product_cat","embeddable":true,"href":"https:\/\/onesportmallorca.com\/en\/wp-json\/wp\/v2\/product_cat?post=149662"},{"taxonomy":"product_tag","embeddable":true,"href":"https:\/\/onesportmallorca.com\/en\/wp-json\/wp\/v2\/product_tag?post=149662"}],"curies":[{"name":"wp","href":"https:\/\/api.w.org\/{rel}","templated":true}]}}