{"id":145662,"date":"2026-02-25T10:37:33","date_gmt":"2026-02-25T09:37:33","guid":{"rendered":"https:\/\/onesportmallorca.com\/?post_type=product&#038;p=145662"},"modified":"2026-03-12T19:32:19","modified_gmt":"2026-03-12T18:32:19","slug":"maillot-adidas-de-ciclismo-tempo-w-black-jz6729","status":"publish","type":"product","link":"https:\/\/onesportmallorca.com\/en\/producto\/maillot-adidas-de-ciclismo-tempo-w-black-jz6729\/","title":{"rendered":"Maillot Adidas de Ciclismo TEMPO W"},"content":{"rendered":"<h3 class=\"description_subtitle__5h3_L\">Maillot de ciclismo con tecnolog\u00eda Climacool para gestionar r\u00e1pidamente el sudor.<\/h3>\n<p class=\"description_margin__cBW26\">Conoce el maillot de ciclismo Tempo. Dise\u00f1ado con un corte ajustado aerodin\u00e1mico, este maillot est\u00e1 pensado para quienes buscan velocidad y comodidad en salidas prolongadas. Incorpora nuestra avanzada tecnolog\u00eda Climacool. Regula la temperatura. Expulsa la humedad. Es perfecta. La tecnolog\u00eda Climacool expulsa y disipa el sudor, para mantener la piel fresca y seca y que nada te distraiga de tu rendimiento. La confecci\u00f3n en tejido piqu\u00e9 ofrece resistencia al desgaste al tiempo que mantiene una sensaci\u00f3n de ligereza. Incluye mangas montadas con dobladillo el\u00e1stico para facilitar el movimiento. La cinta de adherencia el\u00e1stica expuesta en la parte inferior de la espalda ayuda a que el maillot se mantenga en su sitio. Con caracter\u00edsticas como dos bolsillos traseros y un bolsillo adicional con cremallera y forro impermeable, podr\u00e1s llevar tus objetos esenciales con facilidad. El logotipo tonal de las 3 bandas en el pecho a\u00f1ade un toque de estilo cl\u00e1sico adidas. Tanto si te enfrentas a subidas empinadas como si te mueves por terrenos llanos, este maillot es tu prenda ideal para disfrutar de una experiencia ciclista perfecta.<\/p>\n","protected":false},"excerpt":{"rendered":"<p>Maillot de ciclismo con tecnolog\u00eda Climacool para gestionar r\u00e1pidamente el sudor. Conoce el maillot de ciclismo Tempo. Dise\u00f1ado con un<\/p>\n","protected":false},"featured_media":145684,"template":"","meta":[],"product_brand":[7193],"product_cat":[6405,2256],"product_tag":[],"class_list":{"0":"post-145662","1":"product","2":"type-product","3":"status-publish","4":"has-post-thumbnail","6":"product_brand-adidas","7":"product_cat-adidas-en","8":"product_cat-maillot-en","10":"first","11":"instock","12":"taxable","13":"shipping-taxable","14":"purchasable","15":"product-type-variable","16":"has-default-attributes","17":"rtwpvg-product"},"supplier_id":null,"supplier_sku":"","barcode":null,"atum_controlled":true,"out_stock_date":null,"out_stock_threshold":null,"inheritable":true,"inbound_stock":null,"stock_on_hold":null,"sold_today":null,"sales_last_days":null,"reserved_stock":null,"customer_returns":null,"warehouse_damage":null,"lost_in_post":null,"other_logs":null,"out_stock_days":null,"lost_sales":null,"has_location":true,"update_date":"2026-03-12T18:32:21","atum_locations":[{"id":6282,"name":"Tienda Onesport","slug":"tienda_onesport"}],"atum_stock_status":"instock","restock_status":false,"low_stock_amount":"","sales_update_date":"2025-09-08T05:28:36","calc_backorders":null,"_links":{"self":[{"href":"https:\/\/onesportmallorca.com\/en\/wp-json\/wp\/v2\/product\/145662","targetHints":{"allow":["GET"]}}],"collection":[{"href":"https:\/\/onesportmallorca.com\/en\/wp-json\/wp\/v2\/product"}],"about":[{"href":"https:\/\/onesportmallorca.com\/en\/wp-json\/wp\/v2\/types\/product"}],"wp:featuredmedia":[{"embeddable":true,"href":"https:\/\/onesportmallorca.com\/en\/wp-json\/wp\/v2\/media\/145684"}],"wp:attachment":[{"href":"https:\/\/onesportmallorca.com\/en\/wp-json\/wp\/v2\/media?parent=145662"}],"wp:term":[{"taxonomy":"product_brand","embeddable":true,"href":"https:\/\/onesportmallorca.com\/en\/wp-json\/wp\/v2\/product_brand?post=145662"},{"taxonomy":"product_cat","embeddable":true,"href":"https:\/\/onesportmallorca.com\/en\/wp-json\/wp\/v2\/product_cat?post=145662"},{"taxonomy":"product_tag","embeddable":true,"href":"https:\/\/onesportmallorca.com\/en\/wp-json\/wp\/v2\/product_tag?post=145662"}],"curies":[{"name":"wp","href":"https:\/\/api.w.org\/{rel}","templated":true}]}}