{"id":145120,"date":"2026-02-24T10:08:44","date_gmt":"2026-02-24T09:08:44","guid":{"rendered":"https:\/\/onesportmallorca.com\/?post_type=product&#038;p=145120"},"modified":"2026-02-24T10:24:26","modified_gmt":"2026-02-24T09:24:26","slug":"zapatilla-adidas-terrex-agravic-4-ftwwht-cblack-seimor-kj8872","status":"publish","type":"product","link":"https:\/\/onesportmallorca.com\/en\/producto\/zapatilla-adidas-terrex-agravic-4-ftwwht-cblack-seimor-kj8872\/","title":{"rendered":"Zapatilla Adidas Terrex Agravic 4 Ftwwht\/Cblack\/Seimor (KJ8872)"},"content":{"rendered":"<ul>\n<li>Para correr por terreno irregular y monta\u00f1a 2 a 4 veces por semana aproximadamente hasta 60 minutos. Encuentra el poder transformador de correr por senderos con las zapatillas trail running hombre adidas Terrex Agravic 4, dise\u00f1adas para quienes buscan la aventura en estado puro. Estas zapatillas son la combinaci\u00f3n perfecta de comodidad, resistencia y protecci\u00f3n, ideales para enfrentar cualquier terreno y condici\u00f3n clim\u00e1tica. La tecnolog\u00eda adidas Lightstrike ofrece una amortiguaci\u00f3n ultraligera que te impulsa hacia adelante con cada pisada, haciendo que cada carrera sea m\u00e1s \u00e1gil y fluida. Sentir\u00e1s una absorci\u00f3n de impacto excepcional que transforma el aterrizaje en un impulso lleno de energ\u00eda. La suela de caucho Continental\u2122 te proporciona una tracci\u00f3n inmejorable, ya sea en superficies secas o mojadas, asegurando que te sientas seguro incluso en los caminos m\u00e1s resbaladizos y t\u00e9cnicos. Adem\u00e1s, su parte superior transpirable garantiza que tus pies se mantengan frescos y c\u00f3modos, sin importar lo exigente que sea la ruta. Para el entrenamiento semanal acumulando kil\u00f3metros de manera fiable, son las perfectas zapatillas h\u00edbridas con las que salir de casa y llegar al monte por parques, pistas y senderos, su versatilidad son su se\u00f1a de identidad. Convi\u00e9rtete en uno con la naturaleza y conquista los senderos m\u00e1s desafiantes.<\/li>\n<li>El upper de las zapatillas trail running adidas Terrex Agravic 4 Blanco Negro Naranja, confeccionado en malla t\u00e9cnica ligera y transpirable. Las superposiciones de refuerzo termoselladas en el contorno y puntera protegen los dedos de los pies y aumentan la seguridad. Con tal\u00f3n acolchado y leng\u00fceta fina resistente.<\/li>\n<li>La entresuela de la zapatilla adidas Terrex Agravic 4 compuesta por la tecnolog\u00eda adidas Lightstrike\u2122, espuma ligera de mayor amortiguaci\u00f3n y dinamismo para absorber de forma eficaz el impacto de tu zancada en senderos de monta\u00f1a.<\/li>\n<li>La suela de la zapatilla adidas Terrex Agravic 4 lleva caucho Continental\u2122 con tacos adherentes y espaciados para expulsar el barro y ganar en agarre, incluso sobre suelo mojado. Placa TPU de protecci\u00f3n del pie contra las rocas.<\/li>\n<\/ul>\n","protected":false},"excerpt":{"rendered":"<ul class=\"adv-feature-list\">\n<li><span class=\"item\">Peso Recomendado:<\/span>\u00a0<span class=\"value\">65kg-75kg<\/span><\/li>\n<li><span class=\"item\">Intensidad De Uso:<\/span>\u00a0<span class=\"value\">Media<\/span><\/li>\n<li><span class=\"item\">Nivel:<\/span>\u00a0<span class=\"value\">Avanzado<\/span><\/li>\n<li><span class=\"item\">Corte:<\/span>\u00a0<span class=\"value\">Parte superior de malla t\u00e9cnica transpirable y resistente al desgaste. Refuerzos termosellados de protecci\u00f3n en la puntera y zona trasera del tal\u00f3n. Leng\u00fceta fina el\u00e1stica y reforzada. Collar y tal\u00f3n con acolchado suave.<\/span><\/li>\n<li><span class=\"item\">Media Suela:<\/span>\u00a0<span class=\"value\">Mediasuela adidas Lightstrike\u2122 de excelente amortiguaci\u00f3n y absorci\u00f3n de impactos que favorece el dinamismo de cada zancada. Drop: 8 mm (tal\u00f3n: 32 mm \/ antepi\u00e9: 24 mm).<\/span><\/li>\n<li><span class=\"item\">Amortiguaci\u00f3n:<\/span>\u00a0<span class=\"value\">Tecnolog\u00eda adidas Lightstrike\u2122 garantiza una amortiguaci\u00f3n m\u00e1s ligera que mejora el rebote y una respuesta constante en carrera.<\/span><\/li>\n<li><span class=\"item\">Suela:<\/span>\u00a0<span class=\"value\">Suela de caucho Continental\u2122 y tacos interiores de 4 mm y exteriores de 5 mm. Placa de estabilidad de TPU.<\/span><\/li>\n<li><span class=\"item\">Peso:<\/span>\u00a0<span class=\"value\">275 gr.<\/span><\/li>\n<li><span class=\"item\">Actividad:<\/span>\u00a0<span class=\"value\">Entrenamiento<\/span><\/li>\n<li><span class=\"item\">Drop:<\/span>\u00a0<span class=\"value\">5-8mm<\/span><\/li>\n<li><span class=\"item\">Tecnolog\u00eda:<\/span>\u00a0<span class=\"value\">Continental<\/span><\/li>\n<\/ul>\n","protected":false},"featured_media":145165,"template":"","meta":[],"product_brand":[7193],"product_cat":[6405,2240],"product_tag":[],"class_list":{"0":"post-145120","1":"product","2":"type-product","3":"status-publish","4":"has-post-thumbnail","6":"product_brand-adidas","7":"product_cat-adidas-en","8":"product_cat-footwear","10":"first","11":"instock","12":"taxable","13":"shipping-taxable","14":"purchasable","15":"product-type-variable","16":"has-default-attributes","17":"rtwpvg-product"},"supplier_id":null,"supplier_sku":"","barcode":null,"atum_controlled":true,"out_stock_date":null,"out_stock_threshold":null,"inheritable":true,"inbound_stock":null,"stock_on_hold":0,"sold_today":1,"sales_last_days":1,"reserved_stock":null,"customer_returns":null,"warehouse_damage":null,"lost_in_post":null,"other_logs":null,"out_stock_days":null,"lost_sales":0,"has_location":false,"update_date":"2026-03-03T11:44:06","atum_locations":[],"atum_stock_status":"outofstock","restock_status":false,"low_stock_amount":"","sales_update_date":"2025-04-22T09:02:35","calc_backorders":null,"_links":{"self":[{"href":"https:\/\/onesportmallorca.com\/en\/wp-json\/wp\/v2\/product\/145120","targetHints":{"allow":["GET"]}}],"collection":[{"href":"https:\/\/onesportmallorca.com\/en\/wp-json\/wp\/v2\/product"}],"about":[{"href":"https:\/\/onesportmallorca.com\/en\/wp-json\/wp\/v2\/types\/product"}],"wp:featuredmedia":[{"embeddable":true,"href":"https:\/\/onesportmallorca.com\/en\/wp-json\/wp\/v2\/media\/145165"}],"wp:attachment":[{"href":"https:\/\/onesportmallorca.com\/en\/wp-json\/wp\/v2\/media?parent=145120"}],"wp:term":[{"taxonomy":"product_brand","embeddable":true,"href":"https:\/\/onesportmallorca.com\/en\/wp-json\/wp\/v2\/product_brand?post=145120"},{"taxonomy":"product_cat","embeddable":true,"href":"https:\/\/onesportmallorca.com\/en\/wp-json\/wp\/v2\/product_cat?post=145120"},{"taxonomy":"product_tag","embeddable":true,"href":"https:\/\/onesportmallorca.com\/en\/wp-json\/wp\/v2\/product_tag?post=145120"}],"curies":[{"name":"wp","href":"https:\/\/api.w.org\/{rel}","templated":true}]}}