{"id":145099,"date":"2026-02-24T09:58:28","date_gmt":"2026-02-24T08:58:28","guid":{"rendered":"https:\/\/onesportmallorca.com\/?post_type=product&#038;p=145099"},"modified":"2026-02-24T10:06:30","modified_gmt":"2026-02-24T09:06:30","slug":"botella-salomon-soft-flask-250ml-clear-blue","status":"publish","type":"product","link":"https:\/\/onesportmallorca.com\/en\/producto\/botella-salomon-soft-flask-250ml-clear-blue\/","title":{"rendered":"Botella Salomon SOFT FLASK 250ml Clear Blue"},"content":{"rendered":"<p class=\"s-typo-body4\">Con un agarre sencillo con v\u00e1lvula de alto flujo, con el Soft Flask 250ml\/8oz 28 mantendr\u00e1s la hidrataci\u00f3n en carreras cortas, para que puedas explorar, entrenar y correr en condiciones \u00f3ptimas. El nuevo dise\u00f1o tambi\u00e9n se adapta perfectamente al chaleco PREDICT SKIN 2, encogi\u00e9ndose a medida que bebes para que el agua se mueva lo justo.<\/p>\n<ul class=\"s-typo-body4 s-list-disc s-pl-s\">\n<li>Peso por unidad:\u00a024 G<\/li>\n<li>Actividades:\u00a0Trail running<\/li>\n<li>Descripci\u00f3n de tipo de producto (prendas y equipos):\u00a0Accesorios de hidrataci\u00f3n unisex<\/li>\n<\/ul>\n","protected":false},"excerpt":{"rendered":"<p>Con un agarre sencillo con v\u00e1lvula de alto flujo, con el Soft Flask 250ml\/8oz 28 mantendr\u00e1s la hidrataci\u00f3n en carreras<\/p>\n","protected":false},"featured_media":145102,"template":"","meta":[],"product_brand":[7231],"product_cat":[7749,2232],"product_tag":[],"class_list":{"0":"post-145099","1":"product","2":"type-product","3":"status-publish","4":"has-post-thumbnail","6":"product_brand-salomon","7":"product_cat-salomon-en","8":"product_cat-accessories-and-equipment","10":"first","11":"instock","12":"taxable","13":"shipping-taxable","14":"purchasable","15":"product-type-simple"},"supplier_id":null,"supplier_sku":"","barcode":null,"atum_controlled":true,"out_stock_date":null,"out_stock_threshold":null,"inheritable":false,"inbound_stock":null,"stock_on_hold":0,"sold_today":1,"sales_last_days":3,"reserved_stock":null,"customer_returns":null,"warehouse_damage":null,"lost_in_post":null,"other_logs":null,"out_stock_days":0,"lost_sales":0,"has_location":false,"update_date":"2026-03-16T15:15:07","atum_locations":[],"atum_stock_status":"instock","restock_status":false,"low_stock_amount":"","sales_update_date":"2026-03-16T15:15:07","calc_backorders":null,"_links":{"self":[{"href":"https:\/\/onesportmallorca.com\/en\/wp-json\/wp\/v2\/product\/145099","targetHints":{"allow":["GET"]}}],"collection":[{"href":"https:\/\/onesportmallorca.com\/en\/wp-json\/wp\/v2\/product"}],"about":[{"href":"https:\/\/onesportmallorca.com\/en\/wp-json\/wp\/v2\/types\/product"}],"wp:featuredmedia":[{"embeddable":true,"href":"https:\/\/onesportmallorca.com\/en\/wp-json\/wp\/v2\/media\/145102"}],"wp:attachment":[{"href":"https:\/\/onesportmallorca.com\/en\/wp-json\/wp\/v2\/media?parent=145099"}],"wp:term":[{"taxonomy":"product_brand","embeddable":true,"href":"https:\/\/onesportmallorca.com\/en\/wp-json\/wp\/v2\/product_brand?post=145099"},{"taxonomy":"product_cat","embeddable":true,"href":"https:\/\/onesportmallorca.com\/en\/wp-json\/wp\/v2\/product_cat?post=145099"},{"taxonomy":"product_tag","embeddable":true,"href":"https:\/\/onesportmallorca.com\/en\/wp-json\/wp\/v2\/product_tag?post=145099"}],"curies":[{"name":"wp","href":"https:\/\/api.w.org\/{rel}","templated":true}]}}