{"id":144836,"date":"2026-02-23T19:53:10","date_gmt":"2026-02-23T18:53:10","guid":{"rendered":"https:\/\/onesportmallorca.com\/?post_type=product&#038;p=144836"},"modified":"2026-02-24T09:01:56","modified_gmt":"2026-02-24T08:01:56","slug":"chaleco-salomon-active-skin-4-unisex","status":"publish","type":"product","link":"https:\/\/onesportmallorca.com\/en\/producto\/chaleco-salomon-active-skin-4-unisex\/","title":{"rendered":"Chaleco Salomon ACTIVE SKIN 4 Unisex"},"content":{"rendered":"<p class=\"s-typo-body4\">Como pelda\u00f1o para que lleves tu trail running al siguiente nivel en distancias m\u00e1s cortas, nuestro Active Skin 4 actualizado ahora es a\u00fan m\u00e1s f\u00e1cil de usar y c\u00f3modo de llevar. Los tejidos siguen siendo igual de suaves y transpirables, el ajuste es ultraseguro y los bolsillos en el pecho renovados proporcionan un acceso sin esfuerzo a los bidones.<\/p>\n<ul class=\"s-typo-body4 s-list-disc s-pl-s\">\n<li>Ideal para:\u00a0Un solo d\u00eda<\/li>\n<li>Anchura de la bolsa:\u00a017 CM<\/li>\n<li>Profundidad de la bolsa:\u00a01 CM<\/li>\n<li>Volumen:\u00a04 L<\/li>\n<li>Peso por unidad:\u00a0195 G<\/li>\n<li>Peso incluidos los accesorios:\u00a0255 G<\/li>\n<li>Actividades:\u00a0Trail running<\/li>\n<li>Soluci\u00f3n de hidrataci\u00f3n incluida<\/li>\n<li>Descripci\u00f3n de tipo de producto (prendas y equipos):\u00a0Chaleco de running unisex con bidones incluidos<\/li>\n<\/ul>\n","protected":false},"excerpt":{"rendered":"<p>Como pelda\u00f1o para que lleves tu trail running al siguiente nivel en distancias m\u00e1s cortas, nuestro Active Skin 4 actualizado<\/p>\n","protected":false},"featured_media":144982,"template":"","meta":[],"product_brand":[7231],"product_cat":[7749,7985,5851],"product_tag":[],"class_list":{"0":"post-144836","1":"product","2":"type-product","3":"status-publish","4":"has-post-thumbnail","6":"product_brand-salomon","7":"product_cat-salomon-en","8":"product_cat-chaleco-en","9":"product_cat-complementos-2-en","11":"first","12":"instock","13":"taxable","14":"shipping-taxable","15":"purchasable","16":"product-type-variable","17":"has-default-attributes","18":"rtwpvg-product"},"supplier_id":null,"supplier_sku":"","barcode":null,"atum_controlled":true,"out_stock_date":null,"out_stock_threshold":null,"inheritable":true,"inbound_stock":null,"stock_on_hold":0,"sold_today":1,"sales_last_days":1,"reserved_stock":null,"customer_returns":null,"warehouse_damage":null,"lost_in_post":null,"other_logs":null,"out_stock_days":null,"lost_sales":0,"has_location":false,"update_date":"2026-03-28T12:01:49","atum_locations":[],"atum_stock_status":"instock","restock_status":false,"low_stock_amount":"","sales_update_date":null,"calc_backorders":null,"_links":{"self":[{"href":"https:\/\/onesportmallorca.com\/en\/wp-json\/wp\/v2\/product\/144836","targetHints":{"allow":["GET"]}}],"collection":[{"href":"https:\/\/onesportmallorca.com\/en\/wp-json\/wp\/v2\/product"}],"about":[{"href":"https:\/\/onesportmallorca.com\/en\/wp-json\/wp\/v2\/types\/product"}],"wp:featuredmedia":[{"embeddable":true,"href":"https:\/\/onesportmallorca.com\/en\/wp-json\/wp\/v2\/media\/144982"}],"wp:attachment":[{"href":"https:\/\/onesportmallorca.com\/en\/wp-json\/wp\/v2\/media?parent=144836"}],"wp:term":[{"taxonomy":"product_brand","embeddable":true,"href":"https:\/\/onesportmallorca.com\/en\/wp-json\/wp\/v2\/product_brand?post=144836"},{"taxonomy":"product_cat","embeddable":true,"href":"https:\/\/onesportmallorca.com\/en\/wp-json\/wp\/v2\/product_cat?post=144836"},{"taxonomy":"product_tag","embeddable":true,"href":"https:\/\/onesportmallorca.com\/en\/wp-json\/wp\/v2\/product_tag?post=144836"}],"curies":[{"name":"wp","href":"https:\/\/api.w.org\/{rel}","templated":true}]}}