{"id":144717,"date":"2026-02-23T15:49:17","date_gmt":"2026-02-23T14:49:17","guid":{"rendered":"https:\/\/onesportmallorca.com\/?post_type=product&#038;p=144717"},"modified":"2026-02-23T16:17:11","modified_gmt":"2026-02-23T15:17:11","slug":"calcetines-salomon-365-crew-unisex","status":"publish","type":"product","link":"https:\/\/onesportmallorca.com\/en\/producto\/calcetines-salomon-365-crew-unisex\/","title":{"rendered":"Calcetines Salomon 365 Crew Unisex"},"content":{"rendered":"<p class=\"s-typo-body4\">El 365 Crew est\u00e1 a medio camino entre la t\u00e9cnica y el estilo. Un calcet\u00edn de media ca\u00f1a de nailon supersuave para el d\u00eda a d\u00eda, con zonas ventiladas para ofrecer transpirabilidad, puente el\u00e1stico y ca\u00f1a c\u00f3moda; no se mueve por mucho que te muevas t\u00fa.<\/p>\n<ul class=\"s-typo-body4 s-list-disc s-pl-s\">\n<li>Peso por unidad:\u00a015 G<\/li>\n<li>Actividades:\u00a0Uso diario<\/li>\n<li>Descripci\u00f3n de tipo de producto (prendas y equipos):\u00a0Calcetines unisex<\/li>\n<\/ul>\n","protected":false},"excerpt":{"rendered":"<p>El 365 Crew est\u00e1 a medio camino entre la t\u00e9cnica y el estilo. Un calcet\u00edn de media ca\u00f1a de nailon<\/p>\n","protected":false},"featured_media":144665,"template":"","meta":[],"product_brand":[7231],"product_cat":[7749,2234],"product_tag":[],"class_list":{"0":"post-144717","1":"product","2":"type-product","3":"status-publish","4":"has-post-thumbnail","6":"product_brand-salomon","7":"product_cat-salomon-en","8":"product_cat-socks","10":"first","11":"instock","12":"taxable","13":"shipping-taxable","14":"purchasable","15":"product-type-variable","16":"has-default-attributes","17":"rtwpvg-product"},"supplier_id":null,"supplier_sku":"","barcode":null,"atum_controlled":true,"out_stock_date":null,"out_stock_threshold":null,"inheritable":true,"inbound_stock":null,"stock_on_hold":0,"sold_today":3,"sales_last_days":3,"reserved_stock":null,"customer_returns":null,"warehouse_damage":null,"lost_in_post":null,"other_logs":null,"out_stock_days":null,"lost_sales":0,"has_location":false,"update_date":"2026-03-17T17:49:25","atum_locations":[],"atum_stock_status":"outofstock","restock_status":false,"low_stock_amount":"","sales_update_date":"2025-10-16T09:43:25","calc_backorders":null,"_links":{"self":[{"href":"https:\/\/onesportmallorca.com\/en\/wp-json\/wp\/v2\/product\/144717","targetHints":{"allow":["GET"]}}],"collection":[{"href":"https:\/\/onesportmallorca.com\/en\/wp-json\/wp\/v2\/product"}],"about":[{"href":"https:\/\/onesportmallorca.com\/en\/wp-json\/wp\/v2\/types\/product"}],"wp:featuredmedia":[{"embeddable":true,"href":"https:\/\/onesportmallorca.com\/en\/wp-json\/wp\/v2\/media\/144665"}],"wp:attachment":[{"href":"https:\/\/onesportmallorca.com\/en\/wp-json\/wp\/v2\/media?parent=144717"}],"wp:term":[{"taxonomy":"product_brand","embeddable":true,"href":"https:\/\/onesportmallorca.com\/en\/wp-json\/wp\/v2\/product_brand?post=144717"},{"taxonomy":"product_cat","embeddable":true,"href":"https:\/\/onesportmallorca.com\/en\/wp-json\/wp\/v2\/product_cat?post=144717"},{"taxonomy":"product_tag","embeddable":true,"href":"https:\/\/onesportmallorca.com\/en\/wp-json\/wp\/v2\/product_tag?post=144717"}],"curies":[{"name":"wp","href":"https:\/\/api.w.org\/{rel}","templated":true}]}}