{"id":144602,"date":"2026-02-23T15:11:54","date_gmt":"2026-02-23T14:11:54","guid":{"rendered":"https:\/\/onesportmallorca.com\/?post_type=product&#038;p=144602"},"modified":"2026-02-23T15:39:27","modified_gmt":"2026-02-23T14:39:27","slug":"calcetines-salomon-aero-ankle-2-pack-unisex","status":"publish","type":"product","link":"https:\/\/onesportmallorca.com\/en\/producto\/calcetines-salomon-aero-ankle-2-pack-unisex\/","title":{"rendered":"Calcetines Salomon AERO Ankle 2-Pack Unisex"},"content":{"rendered":"<p class=\"s-typo-body4\">Dise\u00f1ado para convertirse en tu mejor elecci\u00f3n, el calcet\u00edn Aero Ankle (2 pares) incorpora todo lo que necesitas para todas tus carreras, desde las m\u00e1s sencillas hasta las de tempo e intervalos. Con una planta de punto de rizo para un confort duradero, polipropileno para evacuar la humedad y elasticidad justo donde la necesitas, solo tienes que atarte los cordones y salir ah\u00ed fuera.<\/p>\n<ul class=\"s-typo-body4 s-list-disc s-pl-s\">\n<li>Peso por unidad:\u00a015 G<\/li>\n<li>Actividades:\u00a0Running<\/li>\n<li>Descripci\u00f3n de tipo de producto (prendas y equipos):\u00a0Calcetines unisex<\/li>\n<\/ul>\n","protected":false},"excerpt":{"rendered":"<p>Dise\u00f1ado para convertirse en tu mejor elecci\u00f3n, el calcet\u00edn Aero Ankle (2 pares) incorpora todo lo que necesitas para todas<\/p>\n","protected":false},"featured_media":144668,"template":"","meta":[],"product_brand":[7231],"product_cat":[7749,2234],"product_tag":[],"class_list":{"0":"post-144602","1":"product","2":"type-product","3":"status-publish","4":"has-post-thumbnail","6":"product_brand-salomon","7":"product_cat-salomon-en","8":"product_cat-socks","10":"first","11":"instock","12":"taxable","13":"shipping-taxable","14":"purchasable","15":"product-type-variable","16":"has-default-attributes","17":"rtwpvg-product"},"supplier_id":null,"supplier_sku":"","barcode":null,"atum_controlled":true,"out_stock_date":null,"out_stock_threshold":null,"inheritable":true,"inbound_stock":null,"stock_on_hold":null,"sold_today":null,"sales_last_days":null,"reserved_stock":null,"customer_returns":null,"warehouse_damage":null,"lost_in_post":null,"other_logs":null,"out_stock_days":null,"lost_sales":null,"has_location":false,"update_date":"2026-02-23T14:39:33","atum_locations":[],"atum_stock_status":"outofstock","restock_status":false,"low_stock_amount":"","sales_update_date":"2025-10-16T09:43:24","calc_backorders":null,"_links":{"self":[{"href":"https:\/\/onesportmallorca.com\/en\/wp-json\/wp\/v2\/product\/144602","targetHints":{"allow":["GET"]}}],"collection":[{"href":"https:\/\/onesportmallorca.com\/en\/wp-json\/wp\/v2\/product"}],"about":[{"href":"https:\/\/onesportmallorca.com\/en\/wp-json\/wp\/v2\/types\/product"}],"wp:featuredmedia":[{"embeddable":true,"href":"https:\/\/onesportmallorca.com\/en\/wp-json\/wp\/v2\/media\/144668"}],"wp:attachment":[{"href":"https:\/\/onesportmallorca.com\/en\/wp-json\/wp\/v2\/media?parent=144602"}],"wp:term":[{"taxonomy":"product_brand","embeddable":true,"href":"https:\/\/onesportmallorca.com\/en\/wp-json\/wp\/v2\/product_brand?post=144602"},{"taxonomy":"product_cat","embeddable":true,"href":"https:\/\/onesportmallorca.com\/en\/wp-json\/wp\/v2\/product_cat?post=144602"},{"taxonomy":"product_tag","embeddable":true,"href":"https:\/\/onesportmallorca.com\/en\/wp-json\/wp\/v2\/product_tag?post=144602"}],"curies":[{"name":"wp","href":"https:\/\/api.w.org\/{rel}","templated":true}]}}