{"id":144323,"date":"2026-02-23T11:39:34","date_gmt":"2026-02-23T10:39:34","guid":{"rendered":"https:\/\/onesportmallorca.com\/?post_type=product&#038;p=144323"},"modified":"2026-02-23T12:30:46","modified_gmt":"2026-02-23T11:30:46","slug":"calcetines-salomon-everyday-lite-quarter-3-pack-unisex","status":"publish","type":"product","link":"https:\/\/onesportmallorca.com\/en\/producto\/calcetines-salomon-everyday-lite-quarter-3-pack-unisex\/","title":{"rendered":"Calcetines Salomon EVERYDAY LITE Quarter 3-PACK Unisex"},"content":{"rendered":"<p class=\"s-typo-body4\">El Everyday Lite Quater 3-Pack es una versi\u00f3n transpirable y ligera con una ca\u00f1a sin costuras y sujeci\u00f3n el\u00e1stica para una mayor comodidad durante todo el d\u00eda.<\/p>\n<ul class=\"s-typo-body4 s-list-disc s-pl-s\">\n<li>Peso por unidad:\u00a018 G<\/li>\n<li>Actividades:\u00a0Uso diario<\/li>\n<li>Descripci\u00f3n de tipo de producto (prendas y equipos):\u00a0Calcetines unisex<\/li>\n<\/ul>\n","protected":false},"excerpt":{"rendered":"<p><br data-mce-bogus=\"1\"><\/p>\n","protected":false},"featured_media":144345,"template":"","meta":[],"product_brand":[7231],"product_cat":[7749,2234],"product_tag":[],"class_list":{"0":"post-144323","1":"product","2":"type-product","3":"status-publish","4":"has-post-thumbnail","6":"product_brand-salomon","7":"product_cat-salomon-en","8":"product_cat-socks","10":"first","11":"instock","12":"taxable","13":"shipping-taxable","14":"purchasable","15":"product-type-variable","16":"has-default-attributes","17":"rtwpvg-product"},"supplier_id":null,"supplier_sku":"","barcode":null,"atum_controlled":true,"out_stock_date":null,"out_stock_threshold":null,"inheritable":true,"inbound_stock":null,"stock_on_hold":null,"sold_today":null,"sales_last_days":null,"reserved_stock":null,"customer_returns":null,"warehouse_damage":null,"lost_in_post":null,"other_logs":null,"out_stock_days":null,"lost_sales":null,"has_location":false,"update_date":"2026-02-23T11:08:22","atum_locations":[],"atum_stock_status":"instock","restock_status":false,"low_stock_amount":"","sales_update_date":"2025-10-16T09:43:16","calc_backorders":null,"_links":{"self":[{"href":"https:\/\/onesportmallorca.com\/en\/wp-json\/wp\/v2\/product\/144323","targetHints":{"allow":["GET"]}}],"collection":[{"href":"https:\/\/onesportmallorca.com\/en\/wp-json\/wp\/v2\/product"}],"about":[{"href":"https:\/\/onesportmallorca.com\/en\/wp-json\/wp\/v2\/types\/product"}],"wp:featuredmedia":[{"embeddable":true,"href":"https:\/\/onesportmallorca.com\/en\/wp-json\/wp\/v2\/media\/144345"}],"wp:attachment":[{"href":"https:\/\/onesportmallorca.com\/en\/wp-json\/wp\/v2\/media?parent=144323"}],"wp:term":[{"taxonomy":"product_brand","embeddable":true,"href":"https:\/\/onesportmallorca.com\/en\/wp-json\/wp\/v2\/product_brand?post=144323"},{"taxonomy":"product_cat","embeddable":true,"href":"https:\/\/onesportmallorca.com\/en\/wp-json\/wp\/v2\/product_cat?post=144323"},{"taxonomy":"product_tag","embeddable":true,"href":"https:\/\/onesportmallorca.com\/en\/wp-json\/wp\/v2\/product_tag?post=144323"}],"curies":[{"name":"wp","href":"https:\/\/api.w.org\/{rel}","templated":true}]}}