{"id":143270,"date":"2026-02-19T10:41:26","date_gmt":"2026-02-19T09:41:26","guid":{"rendered":"https:\/\/onesportmallorca.com\/?post_type=product&#038;p=143270"},"modified":"2026-02-19T11:45:42","modified_gmt":"2026-02-19T10:45:42","slug":"zapatilla-hoka-m-mafate-5-mineral-blue-washed-blue-1168722-mblw","status":"publish","type":"product","link":"https:\/\/onesportmallorca.com\/en\/producto\/zapatilla-hoka-m-mafate-5-mineral-blue-washed-blue-1168722-mblw\/","title":{"rendered":"Zapatilla Hoka M MAFATE 5 Mineral Blue \/ Washed Blue (1168722 MBLW)"},"content":{"rendered":"<h2 class=\"description__title\">The Rundown<\/h2>\n<div id=\"description-info\" class=\"description__info\">\n<div class=\"content\">\n<div class=\"js-short-description-expander short-description-expander short-description-expander--show\">\n<p id=\"short-description-full\" class=\"short-description-expander__full collapse show\">Amortiguaci\u00f3n mullida para terrenos duros. Las Mafate\u00a05, un producto estrella para el trail t\u00e9cnico, te llevan a\u00fan m\u00e1s lejos gracias a una amortiguaci\u00f3n y protecci\u00f3n \u00fanicas. Estas tenaces zapatilla de trail, con una resistencia pensada para recorrer kil\u00f3metros y kil\u00f3metros, te ayudan a mantener el control durante las largas distancias gracias a la tecnolog\u00eda Rocker Integrity y te protegen de las piedras del camino con las polainas opcionales en el tobillo. Las Mafate\u00a05 cuentan con una base construida sobre los tacos de tracci\u00f3n Vibram\u00ae Megagrip y est\u00e1n acabadas con una espuma suave con rebote bajo el pie y con espuma con absorci\u00f3n de impactos cerca de la suela. En una palabra: excelentes.<\/p>\n<p class=\"short-description-expander__full collapse show\">N.\u00ba de art\u00edculo 1168722<\/p>\n<\/div>\n<\/div>\n<div id=\"description-info-more-content\" class=\"product-description-view-more\">\n<div class=\"description-techspecs description-techspecs--bestfor\">\n<div class=\"description-techspecs__items collapsible-recommendations\">\n<div class=\"description-techspecs__item\"><strong>Uso<\/strong><br \/>\nTrail<\/div>\n<p><strong>Caracter\u00edsticas<\/strong>:<\/p>\n<ul>\n<li>Tecnolog\u00eda Rocker Integrity: MetaRocker\u2122 reforzado para pisar con estabilidad sobre terrenos irregulares<\/li>\n<li>Entresuela de doble densidad con una capa superior de espuma supercr\u00edtica<\/li>\n<li>Empeine el\u00e1stico y din\u00e1mico pendiente de patente<\/li>\n<li>Vibram\u00ae Megagrip con tecnolog\u00eda de tacos de tracci\u00f3n<\/li>\n<li>Empeine de punto envolvente con tratamiento antidesgaste<\/li>\n<li>Estructura de TPU<\/li>\n<li>Puntos de enganche para polainas<\/li>\n<li>Plantilla de primera calidad<\/li>\n<li>Tacos de 5 mm<\/li>\n<li>Detalles reflectantes<\/li>\n<\/ul>\n<\/div>\n<\/div>\n<\/div>\n<\/div>\n","protected":false},"excerpt":{"rendered":"<p>The Rundown Amortiguaci\u00f3n mullida para terrenos duros. Las Mafate\u00a05, un producto estrella para el trail t\u00e9cnico, te llevan a\u00fan m\u00e1s<\/p>\n","protected":false},"featured_media":143329,"template":"","meta":[],"product_brand":[7224],"product_cat":[6396,2240],"product_tag":[],"class_list":{"0":"post-143270","1":"product","2":"type-product","3":"status-publish","4":"has-post-thumbnail","6":"product_brand-hoka","7":"product_cat-hoka-en","8":"product_cat-footwear","10":"first","11":"instock","12":"taxable","13":"shipping-taxable","14":"purchasable","15":"product-type-variable","16":"has-default-attributes","17":"rtwpvg-product"},"supplier_id":null,"supplier_sku":"","barcode":null,"atum_controlled":true,"out_stock_date":null,"out_stock_threshold":null,"inheritable":true,"inbound_stock":null,"stock_on_hold":null,"sold_today":null,"sales_last_days":null,"reserved_stock":null,"customer_returns":null,"warehouse_damage":null,"lost_in_post":null,"other_logs":null,"out_stock_days":null,"lost_sales":null,"has_location":true,"update_date":"2026-02-19T10:45:45","atum_locations":[{"id":6282,"name":"Tienda Onesport","slug":"tienda_onesport"}],"atum_stock_status":"instock","restock_status":false,"low_stock_amount":"","sales_update_date":"2025-10-17T06:21:45","calc_backorders":null,"_links":{"self":[{"href":"https:\/\/onesportmallorca.com\/en\/wp-json\/wp\/v2\/product\/143270","targetHints":{"allow":["GET"]}}],"collection":[{"href":"https:\/\/onesportmallorca.com\/en\/wp-json\/wp\/v2\/product"}],"about":[{"href":"https:\/\/onesportmallorca.com\/en\/wp-json\/wp\/v2\/types\/product"}],"wp:featuredmedia":[{"embeddable":true,"href":"https:\/\/onesportmallorca.com\/en\/wp-json\/wp\/v2\/media\/143329"}],"wp:attachment":[{"href":"https:\/\/onesportmallorca.com\/en\/wp-json\/wp\/v2\/media?parent=143270"}],"wp:term":[{"taxonomy":"product_brand","embeddable":true,"href":"https:\/\/onesportmallorca.com\/en\/wp-json\/wp\/v2\/product_brand?post=143270"},{"taxonomy":"product_cat","embeddable":true,"href":"https:\/\/onesportmallorca.com\/en\/wp-json\/wp\/v2\/product_cat?post=143270"},{"taxonomy":"product_tag","embeddable":true,"href":"https:\/\/onesportmallorca.com\/en\/wp-json\/wp\/v2\/product_tag?post=143270"}],"curies":[{"name":"wp","href":"https:\/\/api.w.org\/{rel}","templated":true}]}}