{"id":143094,"date":"2026-02-11T19:09:49","date_gmt":"2026-02-11T18:09:49","guid":{"rendered":"https:\/\/onesportmallorca.com\/producto\/camiseta-adidas-tirantes-w-adi365-tecnica-climacool\/"},"modified":"2026-02-17T11:29:27","modified_gmt":"2026-02-17T10:29:27","slug":"camiseta-adidas-tirantes-w-adi365-tecnica-climacool","status":"publish","type":"product","link":"https:\/\/onesportmallorca.com\/en\/producto\/camiseta-adidas-tirantes-w-adi365-tecnica-climacool\/","title":{"rendered":"Camiseta Adidas Tirantes W Adi365 T\u00e9cnica CLIMACOOL"},"content":{"rendered":"<h3 class=\"description_subtitle__5h3_L\">Una camiseta de tirantes de running con Climacool para mantenerte fresca y seca zancada tras zancada.<\/h3>\n<p class=\"description_margin__cBW26\">Parte de una colecci\u00f3n creada para atletas que se dedican a su deporte y a su comunidad, la camiseta adi365 Climacool fue creada para infundir prop\u00f3sito y pasi\u00f3n kil\u00f3metro tras kil\u00f3metro. Fresca. Expulsa la humedad. Es perfecta. Climacool evacua y dispersa el sudor para mantener tu piel fresca y seca y rendir sin distracciones. Combinado con la elegante silueta sin mangas de este top, ayuda a enfocar con l\u00e1ser incluso a largas distancias. Sobresaliendo del dise\u00f1o minimalista, un logotipo de 3 barras se sit\u00faa en el pecho y 3 bandas flotantes en los laterales. Est\u00e1n dise\u00f1ados con un acabado reflectante para que brille tu orgullo adidas.<\/p>\n","protected":false},"excerpt":{"rendered":"<p>Una camiseta de tirantes de running con Climacool para mantenerte fresca y seca zancada tras zancada. Parte de una colecci\u00f3n<\/p>\n","protected":false},"featured_media":141573,"template":"","meta":[],"product_brand":[7193],"product_cat":[6405,2275],"product_tag":[],"class_list":{"0":"post-143094","1":"product","2":"type-product","3":"status-publish","4":"has-post-thumbnail","6":"product_brand-adidas","7":"product_cat-adidas-en","8":"product_cat-camiseta-en","10":"first","11":"instock","12":"taxable","13":"shipping-taxable","14":"purchasable","15":"product-type-variable","16":"has-default-attributes","17":"rtwpvg-product"},"supplier_id":null,"supplier_sku":"","barcode":null,"atum_controlled":true,"out_stock_date":null,"out_stock_threshold":null,"inheritable":true,"inbound_stock":null,"stock_on_hold":0,"sold_today":1,"sales_last_days":1,"reserved_stock":null,"customer_returns":null,"warehouse_damage":null,"lost_in_post":null,"other_logs":null,"out_stock_days":null,"lost_sales":0,"has_location":false,"update_date":"2026-04-08T14:30:27","atum_locations":[],"atum_stock_status":"instock","restock_status":false,"low_stock_amount":"","sales_update_date":null,"calc_backorders":null,"_links":{"self":[{"href":"https:\/\/onesportmallorca.com\/en\/wp-json\/wp\/v2\/product\/143094","targetHints":{"allow":["GET"]}}],"collection":[{"href":"https:\/\/onesportmallorca.com\/en\/wp-json\/wp\/v2\/product"}],"about":[{"href":"https:\/\/onesportmallorca.com\/en\/wp-json\/wp\/v2\/types\/product"}],"wp:featuredmedia":[{"embeddable":true,"href":"https:\/\/onesportmallorca.com\/en\/wp-json\/wp\/v2\/media\/141573"}],"wp:attachment":[{"href":"https:\/\/onesportmallorca.com\/en\/wp-json\/wp\/v2\/media?parent=143094"}],"wp:term":[{"taxonomy":"product_brand","embeddable":true,"href":"https:\/\/onesportmallorca.com\/en\/wp-json\/wp\/v2\/product_brand?post=143094"},{"taxonomy":"product_cat","embeddable":true,"href":"https:\/\/onesportmallorca.com\/en\/wp-json\/wp\/v2\/product_cat?post=143094"},{"taxonomy":"product_tag","embeddable":true,"href":"https:\/\/onesportmallorca.com\/en\/wp-json\/wp\/v2\/product_tag?post=143094"}],"curies":[{"name":"wp","href":"https:\/\/api.w.org\/{rel}","templated":true}]}}