{"id":142833,"date":"2026-02-16T16:18:47","date_gmt":"2026-02-16T15:18:47","guid":{"rendered":"https:\/\/onesportmallorca.com\/?post_type=product&#038;p=142833"},"modified":"2026-02-16T16:32:53","modified_gmt":"2026-02-16T15:32:53","slug":"sudadera-adidas-con-capucha-d4t-black-iy1119","status":"publish","type":"product","link":"https:\/\/onesportmallorca.com\/en\/producto\/sudadera-adidas-con-capucha-d4t-black-iy1119\/","title":{"rendered":"Sudadera Adidas con Capucha D4T Black (IY1119)"},"content":{"rendered":"<p>Entrena con estilo con esta sudadera con capucha . Dise\u00f1ada para una total amplitud de movimientos, esta sudadera con capucha de alto rendimiento te mantiene seco durante tus entrenamientos m\u00e1s intensos gracias a la tecnolog\u00eda AEROREADY. Un discreto logotipo a\u00f1ade un toque deportivo.<br \/>\nAl optar por materiales reciclados, somos capaces de reutilizar materiales que ya han sido creados, ayudando a reducir los residuos. Elegir materiales renovables tambi\u00e9n nos ayuda a reducir nuestra dependencia de recursos finitos. Nuestros productos fabricados con una mezcla de materiales reciclados y renovables contienen al menos un 70% de estos materiales.<\/p>\n","protected":false},"excerpt":{"rendered":"<p>Entrena con estilo con esta sudadera con capucha . Dise\u00f1ada para una total amplitud de movimientos, esta sudadera con capucha<\/p>\n","protected":false},"featured_media":142869,"template":"","meta":[],"product_brand":[7193],"product_cat":[6405,2244],"product_tag":[],"class_list":{"0":"post-142833","1":"product","2":"type-product","3":"status-publish","4":"has-post-thumbnail","6":"product_brand-adidas","7":"product_cat-adidas-en","8":"product_cat-jacket","10":"first","11":"instock","12":"taxable","13":"shipping-taxable","14":"purchasable","15":"product-type-variable","16":"has-default-attributes","17":"rtwpvg-product"},"supplier_id":null,"supplier_sku":"","barcode":null,"atum_controlled":true,"out_stock_date":null,"out_stock_threshold":null,"inheritable":true,"inbound_stock":null,"stock_on_hold":null,"sold_today":null,"sales_last_days":null,"reserved_stock":null,"customer_returns":null,"warehouse_damage":null,"lost_in_post":null,"other_logs":null,"out_stock_days":null,"lost_sales":null,"has_location":true,"update_date":"2026-02-16T15:32:55","atum_locations":[{"id":6282,"name":"Tienda Onesport","slug":"tienda_onesport"}],"atum_stock_status":"outofstock","restock_status":false,"low_stock_amount":"","sales_update_date":"2025-10-13T12:37:45","calc_backorders":null,"_links":{"self":[{"href":"https:\/\/onesportmallorca.com\/en\/wp-json\/wp\/v2\/product\/142833","targetHints":{"allow":["GET"]}}],"collection":[{"href":"https:\/\/onesportmallorca.com\/en\/wp-json\/wp\/v2\/product"}],"about":[{"href":"https:\/\/onesportmallorca.com\/en\/wp-json\/wp\/v2\/types\/product"}],"wp:featuredmedia":[{"embeddable":true,"href":"https:\/\/onesportmallorca.com\/en\/wp-json\/wp\/v2\/media\/142869"}],"wp:attachment":[{"href":"https:\/\/onesportmallorca.com\/en\/wp-json\/wp\/v2\/media?parent=142833"}],"wp:term":[{"taxonomy":"product_brand","embeddable":true,"href":"https:\/\/onesportmallorca.com\/en\/wp-json\/wp\/v2\/product_brand?post=142833"},{"taxonomy":"product_cat","embeddable":true,"href":"https:\/\/onesportmallorca.com\/en\/wp-json\/wp\/v2\/product_cat?post=142833"},{"taxonomy":"product_tag","embeddable":true,"href":"https:\/\/onesportmallorca.com\/en\/wp-json\/wp\/v2\/product_tag?post=142833"}],"curies":[{"name":"wp","href":"https:\/\/api.w.org\/{rel}","templated":true}]}}