{"id":142275,"date":"2026-02-16T11:00:28","date_gmt":"2026-02-16T10:00:28","guid":{"rendered":"https:\/\/onesportmallorca.com\/?post_type=product&#038;p=142275"},"modified":"2026-03-31T13:40:58","modified_gmt":"2026-03-31T11:40:58","slug":"legging-ditchil-traction-push-up-lg1065","status":"publish","type":"product","link":"https:\/\/onesportmallorca.com\/en\/producto\/legging-ditchil-traction-push-up-lg1065\/","title":{"rendered":"Legging Ditchil Traction Push Up (LG1065)"},"content":{"rendered":"<h2>Descripci\u00f3n del producto<\/h2>\n<p>El legging Traction se compone de un tejido adaptable y de secado r\u00e1pido.<\/p>\n<p>Adem\u00e1s, su cintura extra alta, sujeta la zona abdominal como ninguna otra,<\/p>\n<p>los bolsillos te dar\u00e1n versatilidad en su uso diario y su construcci\u00f3n de<\/p>\n<p><strong>Push Up<\/strong>,\u00a0mantendr\u00e1 los gl\u00fateos en una curva perfecta.<\/p>\n","protected":false},"excerpt":{"rendered":"<p>Descripci\u00f3n del producto El legging Traction se compone de un tejido adaptable y de secado r\u00e1pido. Adem\u00e1s, su cintura extra<\/p>\n","protected":false},"featured_media":142315,"template":"","meta":[],"product_brand":[7367],"product_cat":[7376,2258],"product_tag":[],"class_list":{"0":"post-142275","1":"product","2":"type-product","3":"status-publish","4":"has-post-thumbnail","6":"product_brand-ditchil","7":"product_cat-ditchil-en","8":"product_cat-mesh","10":"first","11":"instock","12":"taxable","13":"shipping-taxable","14":"purchasable","15":"product-type-variable","16":"has-default-attributes","17":"rtwpvg-product"},"supplier_id":null,"supplier_sku":"","barcode":null,"atum_controlled":true,"out_stock_date":null,"out_stock_threshold":null,"inheritable":true,"inbound_stock":null,"stock_on_hold":null,"sold_today":null,"sales_last_days":null,"reserved_stock":null,"customer_returns":null,"warehouse_damage":null,"lost_in_post":null,"other_logs":null,"out_stock_days":null,"lost_sales":null,"has_location":true,"update_date":"2026-03-31T11:40:59","atum_locations":[{"id":6282,"name":"Tienda Onesport","slug":"tienda_onesport"}],"atum_stock_status":"outofstock","restock_status":false,"low_stock_amount":"","sales_update_date":"2026-01-12T08:26:01","calc_backorders":null,"_links":{"self":[{"href":"https:\/\/onesportmallorca.com\/en\/wp-json\/wp\/v2\/product\/142275","targetHints":{"allow":["GET"]}}],"collection":[{"href":"https:\/\/onesportmallorca.com\/en\/wp-json\/wp\/v2\/product"}],"about":[{"href":"https:\/\/onesportmallorca.com\/en\/wp-json\/wp\/v2\/types\/product"}],"wp:featuredmedia":[{"embeddable":true,"href":"https:\/\/onesportmallorca.com\/en\/wp-json\/wp\/v2\/media\/142315"}],"wp:attachment":[{"href":"https:\/\/onesportmallorca.com\/en\/wp-json\/wp\/v2\/media?parent=142275"}],"wp:term":[{"taxonomy":"product_brand","embeddable":true,"href":"https:\/\/onesportmallorca.com\/en\/wp-json\/wp\/v2\/product_brand?post=142275"},{"taxonomy":"product_cat","embeddable":true,"href":"https:\/\/onesportmallorca.com\/en\/wp-json\/wp\/v2\/product_cat?post=142275"},{"taxonomy":"product_tag","embeddable":true,"href":"https:\/\/onesportmallorca.com\/en\/wp-json\/wp\/v2\/product_tag?post=142275"}],"curies":[{"name":"wp","href":"https:\/\/api.w.org\/{rel}","templated":true}]}}