{"id":141877,"date":"2026-02-12T18:00:43","date_gmt":"2026-02-12T17:00:43","guid":{"rendered":"https:\/\/onesportmallorca.com\/?post_type=product&#038;p=141877"},"modified":"2026-02-13T10:03:43","modified_gmt":"2026-02-13T09:03:43","slug":"calcetines-adidas-quarter-thinlight-sportswear-3p-white-white-black-jz0528","status":"publish","type":"product","link":"https:\/\/onesportmallorca.com\/en\/producto\/calcetines-adidas-quarter-thinlight-sportswear-3p-white-white-black-jz0528\/","title":{"rendered":"CALCETINES ADIDAS QUARTER THIN&#038;LIGHT SPORTSWEAR 3P White \/ White \/ Black (JZ0528)"},"content":{"rendered":"<h3 class=\"description_subtitle__5h3_L\">Ajuste y comodidad<\/h3>\n<p class=\"description_margin__cBW26\">Calcetines tobilleros THIN&amp;LIGHT SPORTSWEAR (3 PARES). Lucen la est\u00e9tica cl\u00e1sica de adidas que complementa cualquier atuendo deportivo. Su dise\u00f1o ligero de tejido fino consigue que apenas te des cuenta de que los llevas puestos. Integran un refuerzo en el arco plantar que maximiza la comodidad y el ajuste. El paquete incluye tres pares para que tengas diferentes opciones a lo largo de la semana. Cuenta con ellos para cualquier plan, ya sea deportivo o informal.<\/p>\n","protected":false},"excerpt":{"rendered":"<p>Ajuste y comodidad Calcetines tobilleros THIN&amp;LIGHT SPORTSWEAR (3 PARES). Lucen la est\u00e9tica cl\u00e1sica de adidas que complementa cualquier atuendo deportivo.<\/p>\n","protected":false},"featured_media":141895,"template":"","meta":[],"product_brand":[7193],"product_cat":[6405,2234],"product_tag":[],"class_list":{"0":"post-141877","1":"product","2":"type-product","3":"status-publish","4":"has-post-thumbnail","6":"product_brand-adidas","7":"product_cat-adidas-en","8":"product_cat-socks","10":"first","11":"instock","12":"taxable","13":"shipping-taxable","14":"purchasable","15":"product-type-variable","16":"has-default-attributes","17":"rtwpvg-product"},"supplier_id":null,"supplier_sku":"","barcode":null,"atum_controlled":true,"out_stock_date":null,"out_stock_threshold":null,"inheritable":true,"inbound_stock":null,"stock_on_hold":0,"sold_today":3,"sales_last_days":3,"reserved_stock":null,"customer_returns":null,"warehouse_damage":null,"lost_in_post":null,"other_logs":null,"out_stock_days":null,"lost_sales":0,"has_location":false,"update_date":"2026-03-19T16:25:06","atum_locations":[],"atum_stock_status":"instock","restock_status":false,"low_stock_amount":"","sales_update_date":"2025-01-22T04:46:17","calc_backorders":null,"_links":{"self":[{"href":"https:\/\/onesportmallorca.com\/en\/wp-json\/wp\/v2\/product\/141877","targetHints":{"allow":["GET"]}}],"collection":[{"href":"https:\/\/onesportmallorca.com\/en\/wp-json\/wp\/v2\/product"}],"about":[{"href":"https:\/\/onesportmallorca.com\/en\/wp-json\/wp\/v2\/types\/product"}],"wp:featuredmedia":[{"embeddable":true,"href":"https:\/\/onesportmallorca.com\/en\/wp-json\/wp\/v2\/media\/141895"}],"wp:attachment":[{"href":"https:\/\/onesportmallorca.com\/en\/wp-json\/wp\/v2\/media?parent=141877"}],"wp:term":[{"taxonomy":"product_brand","embeddable":true,"href":"https:\/\/onesportmallorca.com\/en\/wp-json\/wp\/v2\/product_brand?post=141877"},{"taxonomy":"product_cat","embeddable":true,"href":"https:\/\/onesportmallorca.com\/en\/wp-json\/wp\/v2\/product_cat?post=141877"},{"taxonomy":"product_tag","embeddable":true,"href":"https:\/\/onesportmallorca.com\/en\/wp-json\/wp\/v2\/product_tag?post=141877"}],"curies":[{"name":"wp","href":"https:\/\/api.w.org\/{rel}","templated":true}]}}