{"id":140206,"date":"2026-02-04T14:02:59","date_gmt":"2026-02-04T13:02:59","guid":{"rendered":"https:\/\/onesportmallorca.com\/?post_type=product&#038;p=140206"},"modified":"2026-02-04T14:33:14","modified_gmt":"2026-02-04T13:33:14","slug":"zapatillas-bullpadel-indiga-26v-blanco","status":"publish","type":"product","link":"https:\/\/onesportmallorca.com\/en\/producto\/zapatillas-bullpadel-indiga-26v-blanco\/","title":{"rendered":"Zapatillas Bullpadel INDIGA 26V Blanco"},"content":{"rendered":"<p>Este modelo de zapatilla es ideal para jugadores de nivel iniciaci\u00f3n o intermedio que buscan un calzado flexible, c\u00f3modo y con m\u00e1ximo agarre.<\/p>\n<p>Su suela de espiga pura garantiza una tracci\u00f3n excelente en cada movimiento, mientras que el tejido mesh altamente transpirable mantiene el pie fresco y ventilado durante todo el juego.<\/p>\n","protected":false},"excerpt":{"rendered":"<p>Este modelo de zapatilla es ideal para jugadores de nivel iniciaci\u00f3n o intermedio que buscan un calzado flexible, c\u00f3modo y<\/p>\n","protected":false},"featured_media":140227,"template":"","meta":[],"product_brand":[7211],"product_cat":[6414,2240],"product_tag":[],"class_list":{"0":"post-140206","1":"product","2":"type-product","3":"status-publish","4":"has-post-thumbnail","6":"product_brand-bullpadel","7":"product_cat-bullpadel-en","8":"product_cat-footwear","10":"first","11":"instock","12":"taxable","13":"shipping-taxable","14":"purchasable","15":"product-type-variable","16":"has-default-attributes","17":"rtwpvg-product"},"supplier_id":null,"supplier_sku":"","barcode":null,"atum_controlled":true,"out_stock_date":null,"out_stock_threshold":null,"inheritable":true,"inbound_stock":null,"stock_on_hold":0,"sold_today":2,"sales_last_days":2,"reserved_stock":null,"customer_returns":null,"warehouse_damage":null,"lost_in_post":null,"other_logs":null,"out_stock_days":null,"lost_sales":0,"has_location":true,"update_date":"2026-04-02T14:43:50","atum_locations":[{"id":5967,"name":"Shop Duva","slug":"shop_duva"}],"atum_stock_status":"outofstock","restock_status":false,"low_stock_amount":"","sales_update_date":"2025-03-27T12:02:44","calc_backorders":null,"_links":{"self":[{"href":"https:\/\/onesportmallorca.com\/en\/wp-json\/wp\/v2\/product\/140206","targetHints":{"allow":["GET"]}}],"collection":[{"href":"https:\/\/onesportmallorca.com\/en\/wp-json\/wp\/v2\/product"}],"about":[{"href":"https:\/\/onesportmallorca.com\/en\/wp-json\/wp\/v2\/types\/product"}],"wp:featuredmedia":[{"embeddable":true,"href":"https:\/\/onesportmallorca.com\/en\/wp-json\/wp\/v2\/media\/140227"}],"wp:attachment":[{"href":"https:\/\/onesportmallorca.com\/en\/wp-json\/wp\/v2\/media?parent=140206"}],"wp:term":[{"taxonomy":"product_brand","embeddable":true,"href":"https:\/\/onesportmallorca.com\/en\/wp-json\/wp\/v2\/product_brand?post=140206"},{"taxonomy":"product_cat","embeddable":true,"href":"https:\/\/onesportmallorca.com\/en\/wp-json\/wp\/v2\/product_cat?post=140206"},{"taxonomy":"product_tag","embeddable":true,"href":"https:\/\/onesportmallorca.com\/en\/wp-json\/wp\/v2\/product_tag?post=140206"}],"curies":[{"name":"wp","href":"https:\/\/api.w.org\/{rel}","templated":true}]}}