{"id":138605,"date":"2026-01-20T18:13:56","date_gmt":"2026-01-20T17:13:56","guid":{"rendered":"https:\/\/onesportmallorca.com\/?post_type=product&#038;p=138605"},"modified":"2026-02-24T09:50:24","modified_gmt":"2026-02-24T08:50:24","slug":"bermuda-joma-indoor-104506","status":"publish","type":"product","link":"https:\/\/onesportmallorca.com\/en\/producto\/bermuda-joma-indoor-104506\/","title":{"rendered":"Bermuda Joma Indoor (104506)"},"content":{"rendered":"<h3>Descripci\u00f3n<\/h3>\n<p>&nbsp;<\/p>\n<p>Bermudas para hombre, dise\u00f1adas especialmente para acompa\u00f1arte durante tus sesiones de gimnasio. Ofrecen un equilibrio ideal entre elasticidad, adaptabilidad y suavidad.<\/p>\n<p>Cuentan con aberturas laterales que favorecen la libertad de movimiento y una cintura el\u00e1stica con cordones planos interiores que aseguran un ajuste c\u00f3modo y personalizado. El troquelado por corte l\u00e1ser en zonas estrat\u00e9gicas mejora la ventilaci\u00f3n y ayuda a reducir la fricci\u00f3n, aumentando el confort durante la actividad.<\/p>\n<p>Incluyen un pr\u00e1ctico bolsillo lateral sin cremallera, ideal para llevar peque\u00f1os objetos como el m\u00f3vil sin perder movilidad ni comodidad.<\/p>\n<p>Confeccionadas en un tejido ligero, el\u00e1stico y confortable, estas bermudas est\u00e1n pensadas para ofrecerte una experiencia de entrenamiento m\u00e1s c\u00f3moda y funcional.<\/p>\n<p>Logotipo Joma y detalles personalizados en printing de goma.<\/p>\n<p>&nbsp;<\/p>\n","protected":false},"excerpt":{"rendered":"<h3>Caracter\u00edsticas<\/h3>\n<ul class=\"double-column\">\n<li>Cintura el\u00e1stica con cord\u00f3n interior plano<\/li>\n<li>Bolsillos laterales<\/li>\n<li>Tejido ligero y confortable<\/li>\n<li>Incluye sistema de ventilaci\u00f3n en las zonas de mayor sudoraci\u00f3n<\/li>\n<li>Costuras planas Flatlock<\/li>\n<li>Libertad de movimiento<\/li>\n<li>Tipo de ajuste: est\u00e1ndar<\/li>\n<li>80% Poliamida, 20% Spandex<\/li>\n<\/ul>\n","protected":false},"featured_media":138638,"template":"","meta":[],"product_brand":[7223],"product_cat":[6384,2679],"product_tag":[],"class_list":{"0":"post-138605","1":"product","2":"type-product","3":"status-publish","4":"has-post-thumbnail","6":"product_brand-joma","7":"product_cat-joma-en","8":"product_cat-pantalon-en","10":"first","11":"instock","12":"taxable","13":"shipping-taxable","14":"purchasable","15":"product-type-variable","16":"has-default-attributes","17":"rtwpvg-product"},"supplier_id":null,"supplier_sku":"","barcode":null,"atum_controlled":true,"out_stock_date":null,"out_stock_threshold":null,"inheritable":true,"inbound_stock":null,"stock_on_hold":0,"sold_today":0,"sales_last_days":1,"reserved_stock":null,"customer_returns":null,"warehouse_damage":null,"lost_in_post":null,"other_logs":null,"out_stock_days":null,"lost_sales":0,"has_location":true,"update_date":"2026-03-26T16:31:19","atum_locations":[{"id":6282,"name":"Tienda Onesport","slug":"tienda_onesport"}],"atum_stock_status":"instock","restock_status":false,"low_stock_amount":"","sales_update_date":"2026-01-12T08:26:13","calc_backorders":null,"_links":{"self":[{"href":"https:\/\/onesportmallorca.com\/en\/wp-json\/wp\/v2\/product\/138605","targetHints":{"allow":["GET"]}}],"collection":[{"href":"https:\/\/onesportmallorca.com\/en\/wp-json\/wp\/v2\/product"}],"about":[{"href":"https:\/\/onesportmallorca.com\/en\/wp-json\/wp\/v2\/types\/product"}],"wp:featuredmedia":[{"embeddable":true,"href":"https:\/\/onesportmallorca.com\/en\/wp-json\/wp\/v2\/media\/138638"}],"wp:attachment":[{"href":"https:\/\/onesportmallorca.com\/en\/wp-json\/wp\/v2\/media?parent=138605"}],"wp:term":[{"taxonomy":"product_brand","embeddable":true,"href":"https:\/\/onesportmallorca.com\/en\/wp-json\/wp\/v2\/product_brand?post=138605"},{"taxonomy":"product_cat","embeddable":true,"href":"https:\/\/onesportmallorca.com\/en\/wp-json\/wp\/v2\/product_cat?post=138605"},{"taxonomy":"product_tag","embeddable":true,"href":"https:\/\/onesportmallorca.com\/en\/wp-json\/wp\/v2\/product_tag?post=138605"}],"curies":[{"name":"wp","href":"https:\/\/api.w.org\/{rel}","templated":true}]}}