{"id":137708,"date":"2026-01-16T10:36:57","date_gmt":"2026-01-16T09:36:57","guid":{"rendered":"https:\/\/onesportmallorca.com\/?post_type=product&#038;p=137708"},"modified":"2026-01-16T10:55:15","modified_gmt":"2026-01-16T09:55:15","slug":"calcetines-adidas-clasicos-sportswear-3-p-white-white-black-jz0530","status":"publish","type":"product","link":"https:\/\/onesportmallorca.com\/en\/producto\/calcetines-adidas-clasicos-sportswear-3-p-white-white-black-jz0530\/","title":{"rendered":"CALCETINES ADIDAS CL\u00c1SICOS SPORTSWEAR 3P White \/ White \/ Black (JZ0530)"},"content":{"rendered":"<h3 class=\"description_subtitle__5h3_L\">Calcet\u00edn cl\u00e1sico con amortiguaci\u00f3n con refuerzo en el arco plantar para mayor comodidad.<\/h3>\n<p class=\"description_margin__cBW26\">Los calcetines cl\u00e1sicos acolchados Sportswear est\u00e1n dise\u00f1ados para quienes valoran la comodidad y el rendimiento. Estos calcetines est\u00e1n confeccionados para un corte ajustado y suave que favorezca un estilo de vida activo. Con una plantilla acolchada, estos calcetines son la opci\u00f3n perfecta, tanto si vas al gimnasio como si te dedicas a tus quehaceres diarios. El refuerzo en el arco plantar te ayuda a moverte libre y c\u00f3modamente. Sabemos que son las peque\u00f1as cosas de la vida las que marcan la diferencia. Con estos calcetines puedes salir con confianza y disfrutar de nuestro compromiso con la calidad y el estilo.<\/p>\n","protected":false},"excerpt":{"rendered":"<p>Calcet\u00edn cl\u00e1sico con amortiguaci\u00f3n con refuerzo en el arco plantar para mayor comodidad. Los calcetines cl\u00e1sicos acolchados Sportswear est\u00e1n dise\u00f1ados<\/p>\n","protected":false},"featured_media":137726,"template":"","meta":[],"product_brand":[7193],"product_cat":[6405,2234],"product_tag":[],"class_list":{"0":"post-137708","1":"product","2":"type-product","3":"status-publish","4":"has-post-thumbnail","6":"product_brand-adidas","7":"product_cat-adidas-en","8":"product_cat-socks","10":"first","11":"instock","12":"taxable","13":"shipping-taxable","14":"purchasable","15":"product-type-variable","16":"has-default-attributes","17":"rtwpvg-product"},"supplier_id":null,"supplier_sku":"","barcode":null,"atum_controlled":true,"out_stock_date":null,"out_stock_threshold":null,"inheritable":true,"inbound_stock":null,"stock_on_hold":0,"sold_today":3,"sales_last_days":3,"reserved_stock":null,"customer_returns":null,"warehouse_damage":null,"lost_in_post":null,"other_logs":null,"out_stock_days":null,"lost_sales":0,"has_location":false,"update_date":"2026-03-05T18:26:30","atum_locations":[],"atum_stock_status":"outofstock","restock_status":false,"low_stock_amount":"","sales_update_date":"2025-01-22T07:46:17","calc_backorders":null,"_links":{"self":[{"href":"https:\/\/onesportmallorca.com\/en\/wp-json\/wp\/v2\/product\/137708","targetHints":{"allow":["GET"]}}],"collection":[{"href":"https:\/\/onesportmallorca.com\/en\/wp-json\/wp\/v2\/product"}],"about":[{"href":"https:\/\/onesportmallorca.com\/en\/wp-json\/wp\/v2\/types\/product"}],"wp:featuredmedia":[{"embeddable":true,"href":"https:\/\/onesportmallorca.com\/en\/wp-json\/wp\/v2\/media\/137726"}],"wp:attachment":[{"href":"https:\/\/onesportmallorca.com\/en\/wp-json\/wp\/v2\/media?parent=137708"}],"wp:term":[{"taxonomy":"product_brand","embeddable":true,"href":"https:\/\/onesportmallorca.com\/en\/wp-json\/wp\/v2\/product_brand?post=137708"},{"taxonomy":"product_cat","embeddable":true,"href":"https:\/\/onesportmallorca.com\/en\/wp-json\/wp\/v2\/product_cat?post=137708"},{"taxonomy":"product_tag","embeddable":true,"href":"https:\/\/onesportmallorca.com\/en\/wp-json\/wp\/v2\/product_tag?post=137708"}],"curies":[{"name":"wp","href":"https:\/\/api.w.org\/{rel}","templated":true}]}}