{"id":137600,"date":"2026-01-16T09:17:40","date_gmt":"2026-01-16T08:17:40","guid":{"rendered":"https:\/\/onesportmallorca.com\/?post_type=product&#038;p=137600"},"modified":"2026-01-16T09:40:05","modified_gmt":"2026-01-16T08:40:05","slug":"calcetines-adidas-runxboost-purple-burst-lucid-orange-white-kd6994","status":"publish","type":"product","link":"https:\/\/onesportmallorca.com\/en\/producto\/calcetines-adidas-runxboost-purple-burst-lucid-orange-white-kd6994\/","title":{"rendered":"CALCETINES ADIDAS RUNXBOOST Purple Burst \/ Lucid Orange \/ White (KD6994)"},"content":{"rendered":"<div class=\"grid__item large--one-half\">\n<div class=\"product-description rte\">\n<p class=\"p1\"><span class=\"s1\">Disfruta del m\u00e1ximo confort en cada zancada con los calcetines de running Adidas RunxBoost.<\/span>\u00a0Dise\u00f1ados para corredores exigentes, incorporan una amortiguaci\u00f3n estrat\u00e9gica en relieve inspirada en la tecnolog\u00eda BOOST, para una pisada m\u00e1s c\u00f3moda y reactiva.<\/p>\n<p class=\"p1\">Su dise\u00f1o t\u00e9cnico incluye paneles de ventilaci\u00f3n en el arco plantar que favorecen la transpiraci\u00f3n, adem\u00e1s de la tecnolog\u00eda\u00a0<span class=\"s1\">FORMOTION<\/span>, que mejora la sujeci\u00f3n y acompa\u00f1a el movimiento natural del pie. La tecnolog\u00eda\u00a0<span class=\"s1\">CLIMACOOL<\/span>\u00a0mantiene tus pies frescos y secos incluso en las sesiones m\u00e1s intensas, gracias a tejidos que expulsan r\u00e1pidamente la humedad y se secan con rapidez.<\/p>\n<p class=\"p1\">Adem\u00e1s, est\u00e1n fabricados con al menos un 50% de materiales reciclados. Adidas apuesta por reducir residuos y la dependencia de recursos finitos, sin comprometer el rendimiento ni la calidad.<\/p>\n<\/div>\n<\/div>\n<div class=\"grid__item large--one-half\">\n<div class=\"product-description rte\">\n<h5>DETALLES CALCETINES ADIDAS RUNXBOOST<\/h5>\n<ul>\n<li>Largo cl\u00e1sico<\/li>\n<li>100% poliamida<\/li>\n<li>Paneles para una mayor ventilaci\u00f3n en el arco plantar<\/li>\n<li>Puntera y tal\u00f3n acolchados<\/li>\n<li>Tecnolog\u00edas CLIMACOOL y FORMOTION<\/li>\n<li class=\"gl-vspace-bpall-small\">Contienen al menos un 50% de material reciclado<\/li>\n<li>Dise\u00f1o espec\u00edfico para el pie izquierdo y el derecho<\/li>\n<li>Referencia: KD6994<\/li>\n<\/ul>\n<h4 class=\"gl-no-margin-bottom\">INSTRUCCIONES DE LAVADO:<\/h4>\n<section class=\"content-item___1H95n content-visibility-auto full-width-never___3cg9Q overflow___jMM_g visible___2mOxe\">\n<div id=\"navigation-target-care\">\n<div class=\"care___1uC8v\">\n<div class=\"care-instructions___2VxDM\">\n<ul class=\"\">\n<li class=\"gl-vspace-bpall-small\">No usar lej\u00eda<\/li>\n<li class=\"gl-vspace-bpall-small\">No usar secadora<\/li>\n<li class=\"gl-vspace-bpall-small\">No lavar en seco<\/li>\n<li class=\"gl-vspace-bpall-small\">No planchar<\/li>\n<li class=\"gl-vspace-bpall-small\">Lavar a m\u00e1quina en agua fr\u00eda<\/li>\n<\/ul>\n<\/div>\n<\/div>\n<\/div>\n<\/section>\n<\/div>\n<\/div>\n","protected":false},"excerpt":{"rendered":"<ul>\n<li>Tecnolog\u00eda CLIMACOOL que mantiene los pies secos.<\/li>\n<li>Puntera y tal\u00f3n acolchados.<\/li>\n<li>Transpirables y amortiguados.<\/li>\n<li>Tecnolog\u00eda FORMOTION para mayor sujeci\u00f3n.<\/li>\n<\/ul>\n","protected":false},"featured_media":137570,"template":"","meta":[],"product_brand":[7193],"product_cat":[6405,2234],"product_tag":[],"class_list":{"0":"post-137600","1":"product","2":"type-product","3":"status-publish","4":"has-post-thumbnail","6":"product_brand-adidas","7":"product_cat-adidas-en","8":"product_cat-socks","10":"first","11":"instock","12":"taxable","13":"shipping-taxable","14":"purchasable","15":"product-type-variable","16":"has-default-attributes","17":"rtwpvg-product"},"supplier_id":null,"supplier_sku":"","barcode":null,"atum_controlled":true,"out_stock_date":null,"out_stock_threshold":null,"inheritable":true,"inbound_stock":null,"stock_on_hold":0,"sold_today":2,"sales_last_days":2,"reserved_stock":null,"customer_returns":null,"warehouse_damage":null,"lost_in_post":null,"other_logs":null,"out_stock_days":null,"lost_sales":0,"has_location":false,"update_date":"2026-01-27T15:49:37","atum_locations":[],"atum_stock_status":"outofstock","restock_status":false,"low_stock_amount":"","sales_update_date":"2025-01-22T08:46:17","calc_backorders":null,"_links":{"self":[{"href":"https:\/\/onesportmallorca.com\/en\/wp-json\/wp\/v2\/product\/137600","targetHints":{"allow":["GET"]}}],"collection":[{"href":"https:\/\/onesportmallorca.com\/en\/wp-json\/wp\/v2\/product"}],"about":[{"href":"https:\/\/onesportmallorca.com\/en\/wp-json\/wp\/v2\/types\/product"}],"wp:featuredmedia":[{"embeddable":true,"href":"https:\/\/onesportmallorca.com\/en\/wp-json\/wp\/v2\/media\/137570"}],"wp:attachment":[{"href":"https:\/\/onesportmallorca.com\/en\/wp-json\/wp\/v2\/media?parent=137600"}],"wp:term":[{"taxonomy":"product_brand","embeddable":true,"href":"https:\/\/onesportmallorca.com\/en\/wp-json\/wp\/v2\/product_brand?post=137600"},{"taxonomy":"product_cat","embeddable":true,"href":"https:\/\/onesportmallorca.com\/en\/wp-json\/wp\/v2\/product_cat?post=137600"},{"taxonomy":"product_tag","embeddable":true,"href":"https:\/\/onesportmallorca.com\/en\/wp-json\/wp\/v2\/product_tag?post=137600"}],"curies":[{"name":"wp","href":"https:\/\/api.w.org\/{rel}","templated":true}]}}