{"id":137182,"date":"2026-01-15T19:50:59","date_gmt":"2026-01-15T18:50:59","guid":{"rendered":"https:\/\/onesportmallorca.com\/?post_type=product&#038;p=137182"},"modified":"2026-01-15T20:21:08","modified_gmt":"2026-01-15T19:21:08","slug":"zapatillas-adidas-adizero-evo-sl-w-cloud-white-core-black-cloud-white-jh6208","status":"publish","type":"product","link":"https:\/\/onesportmallorca.com\/en\/producto\/zapatillas-adidas-adizero-evo-sl-w-cloud-white-core-black-cloud-white-jh6208\/","title":{"rendered":"Zapatillas Adidas Adizero EVO SL W Cloud White \/ Core Black \/ Cloud White (JH6208)"},"content":{"rendered":"<h3 class=\"description_subtitle__5h3_L\">Una zapatilla inspirada en la velocidad dise\u00f1ada para que aceleres sin l\u00edmites<\/h3>\n<p class=\"description_margin__cBW26\">Alcanza nuevas velocidades con la Adizero Evo SL. Inspirada en los innovadores dise\u00f1os de running de la colecci\u00f3n Adizero y, m\u00e1s concretamente, en la zapatilla Pro Evo 1, la Evo SL est\u00e1 pensada para que corras con ella, o no. Combinando la tecnolog\u00eda Adizero con un look atrevido y exclusivo que evoca la est\u00e9tica de competici\u00f3n, esta silueta integra la rapidez en todos los aspectos de la vida. La mediasuela de espuma LIGHTSTRIKE PRO proporciona mayor respuesta, amortiguaci\u00f3n y comodidad a tu zancada para conseguir un retorno de energ\u00eda excepcional.<\/p>\n","protected":false},"excerpt":{"rendered":"<p>Una zapatilla inspirada en la velocidad dise\u00f1ada para que aceleres sin l\u00edmites Alcanza nuevas velocidades con la Adizero Evo SL.<\/p>\n","protected":false},"featured_media":137242,"template":"","meta":[],"product_brand":[7193],"product_cat":[2240],"product_tag":[],"class_list":{"0":"post-137182","1":"product","2":"type-product","3":"status-publish","4":"has-post-thumbnail","6":"product_brand-adidas","7":"product_cat-footwear","9":"first","10":"instock","11":"taxable","12":"shipping-taxable","13":"purchasable","14":"product-type-variable","15":"has-default-attributes","16":"rtwpvg-product"},"supplier_id":null,"supplier_sku":"","barcode":null,"atum_controlled":true,"out_stock_date":null,"out_stock_threshold":null,"inheritable":true,"inbound_stock":null,"stock_on_hold":0,"sold_today":1,"sales_last_days":1,"reserved_stock":null,"customer_returns":null,"warehouse_damage":null,"lost_in_post":null,"other_logs":null,"out_stock_days":null,"lost_sales":0,"has_location":false,"update_date":"2026-02-09T17:11:49","atum_locations":[],"atum_stock_status":"outofstock","restock_status":false,"low_stock_amount":"","sales_update_date":"2026-01-12T08:25:58","calc_backorders":null,"_links":{"self":[{"href":"https:\/\/onesportmallorca.com\/en\/wp-json\/wp\/v2\/product\/137182","targetHints":{"allow":["GET"]}}],"collection":[{"href":"https:\/\/onesportmallorca.com\/en\/wp-json\/wp\/v2\/product"}],"about":[{"href":"https:\/\/onesportmallorca.com\/en\/wp-json\/wp\/v2\/types\/product"}],"wp:featuredmedia":[{"embeddable":true,"href":"https:\/\/onesportmallorca.com\/en\/wp-json\/wp\/v2\/media\/137242"}],"wp:attachment":[{"href":"https:\/\/onesportmallorca.com\/en\/wp-json\/wp\/v2\/media?parent=137182"}],"wp:term":[{"taxonomy":"product_brand","embeddable":true,"href":"https:\/\/onesportmallorca.com\/en\/wp-json\/wp\/v2\/product_brand?post=137182"},{"taxonomy":"product_cat","embeddable":true,"href":"https:\/\/onesportmallorca.com\/en\/wp-json\/wp\/v2\/product_cat?post=137182"},{"taxonomy":"product_tag","embeddable":true,"href":"https:\/\/onesportmallorca.com\/en\/wp-json\/wp\/v2\/product_tag?post=137182"}],"curies":[{"name":"wp","href":"https:\/\/api.w.org\/{rel}","templated":true}]}}