{"id":137006,"date":"2026-01-15T18:47:10","date_gmt":"2026-01-15T17:47:10","guid":{"rendered":"https:\/\/onesportmallorca.com\/?post_type=product&#038;p=137006"},"modified":"2026-01-15T19:01:20","modified_gmt":"2026-01-15T18:01:20","slug":"zapatillas-adidas-adizero-boston-13-m-chalk-white-js4947-copia","status":"publish","type":"product","link":"https:\/\/onesportmallorca.com\/en\/producto\/zapatillas-adidas-adizero-boston-13-m-chalk-white-js4947-copia\/","title":{"rendered":"Zapatillas Adidas Adizero Boston 13 M Off White \/ Lucid Orange \/ Grey (JP9252)"},"content":{"rendered":"<h3 class=\"description_subtitle__5h3_L\">Zapatillas con amortiguaci\u00f3n ultraligera para llevar tu velocidad al siguiente nivel.<\/h3>\n<p class=\"description_margin__cBW26\">Zapatilla Adizero Boston 13 est\u00e1n pensadas para quienes buscan velocidad y precisi\u00f3n sobre el asfalto. El empeine de malla ligera ofrece sujeci\u00f3n y transpirabilidad para que tus pies se mantengan frescos y c\u00f3modos mientras superas tus l\u00edmites. Siente la energ\u00eda de las tecnolog\u00edas Lightstrike y LightstrikePro, combinadas con las Energyrods 2.0 de fibra de vidrio. La ligereza es sin\u00f3nimo de velocidad. La tecnolog\u00eda LightstrikePro de adidas brinda una amortiguaci\u00f3n superligera y un retorno de energ\u00eda que impulsa tus movimientos. La combinaci\u00f3n de estas tecnolog\u00edas da como resultado una experiencia de zancada suave, ligera y potente que se siente de la punta del pie hasta el tal\u00f3n. La suela Lighttraxion y el compuesto de caucho Continental\u2122 en la puntera proporcionan un peso reducido y una tracci\u00f3n fiable, haciendo que cada paso parezca sin esfuerzo. Tanto si entrenas para una marat\u00f3n como si disfrutas de una carrera matutina, esta zapatilla est\u00e1 dise\u00f1ada para favorecer tu rendimiento. Dise\u00f1ada para un entrenamiento mixto y un rendimiento vers\u00e1til.<\/p>\n<p>&nbsp;<\/p>\n<ul class=\"gl-list vertical-space-small\">\n<li class=\"vertical-space-small\">Horma cl\u00e1sica<\/li>\n<li class=\"vertical-space-small\">Cordones<\/li>\n<li class=\"vertical-space-small\">Empeine textil<\/li>\n<li class=\"vertical-space-small\">Plantilla textil<\/li>\n<li class=\"vertical-space-small\">Mediasuela LIGHTSTRIKEPRO<\/li>\n<li class=\"vertical-space-small\">Amortiguaci\u00f3n LIGHTSTRIKE<\/li>\n<\/ul>\n<ul class=\"gl-list vertical-space-small\">\n<li class=\"vertical-space-small\">Peso: 260 g<\/li>\n<li class=\"vertical-space-small\">Drop de la mediasuela: 6 mm (tal\u00f3n: 36 mm, antepi\u00e9: 30 mm)<\/li>\n<li class=\"vertical-space-small\">suela de caucho Continental\u2122<\/li>\n<li class=\"vertical-space-small\">Color del art\u00edculo: Off White \/ Lucid Orange \/ Grey<\/li>\n<li class=\"vertical-space-small\">N\u00famero de art\u00edculo: JP9252<\/li>\n<\/ul>\n","protected":false},"excerpt":{"rendered":"<p>Zapatillas con amortiguaci\u00f3n ultraligera para llevar tu velocidad al siguiente nivel. Zapatilla Adizero Boston 13 est\u00e1n pensadas para quienes buscan<\/p>\n","protected":false},"featured_media":137048,"template":"","meta":[],"product_brand":[7193],"product_cat":[2240],"product_tag":[],"class_list":{"0":"post-137006","1":"product","2":"type-product","3":"status-publish","4":"has-post-thumbnail","6":"product_brand-adidas","7":"product_cat-footwear","9":"first","10":"instock","11":"taxable","12":"shipping-taxable","13":"purchasable","14":"product-type-variable","15":"has-default-attributes","16":"rtwpvg-product"},"supplier_id":null,"supplier_sku":"","barcode":null,"atum_controlled":true,"out_stock_date":null,"out_stock_threshold":null,"inheritable":true,"inbound_stock":null,"stock_on_hold":null,"sold_today":null,"sales_last_days":null,"reserved_stock":null,"customer_returns":null,"warehouse_damage":null,"lost_in_post":null,"other_logs":null,"out_stock_days":null,"lost_sales":null,"has_location":false,"update_date":"2026-01-15T18:01:22","atum_locations":[],"atum_stock_status":"outofstock","restock_status":false,"low_stock_amount":"","sales_update_date":"2025-12-10T10:21:31","calc_backorders":null,"_links":{"self":[{"href":"https:\/\/onesportmallorca.com\/en\/wp-json\/wp\/v2\/product\/137006","targetHints":{"allow":["GET"]}}],"collection":[{"href":"https:\/\/onesportmallorca.com\/en\/wp-json\/wp\/v2\/product"}],"about":[{"href":"https:\/\/onesportmallorca.com\/en\/wp-json\/wp\/v2\/types\/product"}],"wp:featuredmedia":[{"embeddable":true,"href":"https:\/\/onesportmallorca.com\/en\/wp-json\/wp\/v2\/media\/137048"}],"wp:attachment":[{"href":"https:\/\/onesportmallorca.com\/en\/wp-json\/wp\/v2\/media?parent=137006"}],"wp:term":[{"taxonomy":"product_brand","embeddable":true,"href":"https:\/\/onesportmallorca.com\/en\/wp-json\/wp\/v2\/product_brand?post=137006"},{"taxonomy":"product_cat","embeddable":true,"href":"https:\/\/onesportmallorca.com\/en\/wp-json\/wp\/v2\/product_cat?post=137006"},{"taxonomy":"product_tag","embeddable":true,"href":"https:\/\/onesportmallorca.com\/en\/wp-json\/wp\/v2\/product_tag?post=137006"}],"curies":[{"name":"wp","href":"https:\/\/api.w.org\/{rel}","templated":true}]}}