{"id":132420,"date":"2025-12-18T20:15:32","date_gmt":"2025-12-18T19:15:32","guid":{"rendered":"https:\/\/onesportmallorca.com\/?post_type=product&#038;p=132420"},"modified":"2026-01-13T14:32:25","modified_gmt":"2026-01-13T13:32:25","slug":"zapatillas-adidas-adizero-evo-sl-cloud-white-core-black-cloud-white-jh6206","status":"publish","type":"product","link":"https:\/\/onesportmallorca.com\/en\/producto\/zapatillas-adidas-adizero-evo-sl-cloud-white-core-black-cloud-white-jh6206\/","title":{"rendered":"Zapatillas Adidas Adizero EVO SL Cloud White \/ Core Black \/ Cloud White (JH6206)"},"content":{"rendered":"<div class=\"product-name\">\n<h3 class=\"description_subtitle__5h3_L\">ADIZERO. M\u00c1S VELOZ<\/h3>\n<p class=\"description_margin__cBW26\">Alcanza nuevas velocidades con la Adizero Evo SL. Inspirada en los innovadores dise\u00f1os de running de la colecci\u00f3n Adizero y, m\u00e1s concretamente, en la Pro Evo 1, la Evo SL est\u00e1 pensada para que corras con ella, o no. Combinando la tecnolog\u00eda Adizero con un look atrevido y exclusivo que evoca la est\u00e9tica de competici\u00f3n, esta silueta integra la rapidez en todos los aspectos de la vida. La mediasuela de espuma LIGHTSTRIKE PRO proporciona mayor respuesta, amortiguaci\u00f3n y comodidad a tu zancada para conseguir un retorno de energ\u00eda excepcional.<\/p>\n<\/div>\n","protected":false},"excerpt":{"rendered":"<p>ADIZERO. M\u00c1S VELOZ Alcanza nuevas velocidades con la Adizero Evo SL. Inspirada en los innovadores dise\u00f1os de running de la<\/p>\n","protected":false},"featured_media":132436,"template":"","meta":[],"product_brand":[7193],"product_cat":[2240],"product_tag":[],"class_list":{"0":"post-132420","1":"product","2":"type-product","3":"status-publish","4":"has-post-thumbnail","6":"product_brand-adidas","7":"product_cat-footwear","9":"first","10":"instock","11":"taxable","12":"shipping-taxable","13":"purchasable","14":"product-type-variable","15":"rtwpvg-product"},"supplier_id":null,"supplier_sku":"","barcode":null,"atum_controlled":true,"out_stock_date":null,"out_stock_threshold":null,"inheritable":true,"inbound_stock":0,"stock_on_hold":0,"sold_today":2,"sales_last_days":2,"reserved_stock":0,"customer_returns":0,"warehouse_damage":0,"lost_in_post":0,"other_logs":0,"out_stock_days":null,"lost_sales":0,"has_location":false,"update_date":"2026-01-13T18:15:47","atum_locations":[],"atum_stock_status":"instock","restock_status":false,"low_stock_amount":"","sales_update_date":"2026-01-12T09:25:58","calc_backorders":null,"_links":{"self":[{"href":"https:\/\/onesportmallorca.com\/en\/wp-json\/wp\/v2\/product\/132420","targetHints":{"allow":["GET"]}}],"collection":[{"href":"https:\/\/onesportmallorca.com\/en\/wp-json\/wp\/v2\/product"}],"about":[{"href":"https:\/\/onesportmallorca.com\/en\/wp-json\/wp\/v2\/types\/product"}],"wp:featuredmedia":[{"embeddable":true,"href":"https:\/\/onesportmallorca.com\/en\/wp-json\/wp\/v2\/media\/132436"}],"wp:attachment":[{"href":"https:\/\/onesportmallorca.com\/en\/wp-json\/wp\/v2\/media?parent=132420"}],"wp:term":[{"taxonomy":"product_brand","embeddable":true,"href":"https:\/\/onesportmallorca.com\/en\/wp-json\/wp\/v2\/product_brand?post=132420"},{"taxonomy":"product_cat","embeddable":true,"href":"https:\/\/onesportmallorca.com\/en\/wp-json\/wp\/v2\/product_cat?post=132420"},{"taxonomy":"product_tag","embeddable":true,"href":"https:\/\/onesportmallorca.com\/en\/wp-json\/wp\/v2\/product_tag?post=132420"}],"curies":[{"name":"wp","href":"https:\/\/api.w.org\/{rel}","templated":true}]}}