{"id":132377,"date":"2025-12-18T19:32:26","date_gmt":"2025-12-18T18:32:26","guid":{"rendered":"https:\/\/onesportmallorca.com\/?post_type=product&#038;p=132377"},"modified":"2026-02-16T11:58:09","modified_gmt":"2026-02-16T10:58:09","slug":"guantes-adidas-terrex-gore-tex-over-the-cuff","status":"publish","type":"product","link":"https:\/\/onesportmallorca.com\/en\/producto\/guantes-adidas-terrex-gore-tex-over-the-cuff\/","title":{"rendered":"Guantes Adidas Terrex Gore-Tex Over the Cuff"},"content":{"rendered":"<p>Manos calientes y secas para disfrutar del d\u00eda. Dise\u00f1ados con un amplio fuelle para ajustarse encima de las mu\u00f1ecas cuando llevas una chaqueta, estos guantes de esqu\u00ed Terrex est\u00e1n equipados con la tecnolog\u00eda GORE-TEX impermeable y transpirable para mantener tus manos c\u00f3modamente secas. La tecnolog\u00eda adidas COLD.RDY retiene el calor para que puedas concentrarte en tus giros. Los lazos en las mu\u00f1ecas evitan que se caigan cuando manejas hebillas y cremalleras o consultas tu tel\u00e9fono. Dise\u00f1ado a partir de materiales reciclados, y conteniendo un 70 % m\u00ednimo de materiales reciclados, este producto es solo una de nuestras soluciones para luchar contra los residuos pl\u00e1sticos.<\/p>\n","protected":false},"excerpt":{"rendered":"<p>Manos calientes y secas para disfrutar del d\u00eda. Dise\u00f1ados con un amplio fuelle para ajustarse encima de las mu\u00f1ecas cuando<\/p>\n","protected":false},"featured_media":132399,"template":"","meta":[],"product_brand":[7193],"product_cat":[2254],"product_tag":[],"class_list":{"0":"post-132377","1":"product","2":"type-product","3":"status-publish","4":"has-post-thumbnail","6":"product_brand-adidas","7":"product_cat-gloves","9":"first","10":"outofstock","11":"taxable","12":"shipping-taxable","13":"purchasable","14":"product-type-variable","15":"rtwpvg-product"},"supplier_id":null,"supplier_sku":"","barcode":null,"atum_controlled":true,"out_stock_date":null,"out_stock_threshold":null,"inheritable":true,"inbound_stock":0,"stock_on_hold":0,"sold_today":null,"sales_last_days":null,"reserved_stock":0,"customer_returns":0,"warehouse_damage":0,"lost_in_post":0,"other_logs":0,"out_stock_days":null,"lost_sales":null,"has_location":true,"update_date":"2026-02-16T10:58:12","atum_locations":[{"id":6282,"name":"Tienda Onesport","slug":"tienda_onesport"}],"atum_stock_status":"outofstock","restock_status":false,"low_stock_amount":"","sales_update_date":"2026-01-12T09:26:01","calc_backorders":null,"_links":{"self":[{"href":"https:\/\/onesportmallorca.com\/en\/wp-json\/wp\/v2\/product\/132377","targetHints":{"allow":["GET"]}}],"collection":[{"href":"https:\/\/onesportmallorca.com\/en\/wp-json\/wp\/v2\/product"}],"about":[{"href":"https:\/\/onesportmallorca.com\/en\/wp-json\/wp\/v2\/types\/product"}],"wp:featuredmedia":[{"embeddable":true,"href":"https:\/\/onesportmallorca.com\/en\/wp-json\/wp\/v2\/media\/132399"}],"wp:attachment":[{"href":"https:\/\/onesportmallorca.com\/en\/wp-json\/wp\/v2\/media?parent=132377"}],"wp:term":[{"taxonomy":"product_brand","embeddable":true,"href":"https:\/\/onesportmallorca.com\/en\/wp-json\/wp\/v2\/product_brand?post=132377"},{"taxonomy":"product_cat","embeddable":true,"href":"https:\/\/onesportmallorca.com\/en\/wp-json\/wp\/v2\/product_cat?post=132377"},{"taxonomy":"product_tag","embeddable":true,"href":"https:\/\/onesportmallorca.com\/en\/wp-json\/wp\/v2\/product_tag?post=132377"}],"curies":[{"name":"wp","href":"https:\/\/api.w.org\/{rel}","templated":true}]}}