{"id":123324,"date":"2025-10-02T14:08:34","date_gmt":"2025-10-02T12:08:34","guid":{"rendered":"https:\/\/onesportmallorca.com\/?post_type=product&#038;p=123324"},"modified":"2025-10-02T14:12:03","modified_gmt":"2025-10-02T12:12:03","slug":"pala-bullpadel-xplo-26","status":"publish","type":"product","link":"https:\/\/onesportmallorca.com\/en\/producto\/pala-bullpadel-xplo-26\/","title":{"rendered":"Pala Bullpadel XPLO 26"},"content":{"rendered":"<p><strong>XPLO<\/strong>, la pala m\u00e1s potente en la historia de Bullpadel. Dise\u00f1ada para llevar a Mart\u00edn Di Nenno a la cima, la\u00a0<strong>XPLO<\/strong>\u00a0te permitir\u00e1 sentir una explosi\u00f3n de poder en cada golpe. Redefine tu concepto de potencia con las tecnolog\u00edas espec\u00edficas del Bullpadel-Lab y domina la pista con total autoridad.<\/p>\n<p>Aviso: Bullpadel no se responsabiliza de los posibles da\u00f1os en la pista causados por la incre\u00edble potencia de tus golpes.<\/p>\n<p>Tecnolog\u00edas: Geometric Shape, Geometric Core, Hexature, Air Power, Wave System, Custom Weight, Ease Vibe, Smart Holes ,3D Grain, Hesacore, Vibradrive, X-Tend Carbon 12k, Multieva,Carbon Tube.<\/p>\n<p>\u2022 Peso aprox: 365-375 grs.<\/p>\n<p>\u2022 Perfil: 38mm.<\/p>\n<p>\u2022 Balance: \u2248 26.5<\/p>\n<p>\u2022 Superficie de juego: 535 cm\u00b2<\/p>\n<p>\u2022 Forma: Geom\u00e9trica<\/p>\n<p>\u2022 Comp. Exterior: Xtend &#8211; Carbon 12K.<\/p>\n<p>\u2022 Comp. Interior: Multieva.<\/p>\n<p>\u2022 Acabado rugoso: Tipo 3D<\/p>\n<p>\u2022 Nivel: Profesional<\/p>\n<p>\u2022 Ideal Para: Potencia M\u00e1xima<\/p>\n","protected":false},"excerpt":{"rendered":"<p>XPLO, la pala m\u00e1s potente en la historia de Bullpadel. Dise\u00f1ada para llevar a Mart\u00edn Di Nenno a la cima,<\/p>\n","protected":false},"featured_media":123345,"template":"","meta":[],"product_brand":[7211],"product_cat":[6414,2267],"product_tag":[],"class_list":{"0":"post-123324","1":"product","2":"type-product","3":"status-publish","4":"has-post-thumbnail","6":"product_brand-bullpadel","7":"product_cat-bullpadel-en","8":"product_cat-pala-en","10":"first","11":"instock","12":"taxable","13":"shipping-taxable","14":"purchasable","15":"product-type-simple"},"supplier_id":null,"supplier_sku":"","barcode":null,"atum_controlled":true,"out_stock_date":null,"out_stock_threshold":null,"inheritable":false,"inbound_stock":0,"stock_on_hold":0,"sold_today":0,"sales_last_days":0,"reserved_stock":0,"customer_returns":0,"warehouse_damage":0,"lost_in_post":0,"other_logs":0,"out_stock_days":0,"lost_sales":0,"has_location":true,"update_date":"2025-12-10T11:22:51","atum_locations":[{"id":5967,"name":"Shop Duva","slug":"shop_duva"}],"atum_stock_status":"instock","restock_status":false,"low_stock_amount":"","sales_update_date":"2025-12-10T11:22:51","calc_backorders":null,"_links":{"self":[{"href":"https:\/\/onesportmallorca.com\/en\/wp-json\/wp\/v2\/product\/123324","targetHints":{"allow":["GET"]}}],"collection":[{"href":"https:\/\/onesportmallorca.com\/en\/wp-json\/wp\/v2\/product"}],"about":[{"href":"https:\/\/onesportmallorca.com\/en\/wp-json\/wp\/v2\/types\/product"}],"wp:featuredmedia":[{"embeddable":true,"href":"https:\/\/onesportmallorca.com\/en\/wp-json\/wp\/v2\/media\/123345"}],"wp:attachment":[{"href":"https:\/\/onesportmallorca.com\/en\/wp-json\/wp\/v2\/media?parent=123324"}],"wp:term":[{"taxonomy":"product_brand","embeddable":true,"href":"https:\/\/onesportmallorca.com\/en\/wp-json\/wp\/v2\/product_brand?post=123324"},{"taxonomy":"product_cat","embeddable":true,"href":"https:\/\/onesportmallorca.com\/en\/wp-json\/wp\/v2\/product_cat?post=123324"},{"taxonomy":"product_tag","embeddable":true,"href":"https:\/\/onesportmallorca.com\/en\/wp-json\/wp\/v2\/product_tag?post=123324"}],"curies":[{"name":"wp","href":"https:\/\/api.w.org\/{rel}","templated":true}]}}