{"id":122986,"date":"2025-10-01T11:59:04","date_gmt":"2025-10-01T09:59:04","guid":{"rendered":"https:\/\/onesportmallorca.com\/?post_type=product&#038;p=122986"},"modified":"2025-10-01T13:19:10","modified_gmt":"2025-10-01T11:19:10","slug":"chaleco-adidas-otr-b-w","status":"publish","type":"product","link":"https:\/\/onesportmallorca.com\/en\/producto\/chaleco-adidas-otr-b-w\/","title":{"rendered":"Chaleco Adidas OTR B W"},"content":{"rendered":"<h3 class=\"description_subtitle__5h3_L\">Mant\u00e9n el viento a raya<\/h3>\n<p class=\"description_margin__cBW26\">Ponte este chaleco adidas y no dejes que el mal tiempo te impida salir a correr. Se ha confeccionado en un tejido ripstop transpirable y resistente al desgaste e incorpora la tecnolog\u00eda WIND.RDY que te a\u00edsla del viento y te aporta comodidad kil\u00f3metro tras kil\u00f3metro. Los bolsillos con cremallera en la parte frontal y trasera te permiten tener a mano todo lo necesario para tus entrenamientos. El cord\u00f3n en el dobladillo te ofrece un ajuste a medida. Este producto contiene al menos un 70% de materiales reciclados. Utilizando materiales reciclados, reducimos los residuos, nuestra dependencia de los recursos finitos y la huella que generan los productos que fabricamos.<\/p>\n","protected":false},"excerpt":{"rendered":"<p>Mant\u00e9n el viento a raya Ponte este chaleco adidas y no dejes que el mal tiempo te impida salir a<\/p>\n","protected":false},"featured_media":123001,"template":"","meta":[],"product_brand":[7193],"product_cat":[7985],"product_tag":[],"class_list":{"0":"post-122986","1":"product","2":"type-product","3":"status-publish","4":"has-post-thumbnail","6":"product_brand-adidas","7":"product_cat-chaleco-en","9":"first","10":"instock","11":"taxable","12":"shipping-taxable","13":"purchasable","14":"product-type-variable","15":"rtwpvg-product"},"supplier_id":null,"supplier_sku":"","barcode":null,"atum_controlled":true,"out_stock_date":null,"out_stock_threshold":null,"inheritable":true,"inbound_stock":0,"stock_on_hold":0,"sold_today":null,"sales_last_days":null,"reserved_stock":0,"customer_returns":0,"warehouse_damage":0,"lost_in_post":0,"other_logs":0,"out_stock_days":null,"lost_sales":null,"has_location":false,"update_date":"2025-12-10T11:23:21","atum_locations":[],"atum_stock_status":"instock","restock_status":false,"low_stock_amount":"","sales_update_date":"2025-12-10T11:23:21","calc_backorders":null,"_links":{"self":[{"href":"https:\/\/onesportmallorca.com\/en\/wp-json\/wp\/v2\/product\/122986","targetHints":{"allow":["GET"]}}],"collection":[{"href":"https:\/\/onesportmallorca.com\/en\/wp-json\/wp\/v2\/product"}],"about":[{"href":"https:\/\/onesportmallorca.com\/en\/wp-json\/wp\/v2\/types\/product"}],"wp:featuredmedia":[{"embeddable":true,"href":"https:\/\/onesportmallorca.com\/en\/wp-json\/wp\/v2\/media\/123001"}],"wp:attachment":[{"href":"https:\/\/onesportmallorca.com\/en\/wp-json\/wp\/v2\/media?parent=122986"}],"wp:term":[{"taxonomy":"product_brand","embeddable":true,"href":"https:\/\/onesportmallorca.com\/en\/wp-json\/wp\/v2\/product_brand?post=122986"},{"taxonomy":"product_cat","embeddable":true,"href":"https:\/\/onesportmallorca.com\/en\/wp-json\/wp\/v2\/product_cat?post=122986"},{"taxonomy":"product_tag","embeddable":true,"href":"https:\/\/onesportmallorca.com\/en\/wp-json\/wp\/v2\/product_tag?post=122986"}],"curies":[{"name":"wp","href":"https:\/\/api.w.org\/{rel}","templated":true}]}}