{"id":119480,"date":"2025-09-11T12:50:40","date_gmt":"2025-09-11T10:50:40","guid":{"rendered":"https:\/\/onesportmallorca.com\/?post_type=product&#038;p=119480"},"modified":"2025-11-17T17:27:51","modified_gmt":"2025-11-17T16:27:51","slug":"on-cloud-6-wp-m","status":"publish","type":"product","link":"https:\/\/onesportmallorca.com\/en\/producto\/on-cloud-6-wp-m\/","title":{"rendered":"On Cloud 6 WP Waterproof Men"},"content":{"rendered":"<h2 class=\"_title_8gsmh_59\">Detalles del producto<\/h2>\n<ul class=\"_usps_8gsmh_77\">\n<li class=\"\">\n<p class=\"_usp_8gsmh_77\">Peso: 296.3g<\/p>\n<\/li>\n<li class=\"\">\n<p class=\"_usp_8gsmh_77\">Zero-Gravity CloudTec\u00ae: el confort de la amortiguaci\u00f3n<\/p>\n<\/li>\n<li class=\"\">\n<p class=\"_usp_8gsmh_77\">Speedboard\u00ae dise\u00f1ado para todo un d\u00eda de soporte y rendimiento<\/p>\n<\/li>\n<li class=\"\">\n<p class=\"_usp_8gsmh_77\">Membrana impermeable que protege de la lluvia<\/p>\n<\/li>\n<li class=\"\">\n<p class=\"_usp_8gsmh_77\">Nueva plantilla: m\u00e1s f\u00e1ciles de poner y quitar<\/p>\n<\/li>\n<li class=\"\">\n<p class=\"_usp_8gsmh_77\">Abertura m\u00e1s ancha para un ajuste sencillo<\/p>\n<\/li>\n<li class=\"\">\n<p class=\"_usp_8gsmh_77\">Selecci\u00f3n de colores te\u00f1idos con dope dye para usar menos agua<\/p>\n<\/li>\n<\/ul>\n<h2 class=\"_imageTitle_x2jp6_90\">Llueva o haga sol<\/h2>\n<p class=\"_description_x2jp6_113\">El upper incorpora una membrana impermeable con una malla m\u00e1s densa que mejora el rendimiento. Adem\u00e1s, la suela cuenta con una serie de almohadillas de caucho conectadas que aumentan la tracci\u00f3n y el agarre. Unas zapatillas vers\u00e1tiles y listas para todo.<\/p>\n<h2 class=\"_imageTitle_x2jp6_90\">Materiales innovadores<\/h2>\n<p class=\"_description_x2jp6_113\">La entresuela de estas zapatillas est\u00e1 hecha con espuma Zero-Gravity bioatribuida, que parte de materiales renovables con certificado ISCC+ como el aceite de cocina usado.<\/p>\n<h2 class=\"_imageTitle_x2jp6_90\">Un paso hacia el confort<\/h2>\n<p class=\"_description_x2jp6_113\">Con una abertura m\u00e1s ancha y una nueva plantilla, son f\u00e1ciles de poner, mientras que el dise\u00f1o del tal\u00f3n ofrece m\u00e1s soporte. Adem\u00e1s, su geometr\u00eda mejorada hace que resulten incre\u00edblemente c\u00f3modas para el d\u00eda a d\u00eda.<\/p>\n","protected":false},"excerpt":{"rendered":"<p>Detalles del producto Peso: 296.3g Zero-Gravity CloudTec\u00ae: el confort de la amortiguaci\u00f3n Speedboard\u00ae dise\u00f1ado para todo un d\u00eda de soporte<\/p>\n","protected":false},"featured_media":119537,"template":"","meta":[],"product_brand":[7203],"product_cat":[6426,2240],"product_tag":[7910],"class_list":{"0":"post-119480","1":"product","2":"type-product","3":"status-publish","4":"has-post-thumbnail","6":"product_brand-on-running","7":"product_cat-onr-en","8":"product_cat-footwear","9":"product_tag-waterproof-en","11":"first","12":"instock","13":"taxable","14":"shipping-taxable","15":"purchasable","16":"product-type-variable","17":"has-default-attributes","18":"rtwpvg-product"},"supplier_id":null,"supplier_sku":"","barcode":null,"atum_controlled":true,"out_stock_date":null,"out_stock_threshold":null,"inheritable":true,"inbound_stock":0,"stock_on_hold":0,"sold_today":3,"sales_last_days":3,"reserved_stock":0,"customer_returns":0,"warehouse_damage":0,"lost_in_post":0,"other_logs":0,"out_stock_days":null,"lost_sales":0,"has_location":true,"update_date":"2026-04-08T07:56:07","atum_locations":[{"id":6282,"name":"Tienda Onesport","slug":"tienda_onesport"}],"atum_stock_status":"instock","restock_status":false,"low_stock_amount":"","sales_update_date":"2025-12-05T13:41:50","calc_backorders":null,"_links":{"self":[{"href":"https:\/\/onesportmallorca.com\/en\/wp-json\/wp\/v2\/product\/119480","targetHints":{"allow":["GET"]}}],"collection":[{"href":"https:\/\/onesportmallorca.com\/en\/wp-json\/wp\/v2\/product"}],"about":[{"href":"https:\/\/onesportmallorca.com\/en\/wp-json\/wp\/v2\/types\/product"}],"wp:featuredmedia":[{"embeddable":true,"href":"https:\/\/onesportmallorca.com\/en\/wp-json\/wp\/v2\/media\/119537"}],"wp:attachment":[{"href":"https:\/\/onesportmallorca.com\/en\/wp-json\/wp\/v2\/media?parent=119480"}],"wp:term":[{"taxonomy":"product_brand","embeddable":true,"href":"https:\/\/onesportmallorca.com\/en\/wp-json\/wp\/v2\/product_brand?post=119480"},{"taxonomy":"product_cat","embeddable":true,"href":"https:\/\/onesportmallorca.com\/en\/wp-json\/wp\/v2\/product_cat?post=119480"},{"taxonomy":"product_tag","embeddable":true,"href":"https:\/\/onesportmallorca.com\/en\/wp-json\/wp\/v2\/product_tag?post=119480"}],"curies":[{"name":"wp","href":"https:\/\/api.w.org\/{rel}","templated":true}]}}