{"id":119167,"date":"2025-09-09T18:14:10","date_gmt":"2025-09-09T16:14:10","guid":{"rendered":"https:\/\/onesportmallorca.com\/?post_type=product&#038;p=119167"},"modified":"2025-09-09T18:36:46","modified_gmt":"2025-09-09T16:36:46","slug":"sudadera-adidas-con-capucha-essentials-french-terry-3-bandas","status":"publish","type":"product","link":"https:\/\/onesportmallorca.com\/en\/producto\/sudadera-adidas-con-capucha-essentials-french-terry-3-bandas\/","title":{"rendered":"Sudadera Adidas con capucha ESSENTIALS French Terry 3 Bandas"},"content":{"rendered":"<p>Esta sudadera con capucha adidas es un imprescindible para todos los que buscan estilo instant\u00e1neo y comodidad duradera. Confeccionada en french terry suave, esta sudadera te ofrece el m\u00e1ximo confort ya sea que te relajes en casa o salgas a explorar la ciudad. Las 3 rayas ic\u00f3nicas a lo largo de las mangas y el logo bordado en el pecho rinden homenaje a su herencia deportiva. L\u00faceela con un pantal\u00f3n de ch\u00e1ndal o unos vaqueros para un look estiloso sin esfuerzo. Al optar por materiales reciclados, podemos reutilizar materiales que ya han sido creados, lo que ayuda a reducir los desechos. Elegir materiales renovables tambi\u00e9n nos ayuda a disminuir nuestra dependencia de recursos que se agotan. Nuestros productos fabricados a partir de una mezcla de materiales reciclados y renovables contienen al menos un 70 % de estos materiales.<\/p>\n","protected":false},"excerpt":{"rendered":"<p>Esta sudadera con capucha adidas es un imprescindible para todos los que buscan estilo instant\u00e1neo y comodidad duradera. Confeccionada en<\/p>\n","protected":false},"featured_media":119218,"template":"","meta":[],"product_brand":[7193],"product_cat":[6405,2244],"product_tag":[],"class_list":{"0":"post-119167","1":"product","2":"type-product","3":"status-publish","4":"has-post-thumbnail","6":"product_brand-adidas","7":"product_cat-adidas-en","8":"product_cat-jacket","10":"first","11":"instock","12":"taxable","13":"shipping-taxable","14":"purchasable","15":"product-type-variable","16":"has-default-attributes","17":"rtwpvg-product"},"supplier_id":null,"supplier_sku":"","barcode":null,"atum_controlled":true,"out_stock_date":null,"out_stock_threshold":null,"inheritable":true,"inbound_stock":0,"stock_on_hold":0,"sold_today":1,"sales_last_days":1,"reserved_stock":0,"customer_returns":0,"warehouse_damage":0,"lost_in_post":0,"other_logs":0,"out_stock_days":null,"lost_sales":0,"has_location":true,"update_date":"2025-10-13T14:37:45","atum_locations":[{"id":6282,"name":"Tienda Onesport","slug":"tienda_onesport"}],"atum_stock_status":"outofstock","restock_status":false,"low_stock_amount":"","sales_update_date":"2025-10-13T14:37:45","calc_backorders":null,"_links":{"self":[{"href":"https:\/\/onesportmallorca.com\/en\/wp-json\/wp\/v2\/product\/119167","targetHints":{"allow":["GET"]}}],"collection":[{"href":"https:\/\/onesportmallorca.com\/en\/wp-json\/wp\/v2\/product"}],"about":[{"href":"https:\/\/onesportmallorca.com\/en\/wp-json\/wp\/v2\/types\/product"}],"wp:featuredmedia":[{"embeddable":true,"href":"https:\/\/onesportmallorca.com\/en\/wp-json\/wp\/v2\/media\/119218"}],"wp:attachment":[{"href":"https:\/\/onesportmallorca.com\/en\/wp-json\/wp\/v2\/media?parent=119167"}],"wp:term":[{"taxonomy":"product_brand","embeddable":true,"href":"https:\/\/onesportmallorca.com\/en\/wp-json\/wp\/v2\/product_brand?post=119167"},{"taxonomy":"product_cat","embeddable":true,"href":"https:\/\/onesportmallorca.com\/en\/wp-json\/wp\/v2\/product_cat?post=119167"},{"taxonomy":"product_tag","embeddable":true,"href":"https:\/\/onesportmallorca.com\/en\/wp-json\/wp\/v2\/product_tag?post=119167"}],"curies":[{"name":"wp","href":"https:\/\/api.w.org\/{rel}","templated":true}]}}