{"id":119041,"date":"2025-09-09T17:39:14","date_gmt":"2025-09-09T15:39:14","guid":{"rendered":"https:\/\/onesportmallorca.com\/?post_type=product&#038;p=119041"},"modified":"2025-09-09T17:57:32","modified_gmt":"2025-09-09T15:57:32","slug":"pantalon-largo-adidas-essentials-french-terry-3-bandas","status":"publish","type":"product","link":"https:\/\/onesportmallorca.com\/en\/producto\/pantalon-largo-adidas-essentials-french-terry-3-bandas\/","title":{"rendered":"Pantal\u00f3n Largo Adidas Essentials French Terry 3 Bandas"},"content":{"rendered":"<h3 class=\"description_subtitle__5h3_L\">Perfecto para cualquier escenario<\/h3>\n<p class=\"description_margin__cBW26\">Ya sea para relajarte en casa o para salir a la calle, este pantal\u00f3n adidas est\u00e1 listo para cualquier plan. Su tejido de felpa suave te ofrece una gran comodidad, mientras que las 3 bandas en los laterales le aportan un toque deportivo. Con un corte muy actual que se estrecha a la altura del pu\u00f1o, este pantal\u00f3n se convertir\u00e1 en un b\u00e1sico imprescindible en tu armario. Al elegir materiales reciclados, podemos dar nueva vida a materiales que ya se han utilizado, lo que contribuye a reducir los residuos. La utilizaci\u00f3n de materiales renovables nos ayuda a acabar con nuestra dependencia de los recursos finitos. Nuestros productos fabricados con materiales reciclados y renovables contienen al menos un 70% de estos materiales.<\/p>\n","protected":false},"excerpt":{"rendered":"<p>Perfecto para cualquier escenario Ya sea para relajarte en casa o para salir a la calle, este pantal\u00f3n adidas est\u00e1<\/p>\n","protected":false},"featured_media":119077,"template":"","meta":[],"product_brand":[7193],"product_cat":[6405,5951,2679],"product_tag":[],"class_list":{"0":"post-119041","1":"product","2":"type-product","3":"status-publish","4":"has-post-thumbnail","6":"product_brand-adidas","7":"product_cat-adidas-en","8":"product_cat-clothing","9":"product_cat-pantalon-en","11":"first","12":"instock","13":"taxable","14":"shipping-taxable","15":"purchasable","16":"product-type-variable","17":"has-default-attributes","18":"rtwpvg-product"},"supplier_id":null,"supplier_sku":"","barcode":null,"atum_controlled":true,"out_stock_date":null,"out_stock_threshold":null,"inheritable":true,"inbound_stock":0,"stock_on_hold":0,"sold_today":1,"sales_last_days":1,"reserved_stock":0,"customer_returns":0,"warehouse_damage":0,"lost_in_post":0,"other_logs":0,"out_stock_days":null,"lost_sales":0,"has_location":true,"update_date":"2025-12-16T17:20:33","atum_locations":[{"id":6282,"name":"Tienda Onesport","slug":"tienda_onesport"}],"atum_stock_status":"instock","restock_status":false,"low_stock_amount":"","sales_update_date":"2025-10-10T08:04:18","calc_backorders":null,"_links":{"self":[{"href":"https:\/\/onesportmallorca.com\/en\/wp-json\/wp\/v2\/product\/119041","targetHints":{"allow":["GET"]}}],"collection":[{"href":"https:\/\/onesportmallorca.com\/en\/wp-json\/wp\/v2\/product"}],"about":[{"href":"https:\/\/onesportmallorca.com\/en\/wp-json\/wp\/v2\/types\/product"}],"wp:featuredmedia":[{"embeddable":true,"href":"https:\/\/onesportmallorca.com\/en\/wp-json\/wp\/v2\/media\/119077"}],"wp:attachment":[{"href":"https:\/\/onesportmallorca.com\/en\/wp-json\/wp\/v2\/media?parent=119041"}],"wp:term":[{"taxonomy":"product_brand","embeddable":true,"href":"https:\/\/onesportmallorca.com\/en\/wp-json\/wp\/v2\/product_brand?post=119041"},{"taxonomy":"product_cat","embeddable":true,"href":"https:\/\/onesportmallorca.com\/en\/wp-json\/wp\/v2\/product_cat?post=119041"},{"taxonomy":"product_tag","embeddable":true,"href":"https:\/\/onesportmallorca.com\/en\/wp-json\/wp\/v2\/product_tag?post=119041"}],"curies":[{"name":"wp","href":"https:\/\/api.w.org\/{rel}","templated":true}]}}