{"id":118885,"date":"2025-09-09T13:32:13","date_gmt":"2025-09-09T11:32:13","guid":{"rendered":"https:\/\/onesportmallorca.com\/?post_type=product&#038;p=118885"},"modified":"2025-09-09T14:12:18","modified_gmt":"2025-09-09T12:12:18","slug":"sudadera-adidas-con-capucha-essentials-big-logo-french-terry","status":"publish","type":"product","link":"https:\/\/onesportmallorca.com\/en\/producto\/sudadera-adidas-con-capucha-essentials-big-logo-french-terry\/","title":{"rendered":"Sudadera Adidas con capucha Essentials Big Logo French Terry"},"content":{"rendered":"<p><strong>Estilo deportivo que te distingue<\/strong><\/p>\n<p>C\u00f3moda y deportiva, esta sudadera con capucha es un b\u00e1sico perfecto para tu d\u00eda a d\u00eda. Se ha confeccionado en un suave tejido de felpa y presenta un corte holgado con hombros ca\u00eddos que le aportan un toque actual. El gran logotipo de las 3 bandas en el pecho le confiere un estilo audaz.<\/p>\n<p>Al elegir materiales reciclados, podemos dar nueva vida a materiales que ya se han utilizado, lo que contribuye a reducir los residuos. La utilizaci\u00f3n de materiales renovables nos ayuda a acabar con nuestra dependencia de los recursos finitos. Nuestros productos fabricados con materiales reciclados y renovables contienen al menos un 70% de estos materiales.<\/p>\n","protected":false},"excerpt":{"rendered":"<p>Estilo deportivo que te distingue C\u00f3moda y deportiva, esta sudadera con capucha es un b\u00e1sico perfecto para tu d\u00eda a<\/p>\n","protected":false},"featured_media":118924,"template":"","meta":[],"product_brand":[7193],"product_cat":[6405,2244],"product_tag":[],"class_list":{"0":"post-118885","1":"product","2":"type-product","3":"status-publish","4":"has-post-thumbnail","6":"product_brand-adidas","7":"product_cat-adidas-en","8":"product_cat-jacket","10":"first","11":"outofstock","12":"taxable","13":"shipping-taxable","14":"purchasable","15":"product-type-variable","16":"has-default-attributes","17":"rtwpvg-product"},"supplier_id":null,"supplier_sku":"","barcode":null,"atum_controlled":true,"out_stock_date":null,"out_stock_threshold":null,"inheritable":true,"inbound_stock":null,"stock_on_hold":null,"sold_today":null,"sales_last_days":null,"reserved_stock":null,"customer_returns":null,"warehouse_damage":null,"lost_in_post":null,"other_logs":null,"out_stock_days":null,"lost_sales":null,"has_location":true,"update_date":"2025-09-09T12:12:23","atum_locations":[{"id":6282,"name":"Tienda Onesport","slug":"tienda_onesport"}],"atum_stock_status":"outofstock","restock_status":false,"low_stock_amount":"","sales_update_date":"2025-09-08T04:39:54","calc_backorders":null,"_links":{"self":[{"href":"https:\/\/onesportmallorca.com\/en\/wp-json\/wp\/v2\/product\/118885","targetHints":{"allow":["GET"]}}],"collection":[{"href":"https:\/\/onesportmallorca.com\/en\/wp-json\/wp\/v2\/product"}],"about":[{"href":"https:\/\/onesportmallorca.com\/en\/wp-json\/wp\/v2\/types\/product"}],"wp:featuredmedia":[{"embeddable":true,"href":"https:\/\/onesportmallorca.com\/en\/wp-json\/wp\/v2\/media\/118924"}],"wp:attachment":[{"href":"https:\/\/onesportmallorca.com\/en\/wp-json\/wp\/v2\/media?parent=118885"}],"wp:term":[{"taxonomy":"product_brand","embeddable":true,"href":"https:\/\/onesportmallorca.com\/en\/wp-json\/wp\/v2\/product_brand?post=118885"},{"taxonomy":"product_cat","embeddable":true,"href":"https:\/\/onesportmallorca.com\/en\/wp-json\/wp\/v2\/product_cat?post=118885"},{"taxonomy":"product_tag","embeddable":true,"href":"https:\/\/onesportmallorca.com\/en\/wp-json\/wp\/v2\/product_tag?post=118885"}],"curies":[{"name":"wp","href":"https:\/\/api.w.org\/{rel}","templated":true}]}}