{"id":117042,"date":"2025-09-04T12:42:00","date_gmt":"2025-09-04T10:42:00","guid":{"rendered":"https:\/\/onesportmallorca.com\/?post_type=product&#038;p=117042"},"modified":"2025-09-04T13:01:13","modified_gmt":"2025-09-04T11:01:13","slug":"zapatillas-adidas-terrex-agravic-3-w-verdes-jr5250","status":"publish","type":"product","link":"https:\/\/onesportmallorca.com\/en\/producto\/zapatillas-adidas-terrex-agravic-3-w-verdes-jr5250\/","title":{"rendered":"Zapatillas Adidas Terrex Agravic 3 W Verdes (JR5250)"},"content":{"rendered":"<p>Experimenta los senderos como nunca antes con las Terrex Agravic Flow 3, dise\u00f1adas para la mujer que ama el trail running. Su parte superior de malla transpirable garantiza pies frescos y secos mientras navega por terrenos irregulares, junto con la tecnolog\u00eda Lightstrike para mayor comodidad y estabilidad. Una suela exterior de caucho Continental proporciona tracci\u00f3n confiable, incluso en superficies resbaladizas. Estos zapatos no s\u00f3lo son duraderos, sino que tambi\u00e9n ofrecen superposiciones sincosturas y una leng\u00fceta reforzada para mayor protecci\u00f3n y comodidad.<\/p>\n","protected":false},"excerpt":{"rendered":"<p>Experimenta los senderos como nunca antes con las Terrex Agravic Flow 3, dise\u00f1adas para la mujer que ama el trail<\/p>\n","protected":false},"featured_media":117059,"template":"","meta":[],"product_brand":[7193],"product_cat":[2240],"product_tag":[6339],"class_list":{"0":"post-117042","1":"product","2":"type-product","3":"status-publish","4":"has-post-thumbnail","6":"product_brand-adidas","7":"product_cat-footwear","8":"product_tag-terrex-en","10":"first","11":"instock","12":"taxable","13":"shipping-taxable","14":"purchasable","15":"product-type-variable","16":"has-default-attributes","17":"rtwpvg-product"},"supplier_id":null,"supplier_sku":"","barcode":null,"atum_controlled":true,"out_stock_date":null,"out_stock_threshold":null,"inheritable":true,"inbound_stock":0,"stock_on_hold":0,"sold_today":2,"sales_last_days":2,"reserved_stock":0,"customer_returns":0,"warehouse_damage":0,"lost_in_post":0,"other_logs":0,"out_stock_days":null,"lost_sales":0,"has_location":true,"update_date":"2026-03-22T11:28:09","atum_locations":[{"id":6282,"name":"Tienda Onesport","slug":"tienda_onesport"}],"atum_stock_status":"outofstock","restock_status":false,"low_stock_amount":"","sales_update_date":"2025-09-28T18:46:23","calc_backorders":null,"_links":{"self":[{"href":"https:\/\/onesportmallorca.com\/en\/wp-json\/wp\/v2\/product\/117042","targetHints":{"allow":["GET"]}}],"collection":[{"href":"https:\/\/onesportmallorca.com\/en\/wp-json\/wp\/v2\/product"}],"about":[{"href":"https:\/\/onesportmallorca.com\/en\/wp-json\/wp\/v2\/types\/product"}],"wp:featuredmedia":[{"embeddable":true,"href":"https:\/\/onesportmallorca.com\/en\/wp-json\/wp\/v2\/media\/117059"}],"wp:attachment":[{"href":"https:\/\/onesportmallorca.com\/en\/wp-json\/wp\/v2\/media?parent=117042"}],"wp:term":[{"taxonomy":"product_brand","embeddable":true,"href":"https:\/\/onesportmallorca.com\/en\/wp-json\/wp\/v2\/product_brand?post=117042"},{"taxonomy":"product_cat","embeddable":true,"href":"https:\/\/onesportmallorca.com\/en\/wp-json\/wp\/v2\/product_cat?post=117042"},{"taxonomy":"product_tag","embeddable":true,"href":"https:\/\/onesportmallorca.com\/en\/wp-json\/wp\/v2\/product_tag?post=117042"}],"curies":[{"name":"wp","href":"https:\/\/api.w.org\/{rel}","templated":true}]}}