{"id":116715,"date":"2025-09-03T11:17:31","date_gmt":"2025-09-03T09:17:31","guid":{"rendered":"https:\/\/onesportmallorca.com\/?post_type=product&#038;p=116715"},"modified":"2025-09-03T11:32:43","modified_gmt":"2025-09-03T09:32:43","slug":"zapatillas-joma-sima-men-2502-blanco-tksimw2502","status":"publish","type":"product","link":"https:\/\/onesportmallorca.com\/en\/producto\/zapatillas-joma-sima-men-2502-blanco-tksimw2502\/","title":{"rendered":"Zapatillas Joma SIMA Men 2502 Blanco (TKSIMW2502)"},"content":{"rendered":"<p>Zapatillas de trail para hombre. El m\u00edtico modelo mixto para trail contin\u00faa ofreciendo altas prestaciones en confort y amortiguaci\u00f3n de los impactos gracias a la incorporaci\u00f3n de tecnolog\u00eda de vanguardia.<\/p>\n<p>Upper ligero elaborado con mesh acabado en Jacquard, al que se le ha aplicado el sistema de perforaciones VTS para hacerlo a\u00fan m\u00e1s transpirable. El sistema termosellado JOMA SPORTECH se ha aplicado sin costuras y brinda un ajuste c\u00f3modo al pie.<\/p>\n<p>Refuerzo termosellado PROTECTION en puntera y laterales para garantizar la durabilidad y evitar la entrada de elementos externos al correr.<\/p>\n<p>Mediasuela con drop 7 mm compuesta por una \u00fanica pieza de FOAM REACTIVE. Dise\u00f1ada para ofrecer un rendimiento excepcional en cada zancada. Este material innovador proporciona un excelente retorno de energ\u00eda, adapt\u00e1ndose a la presi\u00f3n y al impacto. Se ajusta a las necesidades del corredor y da lugar a una transici\u00f3n suave entre cada fase de la pisada.<\/p>\n<p>Suela de caucho DURABILITY. Cuenta con un taqueado de 4,2 mm, especialmente dise\u00f1ado para proporcionar un agarre excepcional en todo tipo de terrenos.<\/p>\n<ul class=\"featuresul\">\n<li>Corte con mesh transpirable VTS<\/li>\n<li>Corte con sistema de ajuste termosellado SPORTECH<\/li>\n<li>Corte con sistema de protecci\u00f3n termosellado PROTECTION<\/li>\n<li>Mediasuela con FOAM REACTIVE<\/li>\n<li>Suela caucho DURABILITY<\/li>\n<\/ul>\n","protected":false},"excerpt":{"rendered":"<p>Zapatillas de trail para hombre. El m\u00edtico modelo mixto para trail contin\u00faa ofreciendo altas prestaciones en confort y amortiguaci\u00f3n de<\/p>\n","protected":false},"featured_media":116736,"template":"","meta":[],"product_brand":[7223],"product_cat":[6384,2240],"product_tag":[],"class_list":{"0":"post-116715","1":"product","2":"type-product","3":"status-publish","4":"has-post-thumbnail","6":"product_brand-joma","7":"product_cat-joma-en","8":"product_cat-footwear","10":"first","11":"instock","12":"taxable","13":"shipping-taxable","14":"purchasable","15":"product-type-variable","16":"has-default-attributes","17":"rtwpvg-product"},"supplier_id":null,"supplier_sku":"","barcode":null,"atum_controlled":true,"out_stock_date":null,"out_stock_threshold":null,"inheritable":false,"inbound_stock":null,"stock_on_hold":0,"sold_today":1,"sales_last_days":1,"reserved_stock":null,"customer_returns":null,"warehouse_damage":null,"lost_in_post":null,"other_logs":null,"out_stock_days":null,"lost_sales":0,"has_location":null,"update_date":"2026-04-07T08:20:30","atum_locations":[],"atum_stock_status":"instock","restock_status":false,"low_stock_amount":"","sales_update_date":null,"calc_backorders":null,"_links":{"self":[{"href":"https:\/\/onesportmallorca.com\/en\/wp-json\/wp\/v2\/product\/116715","targetHints":{"allow":["GET"]}}],"collection":[{"href":"https:\/\/onesportmallorca.com\/en\/wp-json\/wp\/v2\/product"}],"about":[{"href":"https:\/\/onesportmallorca.com\/en\/wp-json\/wp\/v2\/types\/product"}],"wp:featuredmedia":[{"embeddable":true,"href":"https:\/\/onesportmallorca.com\/en\/wp-json\/wp\/v2\/media\/116736"}],"wp:attachment":[{"href":"https:\/\/onesportmallorca.com\/en\/wp-json\/wp\/v2\/media?parent=116715"}],"wp:term":[{"taxonomy":"product_brand","embeddable":true,"href":"https:\/\/onesportmallorca.com\/en\/wp-json\/wp\/v2\/product_brand?post=116715"},{"taxonomy":"product_cat","embeddable":true,"href":"https:\/\/onesportmallorca.com\/en\/wp-json\/wp\/v2\/product_cat?post=116715"},{"taxonomy":"product_tag","embeddable":true,"href":"https:\/\/onesportmallorca.com\/en\/wp-json\/wp\/v2\/product_tag?post=116715"}],"curies":[{"name":"wp","href":"https:\/\/api.w.org\/{rel}","templated":true}]}}