{"id":115362,"date":"2025-08-25T18:27:59","date_gmt":"2025-08-25T16:27:59","guid":{"rendered":"https:\/\/onesportmallorca.com\/?post_type=product&#038;p=115362"},"modified":"2025-08-25T18:43:34","modified_gmt":"2025-08-25T16:43:34","slug":"short-bullpadel-lijar","status":"publish","type":"product","link":"https:\/\/onesportmallorca.com\/en\/producto\/short-bullpadel-lijar\/","title":{"rendered":"Short Bullpadel LIJAR"},"content":{"rendered":"<div id=\"product-description-short-5430\" class=\"description-short\">\n<p>Este pantal\u00f3n corto te ofrece frescura y libertad en los momentos de m\u00e1xima intensidad sobre la pista. Una prenda pensada para elevar tu rendimiento en la pista sin renunciar al estilo. Dise\u00f1ada para acompa\u00f1arte en cada movimiento con la m\u00e1xima comodidad, su construcci\u00f3n t\u00e9cnica y detalles funcionales marcan la diferencia partido tras partido.<\/p>\n<p>Pantal\u00f3n corto en single de poli\u00e9ster con elast\u00e1n de nuestra l\u00ednea Court con tecnolog\u00eda drynamic que ayuda a un secado r\u00e1pido y la confortabilidad. Tiene un largo de 42 cm en talla m, cinturilla con banda el\u00e1stica interior y cord\u00f3n para ajustar, bolsillos laterales, suspensor interior y logo reflectante en el delantero.<\/p>\n<\/div>\n<div class=\"product-additional-info\">\n<div class=\"social-sharing\"><\/div>\n<\/div>\n","protected":false},"excerpt":{"rendered":"<p>Este pantal\u00f3n corto te ofrece frescura y libertad en los momentos de m\u00e1xima intensidad sobre la pista. Una prenda pensada<\/p>\n","protected":false},"featured_media":115384,"template":"","meta":[],"product_brand":[7211],"product_cat":[6414,2679],"product_tag":[],"class_list":{"0":"post-115362","1":"product","2":"type-product","3":"status-publish","4":"has-post-thumbnail","6":"product_brand-bullpadel","7":"product_cat-bullpadel-en","8":"product_cat-pantalon-en","10":"first","11":"instock","12":"taxable","13":"shipping-taxable","14":"purchasable","15":"product-type-variable","16":"has-default-attributes","17":"rtwpvg-product"},"supplier_id":null,"supplier_sku":"","barcode":null,"atum_controlled":true,"out_stock_date":null,"out_stock_threshold":null,"inheritable":false,"inbound_stock":null,"stock_on_hold":0,"sold_today":2,"sales_last_days":2,"reserved_stock":null,"customer_returns":null,"warehouse_damage":null,"lost_in_post":null,"other_logs":null,"out_stock_days":null,"lost_sales":0,"has_location":null,"update_date":"2026-01-08T17:11:23","atum_locations":[],"atum_stock_status":"instock","restock_status":false,"low_stock_amount":"","sales_update_date":null,"calc_backorders":null,"_links":{"self":[{"href":"https:\/\/onesportmallorca.com\/en\/wp-json\/wp\/v2\/product\/115362","targetHints":{"allow":["GET"]}}],"collection":[{"href":"https:\/\/onesportmallorca.com\/en\/wp-json\/wp\/v2\/product"}],"about":[{"href":"https:\/\/onesportmallorca.com\/en\/wp-json\/wp\/v2\/types\/product"}],"wp:featuredmedia":[{"embeddable":true,"href":"https:\/\/onesportmallorca.com\/en\/wp-json\/wp\/v2\/media\/115384"}],"wp:attachment":[{"href":"https:\/\/onesportmallorca.com\/en\/wp-json\/wp\/v2\/media?parent=115362"}],"wp:term":[{"taxonomy":"product_brand","embeddable":true,"href":"https:\/\/onesportmallorca.com\/en\/wp-json\/wp\/v2\/product_brand?post=115362"},{"taxonomy":"product_cat","embeddable":true,"href":"https:\/\/onesportmallorca.com\/en\/wp-json\/wp\/v2\/product_cat?post=115362"},{"taxonomy":"product_tag","embeddable":true,"href":"https:\/\/onesportmallorca.com\/en\/wp-json\/wp\/v2\/product_tag?post=115362"}],"curies":[{"name":"wp","href":"https:\/\/api.w.org\/{rel}","templated":true}]}}