{"id":113447,"date":"2025-08-21T11:19:53","date_gmt":"2025-08-21T09:19:53","guid":{"rendered":"https:\/\/onesportmallorca.com\/?post_type=product&#038;p=113447"},"modified":"2025-09-03T10:04:03","modified_gmt":"2025-09-03T08:04:03","slug":"zapatilla-hoka-m-mach-6-jadeite-alpine-blue-1147810jtl","status":"publish","type":"product","link":"https:\/\/onesportmallorca.com\/en\/producto\/zapatilla-hoka-m-mach-6-jadeite-alpine-blue-1147810jtl\/","title":{"rendered":"Zapatilla Hoka W Mach 6 Jadeite \/ Alpine blue (1147810JTL)"},"content":{"rendered":"<h2 class=\"description__title\">The Rundown<\/h2>\n<div id=\"description-info\" class=\"description__info\">\n<div class=\"content\">\n<div class=\"short-description__full\">\n<p><strong>Tus aliadas para la velocidad diaria.<\/strong><\/p>\n<p>Presentamos nuestras Mach m\u00e1s ligeras y con m\u00e1s capacidad de respuesta hasta la fecha. Estas deportivas ligeras se han perfeccionado para ofrecer un retorno de energ\u00eda excepcional con una entresuela de espuma supercr\u00edtica y, adem\u00e1s, se ha mejorado la durabilidad con el uso estrat\u00e9gico de goma en la suela. La implementaci\u00f3n de detalles de dise\u00f1o centrados en la velocidad en todo el modelo, como el nuevo empeine de jacquard Creel con transpirabilidad por zonas y refuerzo interno, proporcionan al pie la comodidad y el ajuste ce\u00f1ido que necesitas para mejorar tu marca personal.<\/p>\n<\/div>\n<\/div>\n<div id=\"description-info-more-content\" class=\"product-description-view-more\">\n<div class=\"description-techspecs description-techspecs--bestfor\">\n<div class=\"description-techspecs__title title\">Uso<\/div>\n<div class=\"description-techspecs__items collapsible-recommendations\">\n<div class=\"description-techspecs__item\">Carretera<\/div>\n<div class=\"description-techspecs__item\">Carrera<\/div>\n<\/div>\n<\/div>\n<div class=\"description-techspecs description-techspecs--features \">\n<div class=\"description-techspecs__title\">Caracter\u00edsticas:<\/div>\n<div class=\"description-techspecs__items\">\n<ul class=\"features-container\">\n<li class=\"feature-item\">Empeine de jacquard Creel<\/li>\n<li class=\"feature-item\">Cuello de espuma simplificado<\/li>\n<li class=\"feature-item\">Doble refuerzo interno<\/li>\n<li class=\"feature-item\">Entresuela de espuma supercr\u00edtica<\/li>\n<li class=\"feature-item\">Suela con cobertura de goma en puntos estrat\u00e9gicos<\/li>\n<\/ul>\n<ul class=\"features-container features-extended collapse show\">\n<li class=\"feature-item\">Leng\u00fceta anat\u00f3mica<\/li>\n<li class=\"feature-item\">Veganas<\/li>\n<\/ul>\n<\/div>\n<\/div>\n<div class=\"description-whatsnew\">\n<p><strong>Novedades<\/strong><\/p>\n<p>La entresuela de espuma supercr\u00edtica, el empeine de creel de jacquard y un nuevo dise\u00f1o en el cuello y la leng\u00fceta completan el resultado final.<\/p>\n<\/div>\n<\/div>\n<\/div>\n","protected":false},"excerpt":{"rendered":"<p>The Rundown Tus aliadas para la velocidad diaria. Presentamos nuestras Mach m\u00e1s ligeras y con m\u00e1s capacidad de respuesta hasta<\/p>\n","protected":false},"featured_media":113475,"template":"","meta":[],"product_brand":[7224],"product_cat":[6396,2240],"product_tag":[],"class_list":{"0":"post-113447","1":"product","2":"type-product","3":"status-publish","4":"has-post-thumbnail","6":"product_brand-hoka","7":"product_cat-hoka-en","8":"product_cat-footwear","10":"first","11":"instock","12":"sale","13":"taxable","14":"shipping-taxable","15":"purchasable","16":"product-type-variable","17":"has-default-attributes","18":"rtwpvg-product"},"supplier_id":null,"supplier_sku":"","barcode":null,"atum_controlled":true,"out_stock_date":null,"out_stock_threshold":null,"inheritable":false,"inbound_stock":0,"stock_on_hold":0,"sold_today":3,"sales_last_days":4,"reserved_stock":0,"customer_returns":0,"warehouse_damage":0,"lost_in_post":0,"other_logs":0,"out_stock_days":null,"lost_sales":0,"has_location":false,"update_date":"2026-04-14T11:04:39","atum_locations":[],"atum_stock_status":"instock","restock_status":false,"low_stock_amount":"","sales_update_date":"2025-09-09T11:40:47","calc_backorders":null,"_links":{"self":[{"href":"https:\/\/onesportmallorca.com\/en\/wp-json\/wp\/v2\/product\/113447","targetHints":{"allow":["GET"]}}],"collection":[{"href":"https:\/\/onesportmallorca.com\/en\/wp-json\/wp\/v2\/product"}],"about":[{"href":"https:\/\/onesportmallorca.com\/en\/wp-json\/wp\/v2\/types\/product"}],"wp:featuredmedia":[{"embeddable":true,"href":"https:\/\/onesportmallorca.com\/en\/wp-json\/wp\/v2\/media\/113475"}],"wp:attachment":[{"href":"https:\/\/onesportmallorca.com\/en\/wp-json\/wp\/v2\/media?parent=113447"}],"wp:term":[{"taxonomy":"product_brand","embeddable":true,"href":"https:\/\/onesportmallorca.com\/en\/wp-json\/wp\/v2\/product_brand?post=113447"},{"taxonomy":"product_cat","embeddable":true,"href":"https:\/\/onesportmallorca.com\/en\/wp-json\/wp\/v2\/product_cat?post=113447"},{"taxonomy":"product_tag","embeddable":true,"href":"https:\/\/onesportmallorca.com\/en\/wp-json\/wp\/v2\/product_tag?post=113447"}],"curies":[{"name":"wp","href":"https:\/\/api.w.org\/{rel}","templated":true}]}}