{"id":113007,"date":"2025-08-20T12:00:27","date_gmt":"2025-08-20T10:00:27","guid":{"rendered":"https:\/\/onesportmallorca.com\/?post_type=product&#038;p=113007"},"modified":"2025-08-20T12:25:27","modified_gmt":"2025-08-20T10:25:27","slug":"zapatillas-joma-r-1000-2502-blanco-rr100w2502","status":"publish","type":"product","link":"https:\/\/onesportmallorca.com\/en\/producto\/zapatillas-joma-r-1000-2502-blanco-rr100w2502\/","title":{"rendered":"Zapatillas Joma R.1000 2502 BLANCO (RR100W2502)"},"content":{"rendered":"<p>Zapatillas de running para entrenamiento y competici\u00f3n. Estas zapatillas exigentes se han desarrollado para corredores que tengan una t\u00e9cnica depurada y que vaya a ritmos r\u00e1pidos. Aportan la m\u00e1xima reactividad por la placa de fibra de carbono, transpirabilidad y ligereza. Testadas por corredores profesionales como Teophilus Kipsang Yator (1:03:58) y Dorine Jepchirchir (1:12:00) en la Movistar Madrid Medio Marat\u00f3n.<\/p>\n<p>La placa de carbono flexible CARBON PLATE proporciona una estabilidad superior a las placas convencionales, siendo ideal para quienes se inician en este tipo de calzado y para entrenamientos de alta intensidad. Su flexibilidad permite una transici\u00f3n m\u00e1s natural en la pisada, mejorando la comodidad y adaptabilidad. Adem\u00e1s, ofrece la propulsi\u00f3n necesaria para optimizar el rendimiento, lo que la convierte en una opci\u00f3n vers\u00e1til para diversos entrenamientos y competiciones.<\/p>\n<p>Upper elaborado en hilo para conseguir la m\u00e1xima ligereza. Asegura la correcta ventilaci\u00f3n y mejora el flujo de aire con el sistema de perforaciones VTS. Tambi\u00e9n incorpora un sistema de ajuste termosellado gracias a la tecnolog\u00eda JOMA SPORTECH. El cuello ergon\u00f3mico se adapta de forma \u00f3ptima al pie.<\/p>\n<p>Mediasuela con drop 7 mm fabricada con la tecnolog\u00eda FLY REACTIVE en la mediasuela, este material est\u00e1 dise\u00f1ado para ofrecer un equilibrio perfecto entre amortiguaci\u00f3n y reactividad. Su ligereza le proporciona una excelente absorci\u00f3n de impactos, lo que ayuda a reducir la fatiga durante tus competiciones. Adem\u00e1s, su capacidad de retorno de energ\u00eda maximiza el efecto de la placa de carbono mejorando la propulsi\u00f3n en cada zancada<\/p>\n<p>.<\/p>\n<p>Suela de caucho DURABILITY para asegurar la resistencia a la abrasi\u00f3n en asfalto.<\/p>\n<p>&nbsp;<\/p>\n<ul class=\"featuresul\">\n<li>\n<h5>Corte con mesh transpirable VTS<\/h5>\n<\/li>\n<li>\n<h5>Corte con sistema de ajuste termosellado SPORTECH<\/h5>\n<\/li>\n<li>\n<h5>Mediasuela con tecnolog\u00eda FLY REACTIVE y placa de carbono CARBON PLATE<\/h5>\n<\/li>\n<li>\n<h5>Suela caucho DURABILITY<\/h5>\n<\/li>\n<li>\n<h5>Corte con mesh transpirable VTS<\/h5>\n<\/li>\n<li>\n<h5>Corte con sistema de ajuste termosellado SPORTECH<\/h5>\n<\/li>\n<li>\n<h5>Mediasuela con tecnolog\u00eda FLY REACTIVE y placa de carbono CARBON PLATE<\/h5>\n<\/li>\n<li>\n<h5>Suela caucho DURABILITY<\/h5>\n<\/li>\n<li>\n<h5>Drop 7 mm<\/h5>\n<\/li>\n<li>\n<h5>Ritmo r\u00e1pido: menor de 4&#8242; por km<\/h5>\n<\/li>\n<li>\n<h5>Superficie de uso: asfalto<\/h5>\n<\/li>\n<li>\n<h5>Rendimiento: alto premium<\/h5>\n<div id=\"features\" class=\"attbox menu-description-title title\">\n<div class=\"row\">\n<div class=\"col-sm-5 p-0\"><\/div>\n<\/div>\n<\/div>\n<div id=\"technicalInformation\" class=\"attbox menu-description-title title current\">\n<div class=\"row \">\n<div class=\"col-sm-12 p-0\"><\/div>\n<\/div>\n<\/div>\n<\/li>\n<\/ul>\n","protected":false},"excerpt":{"rendered":"<p>Zapatillas de running para entrenamiento y competici\u00f3n. Estas zapatillas exigentes se han desarrollado para corredores que tengan una t\u00e9cnica depurada<\/p>\n","protected":false},"featured_media":113053,"template":"","meta":[],"product_brand":[7223],"product_cat":[6384,2240],"product_tag":[],"class_list":{"0":"post-113007","1":"product","2":"type-product","3":"status-publish","4":"has-post-thumbnail","6":"product_brand-joma","7":"product_cat-joma-en","8":"product_cat-footwear","10":"first","11":"instock","12":"taxable","13":"shipping-taxable","14":"purchasable","15":"product-type-variable","16":"has-default-attributes","17":"rtwpvg-product"},"supplier_id":null,"supplier_sku":"","barcode":null,"atum_controlled":true,"out_stock_date":null,"out_stock_threshold":null,"inheritable":false,"inbound_stock":null,"stock_on_hold":0,"sold_today":3,"sales_last_days":3,"reserved_stock":null,"customer_returns":null,"warehouse_damage":null,"lost_in_post":null,"other_logs":null,"out_stock_days":null,"lost_sales":0,"has_location":null,"update_date":"2026-01-02T10:44:35","atum_locations":[],"atum_stock_status":"instock","restock_status":false,"low_stock_amount":"","sales_update_date":null,"calc_backorders":null,"_links":{"self":[{"href":"https:\/\/onesportmallorca.com\/en\/wp-json\/wp\/v2\/product\/113007","targetHints":{"allow":["GET"]}}],"collection":[{"href":"https:\/\/onesportmallorca.com\/en\/wp-json\/wp\/v2\/product"}],"about":[{"href":"https:\/\/onesportmallorca.com\/en\/wp-json\/wp\/v2\/types\/product"}],"wp:featuredmedia":[{"embeddable":true,"href":"https:\/\/onesportmallorca.com\/en\/wp-json\/wp\/v2\/media\/113053"}],"wp:attachment":[{"href":"https:\/\/onesportmallorca.com\/en\/wp-json\/wp\/v2\/media?parent=113007"}],"wp:term":[{"taxonomy":"product_brand","embeddable":true,"href":"https:\/\/onesportmallorca.com\/en\/wp-json\/wp\/v2\/product_brand?post=113007"},{"taxonomy":"product_cat","embeddable":true,"href":"https:\/\/onesportmallorca.com\/en\/wp-json\/wp\/v2\/product_cat?post=113007"},{"taxonomy":"product_tag","embeddable":true,"href":"https:\/\/onesportmallorca.com\/en\/wp-json\/wp\/v2\/product_tag?post=113007"}],"curies":[{"name":"wp","href":"https:\/\/api.w.org\/{rel}","templated":true}]}}