{"id":107619,"date":"2025-07-22T14:13:18","date_gmt":"2025-07-22T12:13:18","guid":{"rendered":"https:\/\/onesportmallorca.com\/?post_type=product&#038;p=107619"},"modified":"2025-07-22T14:29:41","modified_gmt":"2025-07-22T12:29:41","slug":"zapatilla-hoka-w-challenger-8-jade-cosmic-grey-1168717jdc","status":"publish","type":"product","link":"https:\/\/onesportmallorca.com\/en\/producto\/zapatilla-hoka-w-challenger-8-jade-cosmic-grey-1168717jdc\/","title":{"rendered":"Zapatilla Hoka W CHALLENGER 8 Jade \/ Cosmic Grey (1168717JDC)"},"content":{"rendered":"<h2 class=\"description__title\">The Rundown<\/h2>\n<div id=\"description-info\" class=\"description__info\">\n<div class=\"content\">\n<div class=\"short-description__full\">\n<p><strong>Listas para el asfalto. Probadas en el trail.<\/strong><\/p>\n<p>Dise\u00f1adas para rendir tanto en el asfalto como en el trail, las Challenger\u00a08 combinan una amortiguaci\u00f3n suave con una tracci\u00f3n segura, por lo que te ofrecen el control y confort necesarios para conquistar cualquier terreno. Estas zapatillas todoterreno, adoradas por su pisada ultrac\u00f3moda, ahora llevan a\u00fan m\u00e1s espuma bajo el pie y un ajuste perfeccionado respecto a la versi\u00f3n anterior. Con un empeine minimalista de malla, un cuello acolchado y una puntera de goma resistente, hemos redise\u00f1ado la orientaci\u00f3n de los tacos en m\u00faltiples direcciones para garantizar la mejor experiencia sin l\u00edmites hasta la fecha.<\/p>\n<p class=\"description__product-id\">N.\u00ba de art\u00edculo\u00a0<span class=\"product-id\">1168717<\/span><\/p>\n<\/div>\n<\/div>\n<div class=\"model-info mt-1 mb-1\"><\/div>\n<div class=\"model-info-secondary mb-1\"><\/div>\n<div id=\"description-info-more-content\" class=\"product-description-view-more\">\n<div class=\"description-techspecs description-techspecs--bestfor\">\n<div class=\"description-techspecs__title title\">Uso<\/div>\n<div class=\"description-techspecs__items collapsible-recommendations\">\n<div class=\"description-techspecs__item\">Carretera<\/div>\n<div class=\"description-techspecs__item\">Trail<\/div>\n<\/div>\n<\/div>\n<div class=\"description-techspecs description-techspecs--features \">\n<div class=\"description-techspecs__title\">Caracter\u00edsticas:<\/div>\n<div class=\"description-techspecs__items\">\n<ul class=\"features-container\">\n<li class=\"feature-item\">Malla t\u00e9cnica fabricada con un 100\u00a0% de rPET<\/li>\n<li class=\"feature-item\">Puntera serigrafiada en 3D<\/li>\n<li class=\"feature-item\">EVA moldeada por compresi\u00f3n<\/li>\n<li class=\"feature-item\">Tacos en m\u00faltiples direcciones de 4\u00a0mm<\/li>\n<li class=\"feature-item\">Detalles reflectantes<\/li>\n<\/ul>\n<\/div>\n<\/div>\n<div class=\"description-whatsnew\">\n<p><strong>NOVEDADES<\/strong><\/p>\n<p>Descubrir\u00e1s una nueva horma con mayor longitud y un ajuste mejorado en el antepi\u00e9 y el empeine. Tambi\u00e9n hemos mejorado la tracci\u00f3n con un dise\u00f1o renovado de los tacos.<\/p>\n<\/div>\n<\/div>\n<\/div>\n","protected":false},"excerpt":{"rendered":"<p>The Rundown Listas para el asfalto. Probadas en el trail. Dise\u00f1adas para rendir tanto en el asfalto como en el<\/p>\n","protected":false},"featured_media":107596,"template":"","meta":[],"product_brand":[7224],"product_cat":[6396,2240],"product_tag":[],"class_list":{"0":"post-107619","1":"product","2":"type-product","3":"status-publish","4":"has-post-thumbnail","6":"product_brand-hoka","7":"product_cat-hoka-en","8":"product_cat-footwear","10":"first","11":"instock","12":"taxable","13":"shipping-taxable","14":"purchasable","15":"product-type-variable","16":"has-default-attributes","17":"rtwpvg-product"},"supplier_id":null,"supplier_sku":"","barcode":null,"atum_controlled":true,"out_stock_date":null,"out_stock_threshold":null,"inheritable":true,"inbound_stock":0,"stock_on_hold":0,"sold_today":2,"sales_last_days":3,"reserved_stock":0,"customer_returns":0,"warehouse_damage":0,"lost_in_post":0,"other_logs":0,"out_stock_days":null,"lost_sales":0,"has_location":true,"update_date":"2026-03-03T17:56:17","atum_locations":[{"id":6282,"name":"Tienda Onesport","slug":"tienda_onesport"}],"atum_stock_status":"outofstock","restock_status":false,"low_stock_amount":"","sales_update_date":"2025-09-08T06:40:50","calc_backorders":null,"_links":{"self":[{"href":"https:\/\/onesportmallorca.com\/en\/wp-json\/wp\/v2\/product\/107619","targetHints":{"allow":["GET"]}}],"collection":[{"href":"https:\/\/onesportmallorca.com\/en\/wp-json\/wp\/v2\/product"}],"about":[{"href":"https:\/\/onesportmallorca.com\/en\/wp-json\/wp\/v2\/types\/product"}],"wp:featuredmedia":[{"embeddable":true,"href":"https:\/\/onesportmallorca.com\/en\/wp-json\/wp\/v2\/media\/107596"}],"wp:attachment":[{"href":"https:\/\/onesportmallorca.com\/en\/wp-json\/wp\/v2\/media?parent=107619"}],"wp:term":[{"taxonomy":"product_brand","embeddable":true,"href":"https:\/\/onesportmallorca.com\/en\/wp-json\/wp\/v2\/product_brand?post=107619"},{"taxonomy":"product_cat","embeddable":true,"href":"https:\/\/onesportmallorca.com\/en\/wp-json\/wp\/v2\/product_cat?post=107619"},{"taxonomy":"product_tag","embeddable":true,"href":"https:\/\/onesportmallorca.com\/en\/wp-json\/wp\/v2\/product_tag?post=107619"}],"curies":[{"name":"wp","href":"https:\/\/api.w.org\/{rel}","templated":true}]}}