{"id":103127,"date":"2025-07-02T12:04:54","date_gmt":"2025-07-02T10:04:54","guid":{"rendered":"https:\/\/onesportmallorca.com\/?post_type=product&#038;p=103127"},"modified":"2025-07-04T11:49:46","modified_gmt":"2025-07-04T09:49:46","slug":"zapatillas-joma-r-2000-2502-blanco-rr200w2502","status":"publish","type":"product","link":"https:\/\/onesportmallorca.com\/en\/producto\/zapatillas-joma-r-2000-2502-blanco-rr200w2502\/","title":{"rendered":"Zapatillas Joma R.2000 2502 BLANCO (RR200W2502)"},"content":{"rendered":"<p>Zapatillas de running. Las R-2000 son conocidas por ser el modelo m\u00e1s c\u00f3modo, completo y polivalente de Joma. Ofrecen un confort exquisito y una versatilidad que le permite adaptarse a carreras ligeras y a sesiones largas, as\u00ed como a distintos ritmos.<\/p>\n<p>Upper elaborado con mesh acabado en Jacquard, muy ligero y transpirable gracias a las perforaciones. que optimizan la ventilaci\u00f3n del sudor y permiten la circulaci\u00f3n del aire dentro de las zapatillas. La tecnolog\u00eda avanzada VTS incorporada mejora la transpirabilidad y el confort, reduciendo la acumulaci\u00f3n de calor dentro de la zapatilla. Asegura que el pie se mantenga fresco y c\u00f3modo durante todo tu entrenamiento o competici\u00f3n.<\/p>\n<p>Sistema de ajuste termosellado JOMA SPORTECH, que brinda sujeci\u00f3n sin a\u00f1adir peso extra.<\/p>\n<p>Mediasuela reactiva con drop 10 mm y construida con doble material. En la parte trasera, el FLY REACTIVE proporciona un excelente retorno de energ\u00eda y una propulsi\u00f3n eficiente, optimizando cada zancada. En la parte delantera, un phylon de \u00faltima tecnolog\u00eda aporta mayor estabilidad y reactividad, mejorando el control y la adaptabilidad en cada paso. Juntos, estos compuestos garantizan un aterrizaje suave y una respuesta din\u00e1mica, brindando un equilibrio perfecto entre comodidad y rendimiento.<\/p>\n<p>&nbsp;<\/p>\n<p>Suela de caucho DURABILITY s\u00faper resistente. Otorga una tracci\u00f3n excepcional y reduce el riesgo de deslizamientos. Su dise\u00f1o distribuye el impacto, mejorando la resistencia al desgaste y garantizando un rendimiento constante.<\/p>\n<p>&nbsp;<\/p>\n<div id=\"features\" class=\"attbox menu-description-title title current\">\n<div class=\"row\">\n<div class=\"col-sm-5 p-0\">\n<ul class=\"featuresul\">\n<li>\n<h3>Corte con mesh transpirable VTS<\/h3>\n<\/li>\n<li>\n<h3>Corte con sistema de ajuste termosellado SPORTECH<\/h3>\n<\/li>\n<li>\n<h3>Mediasuela de phylon FLY REACTIVE<\/h3>\n<\/li>\n<li>\n<h3>Suela caucho DURABILITY<\/h3>\n<\/li>\n<\/ul>\n<\/div>\n<\/div>\n<\/div>\n<div id=\"technicalInformation\" class=\"attbox menu-description-title title\">\n<div class=\"row \">\n<div class=\"col-sm-12 p-0\">\n<ul class=\"featuresul\">\n<li>\n<h3>Drop 10 mm<\/h3>\n<\/li>\n<\/ul>\n<\/div>\n<\/div>\n<\/div>\n<ul class=\"featuresul\">\n<li>\n<h3>Ritmo r\u00e1pido: menor de 4&#8242; por km<\/h3>\n<\/li>\n<li>\n<h3>Rendimiento: alto premium<\/h3>\n<\/li>\n<\/ul>\n","protected":false},"excerpt":{"rendered":"<p>Zapatillas de running. Las R-2000 son conocidas por ser el modelo m\u00e1s c\u00f3modo, completo y polivalente de Joma. Ofrecen un<\/p>\n","protected":false},"featured_media":103160,"template":"","meta":[],"product_brand":[7223],"product_cat":[6384,2240],"product_tag":[],"class_list":{"0":"post-103127","1":"product","2":"type-product","3":"status-publish","4":"has-post-thumbnail","6":"product_brand-joma","7":"product_cat-joma-en","8":"product_cat-footwear","10":"first","11":"instock","12":"taxable","13":"shipping-taxable","14":"purchasable","15":"product-type-variable","16":"rtwpvg-product"},"supplier_id":null,"supplier_sku":"","barcode":null,"atum_controlled":true,"out_stock_date":null,"out_stock_threshold":null,"inheritable":true,"inbound_stock":0,"stock_on_hold":0,"sold_today":5,"sales_last_days":5,"reserved_stock":0,"customer_returns":0,"warehouse_damage":0,"lost_in_post":0,"other_logs":0,"out_stock_days":null,"lost_sales":0,"has_location":true,"update_date":"2026-04-20T17:34:39","atum_locations":[{"id":6282,"name":"Tienda Onesport","slug":"tienda_onesport"}],"atum_stock_status":"instock","restock_status":false,"low_stock_amount":"","sales_update_date":"2025-09-04T06:39:34","calc_backorders":null,"_links":{"self":[{"href":"https:\/\/onesportmallorca.com\/en\/wp-json\/wp\/v2\/product\/103127","targetHints":{"allow":["GET"]}}],"collection":[{"href":"https:\/\/onesportmallorca.com\/en\/wp-json\/wp\/v2\/product"}],"about":[{"href":"https:\/\/onesportmallorca.com\/en\/wp-json\/wp\/v2\/types\/product"}],"wp:featuredmedia":[{"embeddable":true,"href":"https:\/\/onesportmallorca.com\/en\/wp-json\/wp\/v2\/media\/103160"}],"wp:attachment":[{"href":"https:\/\/onesportmallorca.com\/en\/wp-json\/wp\/v2\/media?parent=103127"}],"wp:term":[{"taxonomy":"product_brand","embeddable":true,"href":"https:\/\/onesportmallorca.com\/en\/wp-json\/wp\/v2\/product_brand?post=103127"},{"taxonomy":"product_cat","embeddable":true,"href":"https:\/\/onesportmallorca.com\/en\/wp-json\/wp\/v2\/product_cat?post=103127"},{"taxonomy":"product_tag","embeddable":true,"href":"https:\/\/onesportmallorca.com\/en\/wp-json\/wp\/v2\/product_tag?post=103127"}],"curies":[{"name":"wp","href":"https:\/\/api.w.org\/{rel}","templated":true}]}}