{"id":101685,"date":"2025-06-24T19:57:48","date_gmt":"2025-06-24T17:57:48","guid":{"rendered":"https:\/\/onesportmallorca.com\/?post_type=product&#038;p=101685"},"modified":"2025-06-24T20:26:30","modified_gmt":"2025-06-24T18:26:30","slug":"zapatillas-joma-sima-lady-2504-verde-azul-tksmlw2504","status":"publish","type":"product","link":"https:\/\/onesportmallorca.com\/en\/producto\/zapatillas-joma-sima-lady-2504-verde-azul-tksmlw2504\/","title":{"rendered":"Zapatillas Joma SIMA Lady 2504 Verde Azul (TKSMLW2504)"},"content":{"rendered":"<p>Las zapatillas Joma Sima Lady 25 son unas zapatillas de trail para mujer. El m\u00edtico modelo mixto para trail contin\u00faa como uno de los m\u00e1s r\u00e1pidos y ligeros de Joma dentro de su categor\u00eda. Altas prestaciones en confort y amortiguaci\u00f3n de los impactos gracias a la incorporaci\u00f3n de tecnolog\u00eda de vanguardia. Upper ligero elaborado con mesh acabado en Jacquard, al que se le ha aplicado el sistema de perforaciones VTS para hacerlo a\u00fan m\u00e1s transpirable. El sistema termosellado JOMA SPORTECH se ha aplicado sin costuras y brinda un ajuste c\u00f3modo al pie. Refuerzo termosellado PROTECTION en puntera y laterales para garantizar la durabilidad y evitar la entrada de elementos externos al correr. Mediasuela con drop 7 mm compuesta por una \u00fanica pieza de FOAM REACTIVE, un material de alta calidad que aporta niveles \u00f3ptimos de amortiguaci\u00f3n y reduce las vibraciones de la pisada. Suela de caucho DURABILITY con tacos para asegurar el agarre a terrenos de baja dificultad.<\/p>\n<p><b>Caracter\u00edsticas:<\/b><\/p>\n<ul>\n<li>Corte con mesh transpirable VTS<\/li>\n<li>Corte con sistema de ajuste termosellado SPORTECH<\/li>\n<li>Corte con sistema de protecci\u00f3n termosellado PROTECTION<\/li>\n<li>Mediasuela con FOAM REACTIVE<\/li>\n<li>Suela caucho DURABILITY<\/li>\n<li>Drop 7 mm<\/li>\n<li>Peso 304 g<\/li>\n<li>Ritmo r\u00e1pido: menor de 4&#8242; por km<\/li>\n<li>Impermeabilidad: ninguno<\/li>\n<li>Intensidad de uso: entrenamiento y competici\u00f3n<\/li>\n<li>Distancia media: entre 20 km y 30 km<\/li>\n<li>Dificultad de terreno: medio\/bajo<\/li>\n<li>Rendimiento: alto<\/li>\n<\/ul>\n","protected":false},"excerpt":{"rendered":"<p>Las zapatillas Joma Sima Lady 25 son unas zapatillas de trail para mujer. El m\u00edtico modelo mixto para trail contin\u00faa<\/p>\n","protected":false},"featured_media":101716,"template":"","meta":[],"product_brand":[7223],"product_cat":[6384,2240],"product_tag":[],"class_list":{"0":"post-101685","1":"product","2":"type-product","3":"status-publish","4":"has-post-thumbnail","6":"product_brand-joma","7":"product_cat-joma-en","8":"product_cat-footwear","10":"first","11":"instock","12":"taxable","13":"shipping-taxable","14":"purchasable","15":"product-type-variable","16":"has-default-attributes","17":"rtwpvg-product"},"supplier_id":null,"supplier_sku":"","barcode":null,"atum_controlled":true,"out_stock_date":null,"out_stock_threshold":null,"inheritable":true,"inbound_stock":0,"stock_on_hold":0,"sold_today":null,"sales_last_days":null,"reserved_stock":0,"customer_returns":0,"warehouse_damage":0,"lost_in_post":0,"other_logs":0,"out_stock_days":null,"lost_sales":null,"has_location":true,"update_date":"2025-08-11T08:15:12","atum_locations":[{"id":6282,"name":"Tienda Onesport","slug":"tienda_onesport"}],"atum_stock_status":"outofstock","restock_status":false,"low_stock_amount":"","sales_update_date":"2025-08-11T08:15:12","calc_backorders":null,"_links":{"self":[{"href":"https:\/\/onesportmallorca.com\/en\/wp-json\/wp\/v2\/product\/101685","targetHints":{"allow":["GET"]}}],"collection":[{"href":"https:\/\/onesportmallorca.com\/en\/wp-json\/wp\/v2\/product"}],"about":[{"href":"https:\/\/onesportmallorca.com\/en\/wp-json\/wp\/v2\/types\/product"}],"wp:featuredmedia":[{"embeddable":true,"href":"https:\/\/onesportmallorca.com\/en\/wp-json\/wp\/v2\/media\/101716"}],"wp:attachment":[{"href":"https:\/\/onesportmallorca.com\/en\/wp-json\/wp\/v2\/media?parent=101685"}],"wp:term":[{"taxonomy":"product_brand","embeddable":true,"href":"https:\/\/onesportmallorca.com\/en\/wp-json\/wp\/v2\/product_brand?post=101685"},{"taxonomy":"product_cat","embeddable":true,"href":"https:\/\/onesportmallorca.com\/en\/wp-json\/wp\/v2\/product_cat?post=101685"},{"taxonomy":"product_tag","embeddable":true,"href":"https:\/\/onesportmallorca.com\/en\/wp-json\/wp\/v2\/product_tag?post=101685"}],"curies":[{"name":"wp","href":"https:\/\/api.w.org\/{rel}","templated":true}]}}