{"id":8248,"date":"2021-08-25T09:00:10","date_gmt":"2021-08-25T07:00:10","guid":{"rendered":"https:\/\/onesportmallorca.com\/contacto\/"},"modified":"2025-08-20T11:10:40","modified_gmt":"2025-08-20T09:10:40","slug":"contact","status":"publish","type":"page","link":"https:\/\/onesportmallorca.com\/en\/contact\/","title":{"rendered":"Contact"},"content":{"rendered":"<div class=\"wpb-content-wrapper\"><p>[vc_row full_width=&#8221;stretch_row_content_no_spaces&#8221; css_animation=&#8221;none&#8221; woodmart_css_id=&#8221;62da75472a79b&#8221; responsive_spacing=&#8221;eyJwYXJhbV90eXBlIjoid29vZG1hcnRfcmVzcG9uc2l2ZV9zcGFjaW5nIiwic2VsZWN0b3JfaWQiOiI2MmRhNzU0NzJhNzliIiwic2hvcnRjb2RlIjoidmNfcm93IiwiZGF0YSI6eyJ0YWJsZXQiOnsibWFyZ2luLWJvdHRvbSI6IjYwcHgifSwibW9iaWxlIjp7fX19&#8243; mobile_bg_img_hidden=&#8221;no&#8221; tablet_bg_img_hidden=&#8221;no&#8221; woodmart_parallax=&#8221;0&#8243; woodmart_gradient_switch=&#8221;no&#8221; woodmart_box_shadow=&#8221;no&#8221; wd_z_index=&#8221;no&#8221; woodmart_disable_overflow=&#8221;0&#8243; row_reverse_mobile=&#8221;0&#8243; row_reverse_tablet=&#8221;0&#8243;][vc_column]\t\t\t<link rel=\"stylesheet\" id=\"xts-style-term-73-css\" href=\"https:\/\/onesportmallorca.com\/wp-content\/uploads\/2025\/07\/xts-term-73-1753708649.css?ver=8.2.7\" type=\"text\/css\" media=\"all\">  \t\t\t<style>\t\t\t\t\t\t\t#slide-112845 .wd-slide-container {\n\t\t\t\t\t\t\t\t\t\t--wd-align-items: center;\n\t\t\t\t\t\t\t\t\t\t\t\t\t\t\t--wd-justify-content: left;\n\t\t\t\t\t\t\t\t\t}\n\t\t\t\t\t\t\t\t#slide-112845.woodmart-loaded .wd-slide-bg {\n\t\t\t\tbackground-image:url(https:\/\/onesportmallorca.com\/wp-content\/uploads\/2022\/06\/header-contact.jpg);\t\t\t\t}\n\n\t\t\t\t#slide-112845 .wd-slide-bg {\n\t\t\t\tbackground-color:#fefefe;\t\t\t\tbackground-size:cover;\n\t\t\t\t\t\t\t\t\t\tbackground-position:center center;\t\t\t\t\t\t\t\t\t}\n\n\t\t\t\t\t\t\t\t\t#slide-112845 .wd-slide-inner {\n\t\t\t\t\t\tmax-width:1200px;\t\t\t\t\t}\n\t\t\t\t\n\t\t\t\t@media (max-width: 1024px) {\n\t\t\t\t\n\t\t\t\t\n\t\t\t\t\t\t\t\t\t\t#slide-112845 .wd-slide-inner {\n\t\t\t\t\t\t\tmax-width:1200px;\t\t\t\t\t\t}\n\t\t\t\t\t\n\t\t\t\t\t#slide-112845 .wd-slide-bg {\n\t\t\t\t\t\t\t\t\t\t\t\t\t\t\t\t\t\t\n\t\t\t\t\t\t\t\t\t\t\t\t\t\t\t\t\t\t\t\t\t\t\t}\n\t\t\t\t}\n\n\t\t\t\t@media (max-width: 767px) {\n\t\t\t\t\n\t\t\t\t\n\t\t\t\t\t\t\t\t\t\t#slide-112845 .wd-slide-inner {\n\t\t\t\t\t\t\tmax-width:500px;\t\t\t\t\t\t}\n\t\t\t\t\t\n\t\t\t\t\t#slide-112845 .wd-slide-bg {\n\t\t\t\t\t\t\t\t\t\t\t\t\t\t\t\t\t\t\n\t\t\t\t\t\t\t\t\t\t\t\t\t\t\t\t\t\t\t\t\t\t\t}\n\t\t\t\t}\n\n\t\t\t\t\n\t\t\t\t\t\t\t\t<\/style>\n\t\t<div id=\"slider-73\" data-id=\"73\" class=\"wd-slider wd-carousel-container wd-anim-slide wd-section-container\">\n\t\t\t<div class=\"wd-carousel-inner\">\n\t\t\t\t<div class=\"wd-carousel wd-grid\" data-wrap=\"yes\" data-autoheight=\"yes\" data-scroll_per_page=\"yes\" data-sliding_speed=\"700\" data-effect=\"slide\" style=\"--wd-col-lg:1;--wd-col-md:1;--wd-col-sm:1;\">\n\t\t\t\t\t<div class=\"wd-carousel-wrap \">\n\t\t\t\t\t\t\t\t\t\t\t\t\t\t\t\t\t\t\t\t<div id=\"slide-112845\" class=\"wd-slide wd-carousel-item woodmart-loaded\" >\n\t\t\t\t\t\t\t\t\t\t\t\t\t\t\t\t<div class=\"container wd-slide-container content-fixed\">\n\t\t\t\t\t\t\t\t\t<div class=\"wd-slide-inner \">\n\t\t\t\t\t\t\t\t\t\t\t\t\t\t\t\t\t\t\t\t\t<div class=\"wpb-content-wrapper\"><p>[vc_row][vc_column width=&#8221;2\/3&#8243;][vc_custom_heading text=&#8221;Contact us&#8221; font_container=&#8221;tag:h2|font_size:40px|text_align:left|color:%23ffffff&#8221; use_theme_fonts=&#8221;yes&#8221; el_class=&#8221;text-uppercase&#8221;][\/vc_column][vc_column width=&#8221;1\/3&#8243;][\/vc_column][\/vc_row]<\/p>\n<\/div>\t\t\t\t\t\t\t\t\t\t\t\t\t\t\t\t\t\t\t<\/div>\n\t\t\t\t\t\t\t\t<\/div>\n\n\t\t\t\t\t\t\t\t<div class=\"wd-slide-bg wd-fill\"><\/div>\n\n\t\t\t\t\t\t\t\t\t\t\t\t\t\t\t<\/div>\n\n\t\t\t\t\t\t\t\t\t\t\t\t\t\t\t\t\t\t\t\t\t\t\t\t\t\t\t\t\t\t\t\t\t<\/div>\n\t\t\t\t<\/div>\n\n\t\t\t\t\t\t\t<\/div>\n\n\t\t\t\t\t<\/div>\n\t\t[\/vc_column][\/vc_row][vc_row][vc_column woodmart_text_align=&#8221;center&#8221; woodmart_css_id=&#8221;62a86f122ec40&#8243; parallax_scroll=&#8221;no&#8221; woodmart_sticky_column=&#8221;false&#8221; wd_collapsible_content_switcher=&#8221;no&#8221; wd_column_role_offcanvas_desktop=&#8221;no&#8221; wd_column_role_offcanvas_tablet=&#8221;no&#8221; wd_column_role_offcanvas_mobile=&#8221;no&#8221; wd_column_role_content_desktop=&#8221;no&#8221; wd_column_role_content_tablet=&#8221;no&#8221; wd_column_role_content_mobile=&#8221;no&#8221; mobile_bg_img_hidden=&#8221;no&#8221; tablet_bg_img_hidden=&#8221;no&#8221; woodmart_parallax=&#8221;0&#8243; woodmart_box_shadow=&#8221;no&#8221; responsive_spacing=&#8221;eyJwYXJhbV90eXBlIjoid29vZG1hcnRfcmVzcG9uc2l2ZV9zcGFjaW5nIiwic2VsZWN0b3JfaWQiOiI2MmE4NmYxMjJlYzQwIiwic2hvcnRjb2RlIjoidmNfY29sdW1uIiwiZGF0YSI6eyJ0YWJsZXQiOnt9LCJtb2JpbGUiOnt9fX0=&#8221; mobile_reset_margin=&#8221;no&#8221; tablet_reset_margin=&#8221;no&#8221; wd_z_index=&#8221;no&#8221;]\n\t\t<div id=\"wd-645cb7227e618\" class=\"title-wrapper wd-wpb wd-set-mb reset-last-child  wd-rs-645cb7227e618 wd-title-color-default wd-title-style-default text-center section  wd-underline-colored\">\n\t\t\t\t\t\t\t\n\t\t\t\t<div class=\"title-subtitle  subtitle-color-default font-default subtitle-style-default wd-font-weight- wd-fontsize-xs\">Contact<\/div>\n\t\t\t\n\t\t\t<div class=\"liner-continer\">\n\t\t\t\t<h4 class=\"woodmart-title-container title  wd-font-weight- wd-fontsize-l\" >Do not hesitate to talk to us<\/h4>\n\t\t\t\t\t\t\t<\/div>\n\t\t\t\n\t\t\t\t\t\t\t<div class=\"title-after_title reset-last-child  wd-fontsize-xs\">Nuestro equipo de profesionales estar\u00e1 encantado de ayudarte en cualquier duda que tengas. Puedes venir a vernos, llamarnos por tel\u00e9fono, escribirnos un e-mail o rellenar el formulario que tienes m\u00e1s abajo. Nos encanta conocer gente activa y din\u00e1mica que le guste trabajar en equipo y el mundo del deporte, salud y movimiento.<\/div>\n\t\t\t\n\t\t\t\n\t\t<\/div>\n\t\t\n\t\t[\/vc_column][\/vc_row][vc_row][vc_column width=&#8221;1\/3&#8243;]\n\t\t<div id=\"wd-645cb74ce07e7\" class=\"title-wrapper wd-wpb wd-set-mb reset-last-child  wd-rs-645cb74ce07e7 wd-title-color-default wd-title-style-simple text-left  wd-underline-colored\">\n\t\t\t\n\t\t\t<div class=\"liner-continer\">\n\t\t\t\t<h5 class=\"woodmart-title-container title  wd-font-weight- wd-fontsize-m\" >DIRECTION<\/h5>\n\t\t\t\t\t\t\t<\/div>\n\t\t\t\n\t\t\t\t\t\t\t<div class=\"title-after_title reset-last-child  wd-fontsize-xs\">Joan Bautista Cabanillas, 14<br \/>\n07460 - Pollen\u00e7a<\/div>\n\t\t\t\n\t\t\t\n\t\t<\/div>\n\t\t\n\t\t[\/vc_column][vc_column width=&#8221;1\/3&#8243;]\n\t\t<div id=\"wd-645cb75901c7f\" class=\"title-wrapper wd-wpb wd-set-mb reset-last-child  wd-rs-645cb75901c7f wd-title-color-default wd-title-style-simple text-left  wd-underline-colored\">\n\t\t\t\n\t\t\t<div class=\"liner-continer\">\n\t\t\t\t<h4 class=\"woodmart-title-container title  wd-font-weight- wd-fontsize-m\" >PHONE<\/h4>\n\t\t\t\t\t\t\t<\/div>\n\t\t\t\n\t\t\t\t\t\t\t<div class=\"title-after_title reset-last-child  wd-fontsize-xs\">+34 682 311 901<\/div>\n\t\t\t\n\t\t\t\n\t\t<\/div>\n\t\t\n\t\t[\/vc_column][vc_column width=&#8221;1\/3&#8243;]\n\t\t<div id=\"wd-62a86cf802895\" class=\"title-wrapper wd-wpb wd-set-mb reset-last-child  wd-rs-62a86cf802895 wd-title-color-default wd-title-style-simple text-left  wd-underline-colored\">\n\t\t\t\n\t\t\t<div class=\"liner-continer\">\n\t\t\t\t<h4 class=\"woodmart-title-container title  wd-font-weight- wd-fontsize-m\" >EMAIL<\/h4>\n\t\t\t\t\t\t\t<\/div>\n\t\t\t\n\t\t\t\t\t\t\t<div class=\"title-after_title reset-last-child  wd-fontsize-xs\">info@onesportmallorca.com<\/div>\n\t\t\t\n\t\t\t\n\t\t<\/div>\n\t\t\n\t\t[\/vc_column][\/vc_row][vc_row equal_height=&#8221;yes&#8221; css_animation=&#8221;none&#8221; css=&#8221;.vc_custom_1496926452255{margin-right: -50px !important;margin-left: -50px !important;}&#8221;][vc_column css=&#8221;.vc_custom_1496927710186{border-right-width: 1px !important;padding-top: 20px !important;padding-right: 50px !important;padding-bottom: 10px !important;padding-left: 50px !important;border-right-color: #e8e8e8 !important;border-right-style: solid !important;}&#8221; offset=&#8221;vc_col-lg-6 vc_col-md-6&#8243;]\n\t\t<div id=\"wd-645cb763e3599\" class=\"title-wrapper wd-wpb wd-set-mb reset-last-child  wd-rs-645cb763e3599 wd-title-color-default wd-title-style-default text-left  wd-underline-colored\">\n\t\t\t\n\t\t\t<div class=\"liner-continer\">\n\t\t\t\t<h4 class=\"woodmart-title-container title  wd-font-weight- wd-fontsize-l\" >Write<\/h4>\n\t\t\t\t\t\t\t<\/div>\n\t\t\t\n\t\t\t\t\t\t\t<div class=\"title-after_title reset-last-child  wd-fontsize-xs\">Fill in the following form and we will answer you as soon as possible.<\/div>\n\t\t\t\n\t\t\t\n\t\t<\/div>\n\t\t\n\t\t\n<div class=\"wpcf7 no-js\" id=\"wpcf7-f8509-o1\" lang=\"es-ES\" dir=\"ltr\" data-wpcf7-id=\"8509\">\n<div class=\"screen-reader-response\"><p role=\"status\" aria-live=\"polite\" aria-atomic=\"true\"><\/p> <ul><\/ul><\/div>\n<form action=\"\/en\/wp-json\/wp\/v2\/pages\/8248#wpcf7-f8509-o1\" method=\"post\" class=\"wpcf7-form init\" aria-label=\"Formulario de contacto\" novalidate=\"novalidate\" data-status=\"init\">\n<fieldset class=\"hidden-fields-container\"><input type=\"hidden\" name=\"_wpcf7\" value=\"8509\" \/><input type=\"hidden\" name=\"_wpcf7_version\" value=\"6.1.1\" \/><input type=\"hidden\" name=\"_wpcf7_locale\" value=\"es_ES\" \/><input type=\"hidden\" name=\"_wpcf7_unit_tag\" value=\"wpcf7-f8509-o1\" \/><input type=\"hidden\" name=\"_wpcf7_container_post\" value=\"0\" \/><input type=\"hidden\" name=\"_wpcf7_posted_data_hash\" value=\"\" \/><input type=\"hidden\" name=\"_wpcf7_recaptcha_response\" value=\"\" \/>\n<\/fieldset>\n<p><label> Name<br \/>\n<span class=\"wpcf7-form-control-wrap\" data-name=\"your-name\"><input size=\"40\" maxlength=\"400\" class=\"wpcf7-form-control wpcf7-text wpcf7-validates-as-required\" aria-required=\"true\" aria-invalid=\"false\" value=\"\" type=\"text\" name=\"your-name\" \/><\/span> <\/label>\n<\/p>\n<p><label> Email<br \/>\n<span class=\"wpcf7-form-control-wrap\" data-name=\"your-email\"><input size=\"40\" maxlength=\"400\" class=\"wpcf7-form-control wpcf7-email wpcf7-validates-as-required wpcf7-text wpcf7-validates-as-email\" aria-required=\"true\" aria-invalid=\"false\" value=\"\" type=\"email\" name=\"your-email\" \/><\/span> <\/label>\n<\/p>\n<p><label> Subject<br \/>\n<span class=\"wpcf7-form-control-wrap\" data-name=\"your-subject\"><input size=\"40\" maxlength=\"400\" class=\"wpcf7-form-control wpcf7-text wpcf7-validates-as-required\" aria-required=\"true\" aria-invalid=\"false\" value=\"\" type=\"text\" name=\"your-subject\" \/><\/span> <\/label>\n<\/p>\n<p><label> Message (otional)<br \/>\n<span class=\"wpcf7-form-control-wrap\" data-name=\"your-message\"><textarea cols=\"40\" rows=\"10\" maxlength=\"2000\" class=\"wpcf7-form-control wpcf7-textarea\" aria-invalid=\"false\" name=\"your-message\"><\/textarea><\/span> <\/label>\n<\/p>\n<span class=\"wpcf7-form-control-wrap recaptcha\" data-name=\"recaptcha\"><span data-sitekey=\"6LfPMHAgAAAAAEvqi7X2Xp_D-vc6MH2t7-kwceUC\" class=\"wpcf7-form-control wpcf7-recaptcha g-recaptcha\"><\/span>\r\n<noscript>\r\n\t<div class=\"grecaptcha-noscript\">\r\n\t\t<iframe loading=\"lazy\" src=\"https:\/\/www.google.com\/recaptcha\/api\/fallback?k=6LfPMHAgAAAAAEvqi7X2Xp_D-vc6MH2t7-kwceUC\" frameborder=\"0\" scrolling=\"no\" width=\"310\" height=\"430\">\r\n\t\t<\/iframe>\r\n\t\t<textarea name=\"g-recaptcha-response\" rows=\"3\" cols=\"40\" placeholder=\"Aqu\u00ed la respuesta de reCAPTCHA\">\r\n\t\t<\/textarea>\r\n\t<\/div>\r\n<\/noscript>\r\n<\/span>\n<p><label><\/label>\n<\/p>\n<p><input class=\"wpcf7-form-control wpcf7-submit has-spinner\" type=\"submit\" value=\"Send\" \/>\n<\/p><div class=\"wpcf7-response-output\" aria-hidden=\"true\"><\/div>\n<\/form>\n<\/div>\n[\/vc_column][vc_column css=&#8221;.vc_custom_1496927688909{padding-top: 20px !important;padding-right: 50px !important;padding-bottom: 10px !important;padding-left: 50px !important;}&#8221; offset=&#8221;vc_col-lg-6 vc_col-md-6&#8243;][vc_column_text woodmart_inline=&#8221;no&#8221; text_larger=&#8221;no&#8221;]<a href=\"https:\/\/www.google.com\/maps\/place\/Club+DUVA\/@39.893723,3.0940567,12.8z\/data=!4m5!3m4!1s0x0:0x1ffcc51a820d9751!8m2!3d39.9031028!4d3.0663671\" target=\"_blank\" rel=\"noopener\">Club Duva<\/a><\/p>\n<p><a href=\"https:\/\/www.google.com\/maps\/place\/Club+DUVA\/@39.893723,3.0940567,12z\/data=!4m5!3m4!1s0x0:0x1ffcc51a820d9751!8m2!3d39.9031028!4d3.0663671\" target=\"_blank\" rel=\"noopener\">Nu&#8217;u<\/a><\/p>\n<p><a href=\"https:\/\/www.google.com\/search?q=piscina+capdepera&amp;tbm=lcl&amp;sxsrf=ALiCzsYOps7DZnz7RDG-zTKvU1dPoHR_jw%3A1655205477905&amp;ei=ZW6oYszhNsGX9u8PhKq62AM&amp;oq=piscina+capdepera&amp;gs_l=psy-ab.3...14963.16233.0.16533.0.0.0.0.0.0.0.0..0.0....0...1c.1.64.psy-ab..0.0.0....0.uTW8nKBbk5E#rlfi=hd:;si:8318425415373366511,l,ChFwaXNjaW5hIGNhcGRlcGVyYVoTIhFwaXNjaW5hIGNhcGRlcGVyYZIBDnN3aW1taW5nX2Jhc2lumgEjQ2haRFNVaE5NRzluUzBWSlEwRm5TVU5MZUdaaFRrbFJFQUWqAQ8QASoLIgdwaXNjaW5hKA4;mv:[[39.703954599999996,3.4428891],[39.6992693,3.4283482]]\" target=\"_blank\" rel=\"noopener\">Piscina Municipal Capdepera<\/a><\/p>\n<p>[\/vc_column_text][\/vc_column][\/vc_row]<\/p>\n<\/div>","protected":false},"excerpt":{"rendered":"<p>[vc_row full_width=&#8221;stretch_row_content_no_spaces&#8221; css_animation=&#8221;none&#8221; woodmart_css_id=&#8221;62da75472a79b&#8221; responsive_spacing=&#8221;eyJwYXJhbV90eXBlIjoid29vZG1hcnRfcmVzcG9uc2l2ZV9zcGFjaW5nIiwic2VsZWN0b3JfaWQiOiI2MmRhNzU0NzJhNzliIiwic2hvcnRjb2RlIjoidmNfcm93IiwiZGF0YSI6eyJ0YWJsZXQiOnsibWFyZ2luLWJvdHRvbSI6IjYwcHgifSwibW9iaWxlIjp7fX19&#8243; mobile_bg_img_hidden=&#8221;no&#8221; tablet_bg_img_hidden=&#8221;no&#8221; woodmart_parallax=&#8221;0&#8243; woodmart_gradient_switch=&#8221;no&#8221; woodmart_box_shadow=&#8221;no&#8221; wd_z_index=&#8221;no&#8221; woodmart_disable_overflow=&#8221;0&#8243; row_reverse_mobile=&#8221;0&#8243; row_reverse_tablet=&#8221;0&#8243;][vc_column][\/vc_column][\/vc_row][vc_row][vc_column woodmart_text_align=&#8221;center&#8221; woodmart_css_id=&#8221;62a86f122ec40&#8243; parallax_scroll=&#8221;no&#8221; woodmart_sticky_column=&#8221;false&#8221; wd_collapsible_content_switcher=&#8221;no&#8221; wd_column_role_offcanvas_desktop=&#8221;no&#8221;<\/p>\n","protected":false},"author":1,"featured_media":0,"parent":0,"menu_order":0,"comment_status":"closed","ping_status":"closed","template":"","meta":{"footnotes":""},"class_list":["post-8248","page","type-page","status-publish","hentry"],"_links":{"self":[{"href":"https:\/\/onesportmallorca.com\/en\/wp-json\/wp\/v2\/pages\/8248","targetHints":{"allow":["GET"]}}],"collection":[{"href":"https:\/\/onesportmallorca.com\/en\/wp-json\/wp\/v2\/pages"}],"about":[{"href":"https:\/\/onesportmallorca.com\/en\/wp-json\/wp\/v2\/types\/page"}],"author":[{"embeddable":true,"href":"https:\/\/onesportmallorca.com\/en\/wp-json\/wp\/v2\/users\/1"}],"replies":[{"embeddable":true,"href":"https:\/\/onesportmallorca.com\/en\/wp-json\/wp\/v2\/comments?post=8248"}],"version-history":[{"count":0,"href":"https:\/\/onesportmallorca.com\/en\/wp-json\/wp\/v2\/pages\/8248\/revisions"}],"wp:attachment":[{"href":"https:\/\/onesportmallorca.com\/en\/wp-json\/wp\/v2\/media?parent=8248"}],"curies":[{"name":"wp","href":"https:\/\/api.w.org\/{rel}","templated":true}]}}