{"id":98237,"date":"2025-06-05T11:53:35","date_gmt":"2025-06-05T09:53:35","guid":{"rendered":"https:\/\/onesportmallorca.com\/?post_type=product&#038;p=98237"},"modified":"2026-01-12T13:32:36","modified_gmt":"2026-01-12T12:32:36","slug":"zapatillas-brooks-ghost-17","status":"publish","type":"product","link":"https:\/\/onesportmallorca.com\/ca\/producto\/zapatillas-brooks-ghost-17\/","title":{"rendered":"Zapatillas Brooks Ghost 17"},"content":{"rendered":"<p>COMODIDAD LIGERA<br \/>\n<strong>Amortiguaci\u00f3n suave<\/strong><br \/>\nNuestra amortiguaci\u00f3n DNA LOFT v3 con nitr\u00f3geno proporciona una comodidad suave bajo los pies.<\/p>\n<p>ENCUENTRA TU FLUJO<br \/>\n<strong>Transiciones suaves<\/strong><br \/>\nLa entresuela suave y la almohadilla de impacto segmentada promueven un flujo f\u00e1cil desde el aterrizaje hasta el despegue.<\/p>\n<p>AJUSTE BIENESTAR<br \/>\n<strong>Parte superior mejorada<\/strong><br \/>\nLa parte superior de malla de aire dise\u00f1ada combina elasticidad y estructura con la transpirabilidad perfecta.<\/p>\n","protected":false},"excerpt":{"rendered":"<p>COMODIDAD LIGERA Amortiguaci\u00f3n suave Nuestra amortiguaci\u00f3n DNA LOFT v3 con nitr\u00f3geno proporciona una comodidad suave bajo los pies. ENCUENTRA TU<\/p>\n","protected":false},"featured_media":98204,"template":"","meta":[],"product_brand":[7210],"product_cat":[6409,2239],"product_tag":[],"class_list":{"0":"post-98237","1":"product","2":"type-product","3":"status-publish","4":"has-post-thumbnail","6":"product_brand-brooks","7":"product_cat-brooks-ca","8":"product_cat-calcat","10":"first","11":"instock","12":"taxable","13":"shipping-taxable","14":"purchasable","15":"product-type-variable","16":"has-default-attributes","17":"rtwpvg-product"},"supplier_id":null,"supplier_sku":"","barcode":null,"atum_controlled":true,"out_stock_date":null,"out_stock_threshold":null,"inheritable":true,"inbound_stock":0,"stock_on_hold":0,"sold_today":10,"sales_last_days":10,"reserved_stock":0,"customer_returns":0,"warehouse_damage":0,"lost_in_post":0,"other_logs":0,"out_stock_days":null,"lost_sales":0,"has_location":true,"update_date":"2026-03-27T16:03:02","atum_locations":[{"id":6282,"name":"Tienda Onesport","slug":"tienda_onesport"}],"atum_stock_status":"instock","restock_status":false,"low_stock_amount":"","sales_update_date":"2025-07-18T09:12:05","calc_backorders":null,"_links":{"self":[{"href":"https:\/\/onesportmallorca.com\/ca\/wp-json\/wp\/v2\/product\/98237","targetHints":{"allow":["GET"]}}],"collection":[{"href":"https:\/\/onesportmallorca.com\/ca\/wp-json\/wp\/v2\/product"}],"about":[{"href":"https:\/\/onesportmallorca.com\/ca\/wp-json\/wp\/v2\/types\/product"}],"wp:featuredmedia":[{"embeddable":true,"href":"https:\/\/onesportmallorca.com\/ca\/wp-json\/wp\/v2\/media\/98204"}],"wp:attachment":[{"href":"https:\/\/onesportmallorca.com\/ca\/wp-json\/wp\/v2\/media?parent=98237"}],"wp:term":[{"taxonomy":"product_brand","embeddable":true,"href":"https:\/\/onesportmallorca.com\/ca\/wp-json\/wp\/v2\/product_brand?post=98237"},{"taxonomy":"product_cat","embeddable":true,"href":"https:\/\/onesportmallorca.com\/ca\/wp-json\/wp\/v2\/product_cat?post=98237"},{"taxonomy":"product_tag","embeddable":true,"href":"https:\/\/onesportmallorca.com\/ca\/wp-json\/wp\/v2\/product_tag?post=98237"}],"curies":[{"name":"wp","href":"https:\/\/api.w.org\/{rel}","templated":true}]}}