{"id":96986,"date":"2025-05-29T13:26:15","date_gmt":"2025-05-29T11:26:15","guid":{"rendered":"https:\/\/onesportmallorca.com\/?post_type=product&#038;p=96986"},"modified":"2025-05-29T13:43:11","modified_gmt":"2025-05-29T11:43:11","slug":"zapatillas-joma-trail-tr-5-men-2520-fucsia-tktr5w2520","status":"publish","type":"product","link":"https:\/\/onesportmallorca.com\/ca\/producto\/zapatillas-joma-trail-tr-5-men-2520-fucsia-tktr5w2520\/","title":{"rendered":"Zapatillas Joma TRAIL TR-5 Men 2520 Fucsia (TKTR5W2520)"},"content":{"rendered":"<h3>Descripci\u00f3n<\/h3>\n<p>&nbsp;<\/p>\n<p>Zapatillas de trail. Modelo desarrollado para competiciones en distancias largas, pero sin placa de carbono. Unas zapatillas que priorizan la comodidad, la amortiguaci\u00f3n, la estabilidad y la protecci\u00f3n. Est\u00e1n preparadas para ir por terrenos de dificultad media y t\u00e9cnica.<\/p>\n<p>Upper elaborado con mesh acabado en Jacquard, muy ligero y transpirable gracias a las perforaciones. que optimizan la ventilaci\u00f3n del sudor y permiten la circulaci\u00f3n del aire dentro de las zapatillas. La tecnolog\u00eda avanzada VTS incorporada mejora la transpirabilidad y el confort, reduciendo la acumulaci\u00f3n de calor dentro de la zapatilla. Asegura que el pie se mantenga fresco y c\u00f3modo durante todo tu entrenamiento o competici\u00f3n.<\/p>\n<p>Sistema de ajuste termosellado JOMA SPORTECH, que brinda sujeci\u00f3n sin a\u00f1adir peso extra. Refuerzos termosellados PROTECTION en zonas expuestas a golpes externos.<\/p>\n<p>Mediasuela con drop 5 mm elaborada con la tecnolog\u00eda FLY REACTIVE. Este material ultrarreactivo y ligero consigue un excelente retorno de energ\u00eda para optimizar el rendimiento, reducir la fatiga y ayudar a la recuperaci\u00f3n muscular. En las TR-5 esto es esencial para acumular kil\u00f3metros de una manera c\u00f3moda, pero sin perder ese plus de reactividad y respuesta.<\/p>\n<p>Suela de caucho DURABILITY resistente a la abrasi\u00f3n. Cuenta con un taqueado de 4 mm, especialmente dise\u00f1ado para proporcionar un agarre excepcional en terrenos grasos y t\u00e9cnicos.<\/p>\n<h3>Caracter\u00edsticas<\/h3>\n<ul class=\"double-column\">\n<li>Corte en Jacquard con mesh transpirable VTS<\/li>\n<li>Corte con sistema de ajuste termosellado SPORTECH<\/li>\n<li>Corte con sistema de protecci\u00f3n termosellado PROTECTION<\/li>\n<li>Mediasuela con tecnolog\u00eda FLY REACTIVE<\/li>\n<li>Suela caucho DURABILITY<\/li>\n<\/ul>\n<h3>Informaci\u00f3n t\u00e9cnica<\/h3>\n<ul class=\"double-column\">\n<li>Drop 5 mm<\/li>\n<li>Ritmo medio: entre 4&#8242; y 5&#8217;30&#8221; por km<\/li>\n<li>Ultradistancia: mayor a 50 km<\/li>\n<li>Dificultad del terreno: t\u00e9cnico<\/li>\n<li>Rendimiento: alto premium<\/li>\n<\/ul>\n","protected":false},"excerpt":{"rendered":"<p>Descripci\u00f3n &nbsp; Zapatillas de trail. Modelo desarrollado para competiciones en distancias largas, pero sin placa de carbono. Unas zapatillas que<\/p>\n","protected":false},"featured_media":97053,"template":"","meta":[],"product_brand":[7223],"product_cat":[6383,2239],"product_tag":[],"class_list":{"0":"post-96986","1":"product","2":"type-product","3":"status-publish","4":"has-post-thumbnail","6":"product_brand-joma","7":"product_cat-joma-ca","8":"product_cat-calcat","10":"first","11":"instock","12":"taxable","13":"shipping-taxable","14":"purchasable","15":"product-type-variable","16":"has-default-attributes","17":"rtwpvg-product"},"supplier_id":null,"supplier_sku":"","barcode":null,"atum_controlled":true,"out_stock_date":null,"out_stock_threshold":null,"inheritable":true,"inbound_stock":0,"stock_on_hold":0,"sold_today":4,"sales_last_days":4,"reserved_stock":0,"customer_returns":0,"warehouse_damage":0,"lost_in_post":0,"other_logs":0,"out_stock_days":null,"lost_sales":0,"has_location":true,"update_date":"2026-02-07T12:21:34","atum_locations":[{"id":6282,"name":"Tienda Onesport","slug":"tienda_onesport"}],"atum_stock_status":"outofstock","restock_status":false,"low_stock_amount":"","sales_update_date":"2025-07-18T09:12:06","calc_backorders":null,"_links":{"self":[{"href":"https:\/\/onesportmallorca.com\/ca\/wp-json\/wp\/v2\/product\/96986","targetHints":{"allow":["GET"]}}],"collection":[{"href":"https:\/\/onesportmallorca.com\/ca\/wp-json\/wp\/v2\/product"}],"about":[{"href":"https:\/\/onesportmallorca.com\/ca\/wp-json\/wp\/v2\/types\/product"}],"wp:featuredmedia":[{"embeddable":true,"href":"https:\/\/onesportmallorca.com\/ca\/wp-json\/wp\/v2\/media\/97053"}],"wp:attachment":[{"href":"https:\/\/onesportmallorca.com\/ca\/wp-json\/wp\/v2\/media?parent=96986"}],"wp:term":[{"taxonomy":"product_brand","embeddable":true,"href":"https:\/\/onesportmallorca.com\/ca\/wp-json\/wp\/v2\/product_brand?post=96986"},{"taxonomy":"product_cat","embeddable":true,"href":"https:\/\/onesportmallorca.com\/ca\/wp-json\/wp\/v2\/product_cat?post=96986"},{"taxonomy":"product_tag","embeddable":true,"href":"https:\/\/onesportmallorca.com\/ca\/wp-json\/wp\/v2\/product_tag?post=96986"}],"curies":[{"name":"wp","href":"https:\/\/api.w.org\/{rel}","templated":true}]}}