{"id":94012,"date":"2025-05-07T20:25:52","date_gmt":"2025-05-07T18:25:52","guid":{"rendered":"https:\/\/onesportmallorca.com\/?post_type=product&#038;p=94012"},"modified":"2025-09-29T17:30:21","modified_gmt":"2025-09-29T15:30:21","slug":"camiseta-joma-tirantes-marathon-ii-104422","status":"publish","type":"product","link":"https:\/\/onesportmallorca.com\/ca\/producto\/camiseta-joma-tirantes-marathon-ii-104422\/","title":{"rendered":"Camiseta Joma Tirantes MARATHON II (104422)"},"content":{"rendered":"<h3>Descripci\u00f3n<\/h3>\n<p>&nbsp;<\/p>\n<p>Camiseta sin mangas para hombre. Llega la nueva generaci\u00f3n de la l\u00ednea Marathon, pensada para corredores exigentes que buscan la m\u00e1xima ligereza y transpirabilidad.<\/p>\n<p>Elaborada con dise\u00f1o ergon\u00f3mico y cuello redondo.<\/p>\n<p>Dise\u00f1o seamless para conseguir el m\u00e1ximo ajuste y sensaci\u00f3n de segunda piel.<\/p>\n<p>Tejido ultraligero con acabado en Jacquard, capaz de evacuar el sudor y de regular la temperatura corporal en momenos de m\u00e1ximo rendimiento.<\/p>\n<p>Libertad de movimiento garantizada.<\/p>\n<p>Logotipo Joma Trail en printing.<\/p>\n","protected":false},"excerpt":{"rendered":"<p>Descripci\u00f3n &nbsp; Camiseta sin mangas para hombre. Llega la nueva generaci\u00f3n de la l\u00ednea Marathon, pensada para corredores exigentes que<\/p>\n","protected":false},"featured_media":94061,"template":"","meta":[],"product_brand":[7223],"product_cat":[6383,5950,5952],"product_tag":[],"class_list":{"0":"post-94012","1":"product","2":"type-product","3":"status-publish","4":"has-post-thumbnail","6":"product_brand-joma","7":"product_cat-joma-ca","8":"product_cat-roba","9":"product_cat-camiseta-ca","11":"first","12":"instock","13":"sale","14":"taxable","15":"shipping-taxable","16":"purchasable","17":"product-type-variable","18":"rtwpvg-product"},"supplier_id":null,"supplier_sku":"","barcode":null,"atum_controlled":true,"out_stock_date":null,"out_stock_threshold":null,"inheritable":true,"inbound_stock":0,"stock_on_hold":0,"sold_today":2,"sales_last_days":3,"reserved_stock":0,"customer_returns":0,"warehouse_damage":0,"lost_in_post":0,"other_logs":0,"out_stock_days":null,"lost_sales":0,"has_location":true,"update_date":"2026-01-21T16:55:36","atum_locations":[{"id":6282,"name":"Tienda Onesport","slug":"tienda_onesport"}],"atum_stock_status":"instock","restock_status":false,"low_stock_amount":"","sales_update_date":"2025-06-20T09:18:17","calc_backorders":null,"_links":{"self":[{"href":"https:\/\/onesportmallorca.com\/ca\/wp-json\/wp\/v2\/product\/94012","targetHints":{"allow":["GET"]}}],"collection":[{"href":"https:\/\/onesportmallorca.com\/ca\/wp-json\/wp\/v2\/product"}],"about":[{"href":"https:\/\/onesportmallorca.com\/ca\/wp-json\/wp\/v2\/types\/product"}],"wp:featuredmedia":[{"embeddable":true,"href":"https:\/\/onesportmallorca.com\/ca\/wp-json\/wp\/v2\/media\/94061"}],"wp:attachment":[{"href":"https:\/\/onesportmallorca.com\/ca\/wp-json\/wp\/v2\/media?parent=94012"}],"wp:term":[{"taxonomy":"product_brand","embeddable":true,"href":"https:\/\/onesportmallorca.com\/ca\/wp-json\/wp\/v2\/product_brand?post=94012"},{"taxonomy":"product_cat","embeddable":true,"href":"https:\/\/onesportmallorca.com\/ca\/wp-json\/wp\/v2\/product_cat?post=94012"},{"taxonomy":"product_tag","embeddable":true,"href":"https:\/\/onesportmallorca.com\/ca\/wp-json\/wp\/v2\/product_tag?post=94012"}],"curies":[{"name":"wp","href":"https:\/\/api.w.org\/{rel}","templated":true}]}}