{"id":91021,"date":"2025-04-16T09:59:03","date_gmt":"2025-04-16T07:59:03","guid":{"rendered":"https:\/\/onesportmallorca.com\/?post_type=product&#038;p=91021"},"modified":"2025-04-16T13:09:10","modified_gmt":"2025-04-16T11:09:10","slug":"zapatillas-adidas-adistar-3-m-ji1238","status":"publish","type":"product","link":"https:\/\/onesportmallorca.com\/ca\/producto\/zapatillas-adidas-adistar-3-m-ji1238\/","title":{"rendered":"Zapatillas Adidas ADISTAR 3 M (JI1238)"},"content":{"rendered":"<h3 class=\"subtitle___9ljbp\">Corre m\u00e1s all\u00e1 de tus expectativas<\/h3>\n<p class=\"gl-vspace\">Prep\u00e1rate para sumar kil\u00f3metros con esta zapatilla de running adidas. Si\u00e9ntete imparable y corre sin l\u00edmites gracias a su mediasuela REPETITOR ligera y din\u00e1mica ideal para carreras largas y de ritmo constante. El empeine de malla favorece la ventilaci\u00f3n y aporta sujeci\u00f3n, mientras que la suela resistente al desgaste te ayuda a llegar m\u00e1s lejos.<\/p>\n<div class=\"accordion__header-text___2o9Im\">\n<h2 class=\"accordion-title___2sTgR\">Detalles<\/h2>\n<\/div>\n<div class=\"accordion__header-icon___2FuRa\"><\/div>\n<div class=\"accordion__content___29x9h\">\n<div class=\"content-padding___2kVWQ\">\n<div class=\"features-section___1pumR\">\n<div class=\"item___1X-1_\">\n<p><img decoding=\"async\" class=\"img_with_fallback___2aHBu feature-icon___3S9eQ\" src=\"https:\/\/brand.assets.adidas.com\/image\/upload\/road_24f719a743.png\" srcset=\"\" alt=\"\" data-auto-id=\"image\" \/><\/p>\n<p class=\"feature-icon-text___3Owgv\">Correr sobre asfalto<\/p>\n<\/div>\n<div class=\"item___1X-1_\">\n<p><img decoding=\"async\" class=\"img_with_fallback___2aHBu feature-icon___3S9eQ\" src=\"https:\/\/brand.assets.adidas.com\/image\/upload\/neutral_16b16d1637.png\" srcset=\"\" alt=\"\" data-auto-id=\"image\" \/><\/p>\n<p class=\"feature-icon-text___3Owgv\">Pisada neutra<\/p>\n<p class=\"feature-icon-summary-small___31Rc0\">\n<\/div>\n<div class=\"item___1X-1_\">\n<p><img decoding=\"async\" class=\"img_with_fallback___2aHBu feature-icon___3S9eQ\" src=\"https:\/\/brand.assets.adidas.com\/image\/upload\/regular_a176d1f2d6.png\" srcset=\"\" alt=\"\" data-auto-id=\"image\" \/><\/p>\n<p class=\"feature-icon-text___3Owgv\">Horma cl\u00e1sica Hombre<\/p>\n<\/div>\n<div class=\"special-item___2Ohsx\">\n<p class=\"feature-icon-title___v-KQG\">5mm<\/p>\n<p class=\"feature-icon-summary-small___31Rc0\">Drop del tal\u00f3n a la puntera<\/p>\n<p class=\"feature-icon-summary-small___31Rc0\">40mm \/ 35mm<\/p>\n<\/div>\n<div class=\"special-item___2Ohsx\">\n<p class=\"feature-icon-title___v-KQG\">270g<\/p>\n<p class=\"feature-icon-summary-small___31Rc0\">Talla 42 2\/3<\/p>\n<\/div>\n<\/div>\n<div>\n<div class=\"bullets___3bsSs\" data-auto-id=\"specifications-section\" data-testid=\"specifications-section\">\n<ul class=\"gl-list\">\n<li class=\"gl-vspace-bpall-small\">Horma cl\u00e1sica<\/li>\n<li class=\"gl-vspace-bpall-small\">Cierre de cordones<\/li>\n<li class=\"gl-vspace-bpall-small\">Empeine textil y de malla sint\u00e9tica<\/li>\n<li class=\"gl-vspace-bpall-small\">Forro textil<\/li>\n<li class=\"gl-vspace-bpall-small\">Mediasuela REPETITOR<\/li>\n<\/ul>\n<ul class=\"gl-list\">\n<li class=\"gl-vspace-bpall-small\">Suela Adiwear<\/li>\n<li class=\"gl-vspace-bpall-small\">Peso: 270 g (talla 42 2\/3)<\/li>\n<li class=\"gl-vspace-bpall-small\">Drop: 5 mm (tal\u00f3n: 40 mm \/ antepi\u00e9: 35 mm)<\/li>\n<\/ul>\n<div class=\"technologies-content-name___kkx_0\">REPETITOR<\/div>\n<div class=\"technologies-content-title___moWj6\">Energ\u00eda para largas distancias<\/div>\n<p class=\"technologies-content-subtitle___2bGCf\">Repetitor proporciona un retorno de energ\u00eda constante y mayor estabilidad para un rendimiento fiable.<\/p>\n<\/div>\n<\/div>\n<\/div>\n<\/div>\n","protected":false},"excerpt":{"rendered":"<p>Corre m\u00e1s all\u00e1 de tus expectativas Prep\u00e1rate para sumar kil\u00f3metros con esta zapatilla de running adidas. Si\u00e9ntete imparable y corre<\/p>\n","protected":false},"featured_media":91049,"template":"","meta":[],"product_brand":[7193],"product_cat":[2239],"product_tag":[],"class_list":{"0":"post-91021","1":"product","2":"type-product","3":"status-publish","4":"has-post-thumbnail","6":"product_brand-adidas","7":"product_cat-calcat","9":"first","10":"instock","11":"sale","12":"taxable","13":"shipping-taxable","14":"purchasable","15":"product-type-variable","16":"rtwpvg-product"},"supplier_id":null,"supplier_sku":"","barcode":null,"atum_controlled":true,"out_stock_date":null,"out_stock_threshold":null,"inheritable":true,"inbound_stock":0,"stock_on_hold":0,"sold_today":2,"sales_last_days":2,"reserved_stock":0,"customer_returns":0,"warehouse_damage":0,"lost_in_post":0,"other_logs":0,"out_stock_days":null,"lost_sales":0,"has_location":true,"update_date":"2026-04-08T15:57:04","atum_locations":[{"id":6282,"name":"Tienda Onesport","slug":"tienda_onesport"}],"atum_stock_status":"instock","restock_status":false,"low_stock_amount":"","sales_update_date":"2025-06-06T14:36:45","calc_backorders":null,"_links":{"self":[{"href":"https:\/\/onesportmallorca.com\/ca\/wp-json\/wp\/v2\/product\/91021","targetHints":{"allow":["GET"]}}],"collection":[{"href":"https:\/\/onesportmallorca.com\/ca\/wp-json\/wp\/v2\/product"}],"about":[{"href":"https:\/\/onesportmallorca.com\/ca\/wp-json\/wp\/v2\/types\/product"}],"wp:featuredmedia":[{"embeddable":true,"href":"https:\/\/onesportmallorca.com\/ca\/wp-json\/wp\/v2\/media\/91049"}],"wp:attachment":[{"href":"https:\/\/onesportmallorca.com\/ca\/wp-json\/wp\/v2\/media?parent=91021"}],"wp:term":[{"taxonomy":"product_brand","embeddable":true,"href":"https:\/\/onesportmallorca.com\/ca\/wp-json\/wp\/v2\/product_brand?post=91021"},{"taxonomy":"product_cat","embeddable":true,"href":"https:\/\/onesportmallorca.com\/ca\/wp-json\/wp\/v2\/product_cat?post=91021"},{"taxonomy":"product_tag","embeddable":true,"href":"https:\/\/onesportmallorca.com\/ca\/wp-json\/wp\/v2\/product_tag?post=91021"}],"curies":[{"name":"wp","href":"https:\/\/api.w.org\/{rel}","templated":true}]}}