{"id":78458,"date":"2025-01-30T10:08:18","date_gmt":"2025-01-30T09:08:18","guid":{"rendered":"https:\/\/onesportmallorca.com\/?post_type=product&#038;p=78458"},"modified":"2026-01-12T09:55:24","modified_gmt":"2026-01-12T08:55:24","slug":"zapatilla-hoka-m-speedgoat-6-droplet-nautical-dusk-1147791drp","status":"publish","type":"product","link":"https:\/\/onesportmallorca.com\/ca\/producto\/zapatilla-hoka-m-speedgoat-6-droplet-nautical-dusk-1147791drp\/","title":{"rendered":"Zapatilla Hoka M SpeedGoat 6 Droplet \/ Nautical Dusk (1147791DRP)"},"content":{"rendered":"<h2 class=\"description__title\">The Rundown<\/h2>\n<div id=\"description-info\" class=\"description__info\">\n<div class=\"content\">\n<div class=\"js-short-description-expander short-description-expander short-description-expander--show\">\n<div id=\"short-description-full\" class=\"short-description-expander__full collapse show\">\n<p>Una pisada con capacidad de respuesta y adherencia para terrenos t\u00e9cnicos. Solo hay unas GOAT en el trail. No hay m\u00e1s que hablar. Con su combinaci\u00f3n de la amortiguaci\u00f3n aut\u00e9ntica y probada de HOKA, tracci\u00f3n agresiva y materiales ultraligeros, las Speedgoat\u00a06 han nacido para dominar el trail. Son un caballo de batalla en terrenos t\u00e9cnicos; esta reciente reedici\u00f3n ha mejorado con un empeine de tejido textil, un chasis interno que se ci\u00f1e a los pies, una leng\u00fceta con doble refuerzo m\u00e1s mullida y un nuevo dise\u00f1o de la orientaci\u00f3n de los tacos inspirado en las pezu\u00f1as de las cabras, \u00bfqu\u00e9 m\u00e1s se puede pedir?<\/p>\n<p class=\"description__product-id\">N.\u00ba de art\u00edculo\u00a0<span class=\"product-id\">1147791<\/span><\/p>\n<\/div>\n<\/div>\n<\/div>\n<div id=\"description-info-more-content\" class=\"product-description-view-more\">\n<div class=\"description-techspecs description-techspecs--bestfor\">\n<h4 class=\"description-techspecs__title title\">Uso<\/h4>\n<div class=\"description-techspecs__items collapsible-recommendations\">\n<div class=\"description-techspecs__item\">Trail<\/div>\n<div class=\"description-techspecs__item\">Senderismo<\/div>\n<\/div>\n<div><\/div>\n<\/div>\n<div class=\"description-techspecs description-techspecs--features \">\n<h4 class=\"description-techspecs__title\">Caracter\u00edsticas:<\/h4>\n<div class=\"description-techspecs__items\">\n<ul class=\"features-container\">\n<li class=\"feature-item\">Empeine de tejido ligero<\/li>\n<li class=\"feature-item\">Chasis de sujeci\u00f3n interna<\/li>\n<li class=\"feature-item\">Leng\u00fceta reforzada en los dos lados<\/li>\n<li class=\"feature-item\">Empeine din\u00e1mico<\/li>\n<li class=\"feature-item\">Puntera protectora<\/li>\n<\/ul>\n<ul class=\"features-container features-extended collapse show\">\n<li class=\"feature-item\">Vibram\u00ae Megagrip con taco de tracci\u00f3n<\/li>\n<li class=\"feature-item\">Nueva orientaci\u00f3n de los tacos<\/li>\n<li class=\"feature-item\">Compuesto de entresuela ligera con gran capacidad de respuesta<\/li>\n<li class=\"feature-item\">Tacos de<\/li>\n<li class=\"feature-item\">5\u00a0mm m\u00e1s ligeros y con gran capacidad de respuesta<\/li>\n<li class=\"feature-item\">Veganas<\/li>\n<\/ul>\n<\/div>\n<\/div>\n<\/div>\n<\/div>\n","protected":false},"excerpt":{"rendered":"<p>The Rundown Una pisada con capacidad de respuesta y adherencia para terrenos t\u00e9cnicos. Solo hay unas GOAT en el trail.<\/p>\n","protected":false},"featured_media":78500,"template":"","meta":[],"product_brand":[7224],"product_cat":[6395,2239],"product_tag":[],"class_list":{"0":"post-78458","1":"product","2":"type-product","3":"status-publish","4":"has-post-thumbnail","6":"product_brand-hoka","7":"product_cat-hoka-ca","8":"product_cat-calcat","10":"first","11":"instock","12":"sale","13":"taxable","14":"shipping-taxable","15":"purchasable","16":"product-type-variable","17":"has-default-attributes","18":"rtwpvg-product"},"supplier_id":null,"supplier_sku":"","barcode":null,"atum_controlled":true,"out_stock_date":null,"out_stock_threshold":null,"inheritable":true,"inbound_stock":0,"stock_on_hold":0,"sold_today":1,"sales_last_days":1,"reserved_stock":0,"customer_returns":0,"warehouse_damage":0,"lost_in_post":0,"other_logs":0,"out_stock_days":null,"lost_sales":0,"has_location":true,"update_date":"2026-01-12T08:55:28","atum_locations":[{"id":6282,"name":"Tienda Onesport","slug":"tienda_onesport"}],"atum_stock_status":"instock","restock_status":false,"low_stock_amount":"","sales_update_date":"2025-06-05T11:22:20","calc_backorders":null,"_links":{"self":[{"href":"https:\/\/onesportmallorca.com\/ca\/wp-json\/wp\/v2\/product\/78458","targetHints":{"allow":["GET"]}}],"collection":[{"href":"https:\/\/onesportmallorca.com\/ca\/wp-json\/wp\/v2\/product"}],"about":[{"href":"https:\/\/onesportmallorca.com\/ca\/wp-json\/wp\/v2\/types\/product"}],"wp:featuredmedia":[{"embeddable":true,"href":"https:\/\/onesportmallorca.com\/ca\/wp-json\/wp\/v2\/media\/78500"}],"wp:attachment":[{"href":"https:\/\/onesportmallorca.com\/ca\/wp-json\/wp\/v2\/media?parent=78458"}],"wp:term":[{"taxonomy":"product_brand","embeddable":true,"href":"https:\/\/onesportmallorca.com\/ca\/wp-json\/wp\/v2\/product_brand?post=78458"},{"taxonomy":"product_cat","embeddable":true,"href":"https:\/\/onesportmallorca.com\/ca\/wp-json\/wp\/v2\/product_cat?post=78458"},{"taxonomy":"product_tag","embeddable":true,"href":"https:\/\/onesportmallorca.com\/ca\/wp-json\/wp\/v2\/product_tag?post=78458"}],"curies":[{"name":"wp","href":"https:\/\/api.w.org\/{rel}","templated":true}]}}