{"id":78322,"date":"2025-01-29T16:43:05","date_gmt":"2025-01-29T15:43:05","guid":{"rendered":"https:\/\/onesportmallorca.com\/?post_type=product&#038;p=78322"},"modified":"2026-03-21T13:43:57","modified_gmt":"2026-03-21T12:43:57","slug":"visera-adidas-climacool-white-osfw-jn6085","status":"publish","type":"product","link":"https:\/\/onesportmallorca.com\/ca\/producto\/visera-adidas-climacool-white-osfw-jn6085\/","title":{"rendered":"Visera Adidas Climacool"},"content":{"rendered":"<h3 class=\"description_subtitle__5h3_L\">Mant\u00e9n la vista en tus objetivos<\/h3>\n<p class=\"description_margin__cBW26\">Sube el ritmo incluso en los d\u00edas soleados con esta visera adidas. Su dise\u00f1o curvado protege tus ojos de los reflejos y deslumbramientos. Cuenta con un cierre autoadherente en la nuca que te ofrece un ajuste a medida. La tecnolog\u00eda CLIMACOOL aleja el sudor de la piel, manteni\u00e9ndola fresca y seca para minimizar las distracciones y optimizar tu rendimiento. CLIMACOOL te ayuda a gestionar la transpiraci\u00f3n con materiales que expulsan la humedad r\u00e1pidamente. Sus fibras de secado r\u00e1pido te proporcionan una agradable sensaci\u00f3n de frescura.<\/p>\n","protected":false},"excerpt":{"rendered":"<p>Mant\u00e9n la vista en tus objetivos Sube el ritmo incluso en los d\u00edas soleados con esta visera adidas. Su dise\u00f1o<\/p>\n","protected":false},"featured_media":78331,"template":"","meta":[],"product_brand":[],"product_cat":[2326],"product_tag":[],"class_list":{"0":"post-78322","1":"product","2":"type-product","3":"status-publish","4":"has-post-thumbnail","6":"product_cat-viseras-y-gorras-ca","8":"first","9":"instock","10":"taxable","11":"shipping-taxable","12":"purchasable","13":"product-type-variable","14":"rtwpvg-product"},"supplier_id":null,"supplier_sku":"","barcode":null,"atum_controlled":true,"out_stock_date":null,"out_stock_threshold":null,"inheritable":true,"inbound_stock":0,"stock_on_hold":0,"sold_today":1,"sales_last_days":1,"reserved_stock":0,"customer_returns":0,"warehouse_damage":0,"lost_in_post":0,"other_logs":0,"out_stock_days":0,"lost_sales":0,"has_location":true,"update_date":"2026-04-14T09:30:03","atum_locations":[{"id":6282,"name":"Tienda Onesport","slug":"tienda_onesport"}],"atum_stock_status":"instock","restock_status":false,"low_stock_amount":"","sales_update_date":"2025-08-07T07:57:50","calc_backorders":null,"_links":{"self":[{"href":"https:\/\/onesportmallorca.com\/ca\/wp-json\/wp\/v2\/product\/78322","targetHints":{"allow":["GET"]}}],"collection":[{"href":"https:\/\/onesportmallorca.com\/ca\/wp-json\/wp\/v2\/product"}],"about":[{"href":"https:\/\/onesportmallorca.com\/ca\/wp-json\/wp\/v2\/types\/product"}],"wp:featuredmedia":[{"embeddable":true,"href":"https:\/\/onesportmallorca.com\/ca\/wp-json\/wp\/v2\/media\/78331"}],"wp:attachment":[{"href":"https:\/\/onesportmallorca.com\/ca\/wp-json\/wp\/v2\/media?parent=78322"}],"wp:term":[{"taxonomy":"product_brand","embeddable":true,"href":"https:\/\/onesportmallorca.com\/ca\/wp-json\/wp\/v2\/product_brand?post=78322"},{"taxonomy":"product_cat","embeddable":true,"href":"https:\/\/onesportmallorca.com\/ca\/wp-json\/wp\/v2\/product_cat?post=78322"},{"taxonomy":"product_tag","embeddable":true,"href":"https:\/\/onesportmallorca.com\/ca\/wp-json\/wp\/v2\/product_tag?post=78322"}],"curies":[{"name":"wp","href":"https:\/\/api.w.org\/{rel}","templated":true}]}}