{"id":78090,"date":"2025-01-29T12:16:01","date_gmt":"2025-01-29T11:16:01","guid":{"rendered":"https:\/\/onesportmallorca.com\/?post_type=product&#038;p=78090"},"modified":"2025-03-24T18:28:45","modified_gmt":"2025-03-24T17:28:45","slug":"zapatillas-adidas-questar-3-w-ftwr-white-flash-aqua-lucid-pink-ji4609","status":"publish","type":"product","link":"https:\/\/onesportmallorca.com\/ca\/producto\/zapatillas-adidas-questar-3-w-ftwr-white-flash-aqua-lucid-pink-ji4609\/","title":{"rendered":"Zapatillas Adidas Questar 3 W Ftwr White\/flash Aqua\/lucid Pink (JI4609)"},"content":{"rendered":"<p>Descubre la libertad de correr largas distancias con las zapatillas Questar 3 para mujer, dise\u00f1adas para quienes buscan superar sus l\u00edmites. Estas zapatillas de correr para adultos combinan una parte superior de malla dise\u00f1ada con una entresuela Bounce 2.0 de longitud completa, que ofrece transpirabilidad suave, m\u00e1xima amortiguaci\u00f3n y retorno de energ\u00eda. Impulsado por una suela protectora de goma y un cierre de cordones, este zapato tambi\u00e9n defiende las pr\u00e1cticas sostenibles con piezas fabricadas con materiales reciclados.<\/p>\n","protected":false},"excerpt":{"rendered":"<p>Descubre la libertad de correr largas distancias con las zapatillas Questar 3 para mujer, dise\u00f1adas para quienes buscan superar sus<\/p>\n","protected":false},"featured_media":78122,"template":"","meta":[],"product_brand":[],"product_cat":[2239],"product_tag":[7184],"class_list":{"0":"post-78090","1":"product","2":"type-product","3":"status-publish","4":"has-post-thumbnail","6":"product_cat-calcat","7":"product_tag-prueba-ca","9":"first","10":"instock","11":"sale","12":"taxable","13":"shipping-taxable","14":"purchasable","15":"product-type-variable","16":"has-default-attributes","17":"rtwpvg-product"},"supplier_id":null,"supplier_sku":"","barcode":null,"atum_controlled":true,"out_stock_date":null,"out_stock_threshold":null,"inheritable":true,"inbound_stock":0,"stock_on_hold":0,"sold_today":3,"sales_last_days":3,"reserved_stock":0,"customer_returns":0,"warehouse_damage":0,"lost_in_post":0,"other_logs":0,"out_stock_days":null,"lost_sales":0,"has_location":true,"update_date":"2025-11-30T11:10:38","atum_locations":[{"id":6282,"name":"Tienda Onesport","slug":"tienda_onesport"}],"atum_stock_status":"instock","restock_status":false,"low_stock_amount":"","sales_update_date":"2025-03-26T18:41:41","calc_backorders":null,"_links":{"self":[{"href":"https:\/\/onesportmallorca.com\/ca\/wp-json\/wp\/v2\/product\/78090","targetHints":{"allow":["GET"]}}],"collection":[{"href":"https:\/\/onesportmallorca.com\/ca\/wp-json\/wp\/v2\/product"}],"about":[{"href":"https:\/\/onesportmallorca.com\/ca\/wp-json\/wp\/v2\/types\/product"}],"wp:featuredmedia":[{"embeddable":true,"href":"https:\/\/onesportmallorca.com\/ca\/wp-json\/wp\/v2\/media\/78122"}],"wp:attachment":[{"href":"https:\/\/onesportmallorca.com\/ca\/wp-json\/wp\/v2\/media?parent=78090"}],"wp:term":[{"taxonomy":"product_brand","embeddable":true,"href":"https:\/\/onesportmallorca.com\/ca\/wp-json\/wp\/v2\/product_brand?post=78090"},{"taxonomy":"product_cat","embeddable":true,"href":"https:\/\/onesportmallorca.com\/ca\/wp-json\/wp\/v2\/product_cat?post=78090"},{"taxonomy":"product_tag","embeddable":true,"href":"https:\/\/onesportmallorca.com\/ca\/wp-json\/wp\/v2\/product_tag?post=78090"}],"curies":[{"name":"wp","href":"https:\/\/api.w.org\/{rel}","templated":true}]}}