{"id":78035,"date":"2025-01-29T11:57:14","date_gmt":"2025-01-29T10:57:14","guid":{"rendered":"https:\/\/onesportmallorca.com\/?post_type=product&#038;p=78035"},"modified":"2025-01-29T12:08:33","modified_gmt":"2025-01-29T11:08:33","slug":"pantalon-largo-adidas-walk-on","status":"publish","type":"product","link":"https:\/\/onesportmallorca.com\/ca\/producto\/pantalon-largo-adidas-walk-on\/","title":{"rendered":"Pantal\u00f3n Largo Adidas WALK ON"},"content":{"rendered":"<div class=\"mt-4 text-justify\">Ofrezca estilo y rendimiento con el pantal\u00f3n Tennis Walk On. Con la tecnolog\u00eda AEROREADY en su confecci\u00f3n de poli\u00e9ster 100% reciclado, estos pantalones tejidos resisten el sudor como un campe\u00f3n. Dise\u00f1ados para brindar comodidad, cuentan con piernas con cremallera para un f\u00e1cil acceso incluso con zapatos de tenis puestos, bolsillos para guardar pelotas, una cintura el\u00e1stica con cord\u00f3n interior para ajuste y un ajuste regular que se estrecha a medida que llega a los tobillos. Realzado con un detalle del logotipo de alto rendimiento en la pierna derecha y un forro de piqu\u00e9 desde la rodilla hasta la parte superior para mayor comodidad.<\/div>\n<table class=\"table table-striped table-product-dimensions table-light table-bordered- table-sm mt-3\">\n<colgroup>\n<col width=\"30%\" \/>\n<col width=\"70%\" \/><\/colgroup>\n<tbody>\n<tr>\n<td class=\"font-weight-500\">Composici\u00f3n<\/td>\n<td>100% poli\u00e9ster reciclado<\/td>\n<\/tr>\n<\/tbody>\n<\/table>\n","protected":false},"excerpt":{"rendered":"<p>Ofrezca estilo y rendimiento con el pantal\u00f3n Tennis Walk On. Con la tecnolog\u00eda AEROREADY en su confecci\u00f3n de poli\u00e9ster 100%<\/p>\n","protected":false},"featured_media":77950,"template":"","meta":[],"product_brand":[],"product_cat":[5950,2684],"product_tag":[],"class_list":{"0":"post-78035","1":"product","2":"type-product","3":"status-publish","4":"has-post-thumbnail","6":"product_cat-roba","7":"product_cat-pantalon-ca","9":"first","10":"outofstock","11":"taxable","12":"shipping-taxable","13":"purchasable","14":"product-type-variable","15":"has-default-attributes","16":"rtwpvg-product"},"supplier_id":null,"supplier_sku":"","barcode":null,"atum_controlled":true,"out_stock_date":null,"out_stock_threshold":null,"inheritable":true,"inbound_stock":0,"stock_on_hold":0,"sold_today":4,"sales_last_days":4,"reserved_stock":0,"customer_returns":0,"warehouse_damage":0,"lost_in_post":0,"other_logs":0,"out_stock_days":null,"lost_sales":0,"has_location":true,"update_date":"2025-05-22T08:52:42","atum_locations":[{"id":6282,"name":"Tienda Onesport","slug":"tienda_onesport"}],"atum_stock_status":"outofstock","restock_status":false,"low_stock_amount":"","sales_update_date":"2025-03-27T13:02:44","calc_backorders":null,"_links":{"self":[{"href":"https:\/\/onesportmallorca.com\/ca\/wp-json\/wp\/v2\/product\/78035","targetHints":{"allow":["GET"]}}],"collection":[{"href":"https:\/\/onesportmallorca.com\/ca\/wp-json\/wp\/v2\/product"}],"about":[{"href":"https:\/\/onesportmallorca.com\/ca\/wp-json\/wp\/v2\/types\/product"}],"wp:featuredmedia":[{"embeddable":true,"href":"https:\/\/onesportmallorca.com\/ca\/wp-json\/wp\/v2\/media\/77950"}],"wp:attachment":[{"href":"https:\/\/onesportmallorca.com\/ca\/wp-json\/wp\/v2\/media?parent=78035"}],"wp:term":[{"taxonomy":"product_brand","embeddable":true,"href":"https:\/\/onesportmallorca.com\/ca\/wp-json\/wp\/v2\/product_brand?post=78035"},{"taxonomy":"product_cat","embeddable":true,"href":"https:\/\/onesportmallorca.com\/ca\/wp-json\/wp\/v2\/product_cat?post=78035"},{"taxonomy":"product_tag","embeddable":true,"href":"https:\/\/onesportmallorca.com\/ca\/wp-json\/wp\/v2\/product_tag?post=78035"}],"curies":[{"name":"wp","href":"https:\/\/api.w.org\/{rel}","templated":true}]}}