{"id":76537,"date":"2025-01-23T10:07:58","date_gmt":"2025-01-23T09:07:58","guid":{"rendered":"https:\/\/onesportmallorca.com\/?post_type=product&#038;p=76537"},"modified":"2025-06-18T11:45:38","modified_gmt":"2025-06-18T09:45:38","slug":"zapatilla-hoka-w-clifton-9-1127896mnw","status":"publish","type":"product","link":"https:\/\/onesportmallorca.com\/ca\/producto\/zapatilla-hoka-w-clifton-9-1127896mnw\/","title":{"rendered":"Zapatilla Hoka W Clifton 9 (1127896MNW)"},"content":{"rendered":"<h2 class=\"description__title\">The Rundown<\/h2>\n<div id=\"description-info\" class=\"description__info\">\n<div class=\"content\">\n<div class=\"short-description__full\">\n<p><strong>Ligeras y acolchadas para largas distancias diarias.<\/strong><\/p>\n<p>La novena versi\u00f3n de nuestra galardonada gama Clifton ofrece una versi\u00f3n m\u00e1s ligera y con m\u00e1s amortiguaci\u00f3n que nunca. Las nuevas Clifton\u00a09 reducen el peso al tiempo que a\u00f1aden 3\u00a0mm de altura; adem\u00e1s, ofrecen una experiencia revitalizada bajo los pies con una nueva espuma con capacidad de respuesta y un dise\u00f1o de suela mejorado. Las capas superpuestas y las termofusiones se han eliminado, y el empeine minimalista se ha confeccionado de forma consciente con un tal\u00f3n m\u00e1s suave, un panel reflectante en el tal\u00f3n y una leng\u00fceta aerodin\u00e1mica con refuerzo de la zona intermedia en un solo lado.<\/p>\n<p class=\"description__product-id\">N.\u00ba de art\u00edculo\u00a0<span class=\"product-id\">1127896<\/span><\/p>\n<\/div>\n<\/div>\n<\/div>\n<div id=\"description-info\" class=\"description__info\">\n<div class=\"model-info mt-1 mb-1\"><\/div>\n<div class=\"model-info-secondary mb-1\"><\/div>\n<div id=\"description-info-more-content\" class=\"product-description-view-more\">\n<div class=\"description-techspecs description-techspecs--bestfor\">\n<div class=\"description-techspecs__title title\">Uso<\/div>\n<div class=\"description-techspecs__items collapsible-recommendations\">\n<div class=\"description-techspecs__item\">Carretera<\/div>\n<div class=\"description-techspecs__item\">Caminar<\/div>\n<\/div>\n<\/div>\n<div class=\"description-techspecs description-techspecs--features \">\n<div class=\"description-techspecs__title\">Caracter\u00edsticas:<\/div>\n<div class=\"description-techspecs__items\">\n<ul class=\"features-container\">\n<li class=\"feature-item\">Empeine de punto t\u00e9cnico transpirable<\/li>\n<li class=\"feature-item\">Leng\u00fceta reforzada<\/li>\n<li class=\"feature-item\">Cordones con un 70\u00a0% de nailon reciclado y un 30\u00a0% de poli\u00e9ster reciclado (excepto el herrete)<\/li>\n<li class=\"feature-item\">Entresuela de espuma EVA moldeada por compresi\u00f3n<\/li>\n<li class=\"feature-item\">MetaRocker\u2122 en posici\u00f3n de fase inicial<\/li>\n<\/ul>\n<ul class=\"features-container features-extended collapse show\">\n<li class=\"feature-item\">Geometr\u00eda inherentemente estable<\/li>\n<li class=\"feature-item\">Suela exterior de caucho Durabrasion Rubber\u2122<\/li>\n<li class=\"feature-item\">Veganas<\/li>\n<li class=\"feature-item\">Malla del empeine con un 35\u00a0% de poli\u00e9ster reciclado<\/li>\n<li class=\"feature-item\">Cuello y forro de la leng\u00fceta con un 60\u00a0% de poli\u00e9ster reciclado<\/li>\n<li class=\"feature-item\">Plantilla con construcci\u00f3n Strobel con un 87\u00a0% de poli\u00e9ster reciclado<\/li>\n<li class=\"feature-item\">Tejido superior de la plantilla con un 100\u00a0% de poli\u00e9ster reciclado<\/li>\n<\/ul>\n<\/div>\n<\/div>\n<\/div>\n<\/div>\n","protected":false},"excerpt":{"rendered":"<p>The Rundown Ligeras y acolchadas para largas distancias diarias. La novena versi\u00f3n de nuestra galardonada gama Clifton ofrece una versi\u00f3n<\/p>\n","protected":false},"featured_media":76614,"template":"","meta":[],"product_brand":[7224],"product_cat":[6395,2239],"product_tag":[],"class_list":{"0":"post-76537","1":"product","2":"type-product","3":"status-publish","4":"has-post-thumbnail","6":"product_brand-hoka","7":"product_cat-hoka-ca","8":"product_cat-calcat","10":"first","11":"instock","12":"sale","13":"taxable","14":"shipping-taxable","15":"purchasable","16":"product-type-variable","17":"has-default-attributes","18":"rtwpvg-product"},"supplier_id":null,"supplier_sku":"","barcode":null,"atum_controlled":true,"out_stock_date":null,"out_stock_threshold":null,"inheritable":true,"inbound_stock":0,"stock_on_hold":0,"sold_today":1,"sales_last_days":1,"reserved_stock":0,"customer_returns":0,"warehouse_damage":0,"lost_in_post":0,"other_logs":0,"out_stock_days":null,"lost_sales":0,"has_location":true,"update_date":"2025-11-18T17:55:34","atum_locations":[{"id":6282,"name":"Tienda Onesport","slug":"tienda_onesport"}],"atum_stock_status":"instock","restock_status":false,"low_stock_amount":"","sales_update_date":"2025-08-07T07:57:49","calc_backorders":null,"_links":{"self":[{"href":"https:\/\/onesportmallorca.com\/ca\/wp-json\/wp\/v2\/product\/76537","targetHints":{"allow":["GET"]}}],"collection":[{"href":"https:\/\/onesportmallorca.com\/ca\/wp-json\/wp\/v2\/product"}],"about":[{"href":"https:\/\/onesportmallorca.com\/ca\/wp-json\/wp\/v2\/types\/product"}],"wp:featuredmedia":[{"embeddable":true,"href":"https:\/\/onesportmallorca.com\/ca\/wp-json\/wp\/v2\/media\/76614"}],"wp:attachment":[{"href":"https:\/\/onesportmallorca.com\/ca\/wp-json\/wp\/v2\/media?parent=76537"}],"wp:term":[{"taxonomy":"product_brand","embeddable":true,"href":"https:\/\/onesportmallorca.com\/ca\/wp-json\/wp\/v2\/product_brand?post=76537"},{"taxonomy":"product_cat","embeddable":true,"href":"https:\/\/onesportmallorca.com\/ca\/wp-json\/wp\/v2\/product_cat?post=76537"},{"taxonomy":"product_tag","embeddable":true,"href":"https:\/\/onesportmallorca.com\/ca\/wp-json\/wp\/v2\/product_tag?post=76537"}],"curies":[{"name":"wp","href":"https:\/\/api.w.org\/{rel}","templated":true}]}}