{"id":74390,"date":"2025-01-03T17:26:46","date_gmt":"2025-01-03T16:26:46","guid":{"rendered":"https:\/\/onesportmallorca.com\/?post_type=product&#038;p=74390"},"modified":"2025-03-04T10:19:36","modified_gmt":"2025-03-04T09:19:36","slug":"on-cloudmonster-1-w-white-lima-61-97725-w","status":"publish","type":"product","link":"https:\/\/onesportmallorca.com\/ca\/producto\/on-cloudmonster-1-w-white-lima-61-97725-w\/","title":{"rendered":"On CloudMonster 1 W White | Lima (61.97725 W)"},"content":{"rendered":"<p><strong>Amortiguaci\u00f3n CloudTec\u00ae de gran tama\u00f1o<\/strong><br \/>\nAdorada tanto por corredores como por no corredores, la Cloudmonster es nuestra rareza original. Combinando la amortiguaci\u00f3n CloudTec\u00ae reactiva con un Speedboard\u00ae ultrapoderoso, se trata de aterrizajes c\u00f3modos y amortiguados y despegues potentes y en\u00e9rgicos.<\/p>\n<p><strong>Ascenso divertido con avance<\/strong><br \/>\nEl audaz balanc\u00edn en el antepi\u00e9 de la zapatilla proporciona mucho resorte en los dedos, mientras que la facilidad de calce hace que correr sea pr\u00e1cticamente irresistible. Fabricada con materiales reciclados, la parte superior transpirable y la plantilla suave son ligeras, duraderas y resistentes a la temperatura.<\/p>\n<p><strong>Lista para todo<\/strong><br \/>\nDesde una carrera f\u00e1cil de 5 km hasta una carrera de 20 km de gran esfuerzo, esta zapatilla vers\u00e1til para uso diario lo maneja todo. Ya sea que vayas lento o te muevas r\u00e1pido, su amortiguaci\u00f3n CloudTec\u00ae el\u00e1stica te impulsa hacia adelante con potencia, para que puedas llevar la energ\u00eda a cada carrera.<\/p>\n<p><strong>Caracter\u00edsticas principales<\/strong><br \/>\nPeso: 230 g<\/p>\n<p>Zapatillas para correr con m\u00e1xima amortiguaci\u00f3n para un rebote notable<\/p>\n<p>Plantilla y parte superior suaves para una comodidad de nivel superior<\/p>\n<p>Snappy Speedboard\u00ae para un m\u00e1ximo retorno de energ\u00eda<\/p>\n<p>Forma de balanc\u00edn \u00fanica para un impulso hacia adelante sin esfuerzo<\/p>\n<p>La superespuma Helion\u2122 absorbe el impacto al aterrizar<\/p>\n<p>Ligera, duradera y resistente a la temperatura<\/p>\n","protected":false},"excerpt":{"rendered":"<p>Amortiguaci\u00f3n CloudTec\u00ae de gran tama\u00f1o Adorada tanto por corredores como por no corredores, la Cloudmonster es nuestra rareza original. Combinando<\/p>\n","protected":false},"featured_media":74415,"template":"","meta":[],"product_brand":[7203],"product_cat":[6425,2239],"product_tag":[],"class_list":{"0":"post-74390","1":"product","2":"type-product","3":"status-publish","4":"has-post-thumbnail","6":"product_brand-on-running","7":"product_cat-onr-ca","8":"product_cat-calcat","10":"first","11":"instock","12":"taxable","13":"shipping-taxable","14":"purchasable","15":"product-type-variable","16":"rtwpvg-product"},"supplier_id":null,"supplier_sku":"","barcode":null,"atum_controlled":true,"out_stock_date":null,"out_stock_threshold":null,"inheritable":true,"inbound_stock":0,"stock_on_hold":0,"sold_today":0,"sales_last_days":0,"reserved_stock":0,"customer_returns":0,"warehouse_damage":0,"lost_in_post":0,"other_logs":0,"out_stock_days":null,"lost_sales":0,"has_location":true,"update_date":"2026-01-17T08:20:57","atum_locations":[{"id":5969,"name":"Nu'u","slug":"nuu"}],"atum_stock_status":"instock","restock_status":false,"low_stock_amount":"","sales_update_date":"2025-12-05T13:42:48","calc_backorders":null,"_links":{"self":[{"href":"https:\/\/onesportmallorca.com\/ca\/wp-json\/wp\/v2\/product\/74390","targetHints":{"allow":["GET"]}}],"collection":[{"href":"https:\/\/onesportmallorca.com\/ca\/wp-json\/wp\/v2\/product"}],"about":[{"href":"https:\/\/onesportmallorca.com\/ca\/wp-json\/wp\/v2\/types\/product"}],"wp:featuredmedia":[{"embeddable":true,"href":"https:\/\/onesportmallorca.com\/ca\/wp-json\/wp\/v2\/media\/74415"}],"wp:attachment":[{"href":"https:\/\/onesportmallorca.com\/ca\/wp-json\/wp\/v2\/media?parent=74390"}],"wp:term":[{"taxonomy":"product_brand","embeddable":true,"href":"https:\/\/onesportmallorca.com\/ca\/wp-json\/wp\/v2\/product_brand?post=74390"},{"taxonomy":"product_cat","embeddable":true,"href":"https:\/\/onesportmallorca.com\/ca\/wp-json\/wp\/v2\/product_cat?post=74390"},{"taxonomy":"product_tag","embeddable":true,"href":"https:\/\/onesportmallorca.com\/ca\/wp-json\/wp\/v2\/product_tag?post=74390"}],"curies":[{"name":"wp","href":"https:\/\/api.w.org\/{rel}","templated":true}]}}