{"id":73600,"date":"2024-12-11T13:55:53","date_gmt":"2024-12-11T12:55:53","guid":{"rendered":"https:\/\/onesportmallorca.com\/producto\/on-cloudsurfer-trail-wp\/"},"modified":"2024-12-19T12:16:42","modified_gmt":"2024-12-19T11:16:42","slug":"on-cloudsurfer-trail-wp","status":"publish","type":"product","link":"https:\/\/onesportmallorca.com\/ca\/producto\/on-cloudsurfer-trail-wp\/","title":{"rendered":"On Cloudsurfer Trail WP"},"content":{"rendered":"<p>M\u00e1s confort. M\u00e1s flow. M\u00e1s trail. Las zapatillas impermeables de trail running para terrenos moderadamente t\u00e9cnicos.<\/p>\n<p>&nbsp;<\/p>\n<h2 class=\"_imageTitle_1v335_89\">Confort y estabilidad<\/h2>\n<p class=\"_description_1v335_110\">Deja atr\u00e1s el asfalto con nuestras primeras zapatillas de trail running con CloudTec Phase\u00ae. Esta tecnolog\u00eda optimizada por ordenador amortigua desde el tal\u00f3n hasta la puntera. Disfruta de aterrizajes suaves y una transferencia fluida del peso en terrenos con una inclinaci\u00f3n moderada.<\/p>\n<p>&nbsp;<\/p>\n<h2 class=\"_imageTitle_1v335_89\">Se agarran al terreno<\/h2>\n<p class=\"_description_1v335_110\">Explora nuevos senderos con total confianza. La suela de goma Missiongrip\u2122 de las Cloudsurfer Trail Waterproof ofrece estabilidad y soporte en superficies mojadas y secas, mientras que el dise\u00f1o del taqueado aumenta la tracci\u00f3n e impide que te lleves las piedras de recuerdo a casa.<\/p>\n<p>&nbsp;<\/p>\n<h2 class=\"_imageTitle_1v335_89\">Protecci\u00f3n impermeable<\/h2>\n<p class=\"_description_1v335_110\">No podemos (ni queremos) predecir el tiempo, pues es parte de la aventura. Pero s\u00ed podemos prepararnos para plantarle cara con las Cloudsurfer Trail Waterproof: unas zapatillas vers\u00e1tiles y fiables con membrana impermeable para que te muevas como pez en el agua por los charcos y el barro.<\/p>\n<p>&nbsp;<\/p>\n<h2 class=\"_title_pjr0g_58\">Detalles del producto<\/h2>\n<ul class=\"_usps_pjr0g_76\">\n<li class=\"\">\n<p class=\"_usp_pjr0g_76\">Peso: 263g<\/p>\n<\/li>\n<li class=\"\">\n<p class=\"_usp_pjr0g_76\">Entresuela con CloudTec Phase\u00ae que minimiza el impacto<\/p>\n<\/li>\n<li class=\"\">\n<p class=\"_usp_pjr0g_76\">Amortiguaci\u00f3n con espuma Helion\u2122 y tal\u00f3n acolchado<\/p>\n<\/li>\n<li class=\"\">\n<p class=\"_usp_pjr0g_76\">Suela de goma Missiongrip\u2122 para mejor tracci\u00f3n y estabilidad<\/p>\n<\/li>\n<li class=\"\">\n<p class=\"_usp_pjr0g_76\">Elaborada con un upper flexible de malla suave<\/p>\n<\/li>\n<li class=\"\">\n<p class=\"_usp_pjr0g_76\">Dise\u00f1o de precisi\u00f3n con An\u00e1lisis de Elementos Finitos (FEA)<\/p>\n<\/li>\n<li class=\"\">\n<p class=\"_usp_pjr0g_76\">Membrana impermeable para proteger los pies de la humedad<\/p>\n<\/li>\n<li class=\"\">\n<p class=\"_usp_pjr0g_76\">Las piedras no se quedan atrapadas en la suela<\/p>\n<\/li>\n<li class=\"\">\n<p class=\"_usp_pjr0g_76\">Menos pl\u00e1stico TPU, menos impacto medioambiental<\/p>\n<\/li>\n<\/ul>\n<p>&nbsp;<\/p>\n","protected":false},"excerpt":{"rendered":"<p>M\u00e1s confort. M\u00e1s flow. M\u00e1s trail. Las zapatillas impermeables de trail running para terrenos moderadamente t\u00e9cnicos. &nbsp; Confort y estabilidad<\/p>\n","protected":false},"featured_media":72347,"template":"","meta":[],"product_brand":[],"product_cat":[113],"product_tag":[],"class_list":{"0":"post-73600","1":"product","2":"type-product","3":"status-publish","4":"has-post-thumbnail","6":"product_cat-padel-ca","8":"first","9":"outofstock","10":"taxable","11":"shipping-taxable","12":"purchasable","13":"product-type-variable","14":"rtwpvg-product"},"supplier_id":null,"supplier_sku":"","barcode":null,"atum_controlled":true,"out_stock_date":null,"out_stock_threshold":null,"inheritable":true,"inbound_stock":0,"stock_on_hold":0,"sold_today":1,"sales_last_days":1,"reserved_stock":0,"customer_returns":0,"warehouse_damage":0,"lost_in_post":0,"other_logs":0,"out_stock_days":null,"lost_sales":0,"has_location":false,"update_date":"2025-12-05T13:41:55","atum_locations":[],"atum_stock_status":"outofstock","restock_status":false,"low_stock_amount":"","sales_update_date":"2025-12-05T13:41:55","calc_backorders":null,"_links":{"self":[{"href":"https:\/\/onesportmallorca.com\/ca\/wp-json\/wp\/v2\/product\/73600","targetHints":{"allow":["GET"]}}],"collection":[{"href":"https:\/\/onesportmallorca.com\/ca\/wp-json\/wp\/v2\/product"}],"about":[{"href":"https:\/\/onesportmallorca.com\/ca\/wp-json\/wp\/v2\/types\/product"}],"wp:featuredmedia":[{"embeddable":true,"href":"https:\/\/onesportmallorca.com\/ca\/wp-json\/wp\/v2\/media\/72347"}],"wp:attachment":[{"href":"https:\/\/onesportmallorca.com\/ca\/wp-json\/wp\/v2\/media?parent=73600"}],"wp:term":[{"taxonomy":"product_brand","embeddable":true,"href":"https:\/\/onesportmallorca.com\/ca\/wp-json\/wp\/v2\/product_brand?post=73600"},{"taxonomy":"product_cat","embeddable":true,"href":"https:\/\/onesportmallorca.com\/ca\/wp-json\/wp\/v2\/product_cat?post=73600"},{"taxonomy":"product_tag","embeddable":true,"href":"https:\/\/onesportmallorca.com\/ca\/wp-json\/wp\/v2\/product_tag?post=73600"}],"curies":[{"name":"wp","href":"https:\/\/api.w.org\/{rel}","templated":true}]}}