{"id":73591,"date":"2024-12-11T14:01:49","date_gmt":"2024-12-11T13:01:49","guid":{"rendered":"https:\/\/onesportmallorca.com\/producto\/on-cloudeclipse\/"},"modified":"2024-12-11T14:01:49","modified_gmt":"2024-12-11T13:01:49","slug":"on-cloudeclipse","status":"publish","type":"product","link":"https:\/\/onesportmallorca.com\/ca\/producto\/on-cloudeclipse\/","title":{"rendered":"On Cloudeclipse"},"content":{"rendered":"<p>Llegan nuestras zapatillas m\u00e1s amortiguadas. Con la doble capa de CloudTec Phase\u00ae, est\u00e1is solos t\u00fa y el asfalto. <\/p>\n<p>&nbsp;<\/p>\n<h2 class=\"_imageTitle_1v335_89\">Doble CloudTec Phase\u00ae<\/h2>\n<p class=\"_description_1v335_110\">La entresuela m\u00e1s gruesa, la amortiguaci\u00f3n m\u00e1s extrema: las Cloudeclipse dan un nuevo sentido al confort. La doble capa de CloudTec Phase\u00ae se comprime para absorber el impacto al aterrizar, y ofrecer un movimiento de rodadura suave del tal\u00f3n a la puntera y la sensaci\u00f3n de correr sobre algodones. <\/p>\n<p>&nbsp;<\/p>\n<h2 class=\"_imageTitle_1v335_89\">Upper te\u00f1ido con dope dye<\/h2>\n<p class=\"_description_1v335_110\">S\u00ed, las Cloudeclipse son llamativas, pero tambi\u00e9n sostenibles. Los hilos de estas zapatillas se ti\u00f1en con dope dye, una t\u00e9cnica que usa un 90% menos de agua que los procesos convencionales. Y por si eso fuera poco, los hilos se elaboran con poli\u00e9ster 100% reciclado. \u00a1Todo son ventajas!   <\/p>\n<p>&nbsp;<\/p>\n<h2 class=\"_imageTitle_1v335_89\">Superespuma Helion\u2122<\/h2>\n<p class=\"_description_1v335_110\">Hecha con superespuma Helion\u2122, la ultragruesa y ligera entresuela protege las articulaciones de los impactos para sentir las piernas como nuevas, incluso en carreras largas. De la estabilidad se encarga el Speedboard\u00ae, mientras que el upper de malla t\u00e9cnica a\u00f1ade transpirabilidad y un buen ajuste. <\/p>\n<p>&nbsp;<\/p>\n<h2 class=\"_title_pjr0g_58\">Detalles del producto<\/h2>\n<ul class=\"_usps_pjr0g_76\">\n<li class=\"\">\n<p class=\"_usp_pjr0g_76\">Peso: 245g<\/p>\n<\/li>\n<li class=\"\">\n<p class=\"_usp_pjr0g_76\">Parte inferior de superespuma Helion\u2122 para m\u00e1s amortiguaci\u00f3n<\/p>\n<\/li>\n<li class=\"\">\n<p class=\"_usp_pjr0g_76\">Entresuela ultragruesa para una amortiguaci\u00f3n superior<\/p>\n<\/li>\n<li class=\"\">\n<p class=\"_usp_pjr0g_76\">Leng\u00fceta integrada conectada al upper para mayor sujeci\u00f3n<\/p>\n<\/li>\n<li class=\"\">\n<p class=\"_usp_pjr0g_76\">Control y estabilidad a\u00f1adidos gracias al Speedboard\u00ae<\/p>\n<\/li>\n<li class=\"\">\n<p class=\"_usp_pjr0g_76\">El upper te\u00f1ido con dope dye usa un 90% menos de agua<\/p>\n<\/li>\n<li class=\"\">\n<p class=\"_usp_pjr0g_76\">Almohadillas de goma en la suela para m\u00e1s agarre con lluvia<\/p>\n<\/li>\n<li class=\"\">\n<p class=\"_usp_pjr0g_76\">Upper de malla t\u00e9cnica que mejora la transpirabilidad<\/p>\n<\/li>\n<li class=\"\">\n<p class=\"_usp_pjr0g_76\">\u00c1reas con bordado funcional que aumentan la sujeci\u00f3n frontal<\/p>\n<\/li>\n<\/ul>\n","protected":false},"excerpt":{"rendered":"<p>Llegan nuestras zapatillas m\u00e1s amortiguadas. Con la doble capa de CloudTec Phase\u00ae, est\u00e1is solos t\u00fa y el asfalto. &nbsp; Doble<\/p>\n","protected":false},"featured_media":72403,"template":"","meta":[],"product_brand":[],"product_cat":[6425,2239],"product_tag":[],"class_list":{"0":"post-73591","1":"product","2":"type-product","3":"status-publish","4":"has-post-thumbnail","6":"product_cat-onr-ca","7":"product_cat-calcat","9":"first","10":"outofstock","11":"sale","12":"taxable","13":"shipping-taxable","14":"purchasable","15":"product-type-variable","16":"rtwpvg-product"},"supplier_id":null,"supplier_sku":"","barcode":null,"atum_controlled":true,"out_stock_date":null,"out_stock_threshold":null,"inheritable":true,"inbound_stock":0,"stock_on_hold":0,"sold_today":1,"sales_last_days":2,"reserved_stock":0,"customer_returns":0,"warehouse_damage":0,"lost_in_post":0,"other_logs":0,"out_stock_days":null,"lost_sales":0,"has_location":false,"update_date":"2026-01-10T10:16:23","atum_locations":[],"atum_stock_status":"instock","restock_status":false,"low_stock_amount":"","sales_update_date":"2025-12-05T13:42:50","calc_backorders":null,"_links":{"self":[{"href":"https:\/\/onesportmallorca.com\/ca\/wp-json\/wp\/v2\/product\/73591","targetHints":{"allow":["GET"]}}],"collection":[{"href":"https:\/\/onesportmallorca.com\/ca\/wp-json\/wp\/v2\/product"}],"about":[{"href":"https:\/\/onesportmallorca.com\/ca\/wp-json\/wp\/v2\/types\/product"}],"wp:featuredmedia":[{"embeddable":true,"href":"https:\/\/onesportmallorca.com\/ca\/wp-json\/wp\/v2\/media\/72403"}],"wp:attachment":[{"href":"https:\/\/onesportmallorca.com\/ca\/wp-json\/wp\/v2\/media?parent=73591"}],"wp:term":[{"taxonomy":"product_brand","embeddable":true,"href":"https:\/\/onesportmallorca.com\/ca\/wp-json\/wp\/v2\/product_brand?post=73591"},{"taxonomy":"product_cat","embeddable":true,"href":"https:\/\/onesportmallorca.com\/ca\/wp-json\/wp\/v2\/product_cat?post=73591"},{"taxonomy":"product_tag","embeddable":true,"href":"https:\/\/onesportmallorca.com\/ca\/wp-json\/wp\/v2\/product_tag?post=73591"}],"curies":[{"name":"wp","href":"https:\/\/api.w.org\/{rel}","templated":true}]}}