{"id":70947,"date":"2024-12-07T08:56:55","date_gmt":"2024-12-07T07:56:55","guid":{"rendered":"https:\/\/onesportmallorca.com\/?post_type=product&#038;p=70947"},"modified":"2025-01-30T10:14:19","modified_gmt":"2025-01-30T09:14:19","slug":"zapatilla-adidas-supernova-stride-2-w-flash-aqua-zero-met-ih8652","status":"publish","type":"product","link":"https:\/\/onesportmallorca.com\/ca\/producto\/zapatilla-adidas-supernova-stride-2-w-flash-aqua-zero-met-ih8652\/","title":{"rendered":"Zapatilla Adidas Supernova Stride 2 W FLASH Aqua\/Zero Met (IH8652)"},"content":{"rendered":"<h3 class=\"subtitle___9ljbp\">Nada puede detenernos<\/h3>\n<p class=\"gl-vspace\">Atr\u00e9vete con distancias m\u00e1s largas y ritmos m\u00e1s r\u00e1pidos, y experimenta esa incre\u00edble sensaci\u00f3n de satisfacci\u00f3n que conlleva cada nuevo logro. Esta zapatilla de running adidas incorpora una mediasuela h\u00edbrida de EVA con tecnolog\u00eda Dreamstrike+ que te ofrece una pisada m\u00e1s c\u00f3moda y fluida durante toda la carrera. El empeine de malla favorece la ventilaci\u00f3n, mientras que la suela Adiwear te proporciona un agarre excepcional. Al elegir materiales reciclados, podemos dar nueva vida a materiales que ya se han utilizado, lo que contribuye a reducir los residuos. La utilizaci\u00f3n de materiales renovables nos ayuda a acabar con nuestra dependencia de los recursos finitos. Nuestros productos fabricados con materiales reciclados y renovables contienen al menos un 20% de estos materiales.<\/p>\n<p>&nbsp;<\/p>\n<div class=\"accordion__header-text___2o9Im\">\n<h2 class=\"accordion-title___2sTgR\">Detalles<\/h2>\n<\/div>\n<div class=\"accordion__header-icon___2FuRa\"><\/div>\n<div class=\"accordion__content___29x9h\">\n<div class=\"content-padding___2kVWQ\">\n<div class=\"bullets___3bsSs\" data-auto-id=\"specifications-section\">\n<ul class=\"gl-list\">\n<li class=\"gl-vspace-bpall-small\">Horma cl\u00e1sica<\/li>\n<li class=\"gl-vspace-bpall-small\">Empeine textil y de malla sint\u00e9tica<\/li>\n<li class=\"gl-vspace-bpall-small\">Forro textil<\/li>\n<li class=\"gl-vspace-bpall-small\">Mediasuela Dreamstrike+<\/li>\n<li class=\"gl-vspace-bpall-small\">Suela Adiwear<\/li>\n<\/ul>\n<ul class=\"gl-list\">\n<li class=\"gl-vspace-bpall-small\">Peso: 275 g (talla 42 2\/3)<\/li>\n<li class=\"gl-vspace-bpall-small\">Drop: 11 mm (tal\u00f3n: 34 mm \/ antepi\u00e9: 23 mm)<\/li>\n<li class=\"gl-vspace-bpall-small\">Contiene al menos un 20% de material reciclado<\/li>\n<\/ul>\n<div class=\"accordion__header-text___2o9Im\">\n<h2 class=\"accordion-title___2sTgR\">Caracter\u00edsticas<\/h2>\n<\/div>\n<div class=\"accordion__header-icon___2FuRa\"><\/div>\n<div class=\"accordion__content___29x9h\">\n<div class=\"content-padding___2kVWQ\">\n<div class=\"features-section___1pumR\">\n<div class=\"item___1X-1_\">\n<p><img decoding=\"async\" class=\"img_with_fallback___2aHBu feature-icon___3S9eQ\" src=\"https:\/\/brand.assets.adidas.com\/image\/upload\/road_24f719a743.png\" srcset=\"\" alt=\"\" data-auto-id=\"image\" \/><\/p>\n<p class=\"feature-icon-text___3Owgv\">Correr sobre asfalto<\/p>\n<\/div>\n<div class=\"item___1X-1_\">\n<p><img decoding=\"async\" class=\"img_with_fallback___2aHBu feature-icon___3S9eQ\" src=\"https:\/\/brand.assets.adidas.com\/image\/upload\/medium_6590f83e0a.png\" srcset=\"\" alt=\"\" data-auto-id=\"image\" \/><\/p>\n<p class=\"feature-icon-text___3Owgv\">Distancia media (5 &#8211; 20 km)<\/p>\n<\/div>\n<div class=\"item___1X-1_\">\n<p><img decoding=\"async\" class=\"img_with_fallback___2aHBu feature-icon___3S9eQ\" src=\"https:\/\/brand.assets.adidas.com\/image\/upload\/regular_a176d1f2d6.png\" srcset=\"\" alt=\"\" data-auto-id=\"image\" \/><\/p>\n<p class=\"feature-icon-text___3Owgv\">Horma cl\u00e1sica Unisex<\/p>\n<\/div>\n<div class=\"special-item___2Ohsx\">\n<p class=\"feature-icon-title___v-KQG\">10mm<\/p>\n<p class=\"feature-icon-summary-small___31Rc0\">Drop del tal\u00f3n a la puntera<\/p>\n<p class=\"feature-icon-summary-small___31Rc0\">34mm \/ 23mm<\/p>\n<\/div>\n<div class=\"special-item___2Ohsx\">\n<p class=\"feature-icon-title___v-KQG\">269.22g<\/p>\n<p class=\"feature-icon-summary-small___31Rc0\">Talla 42 2\/3<\/p>\n<\/div>\n<\/div>\n<\/div>\n<\/div>\n<\/div>\n<\/div>\n<\/div>\n","protected":false},"excerpt":{"rendered":"<p>Nada puede detenernos Atr\u00e9vete con distancias m\u00e1s largas y ritmos m\u00e1s r\u00e1pidos, y experimenta esa incre\u00edble sensaci\u00f3n de satisfacci\u00f3n que<\/p>\n","protected":false},"featured_media":72888,"template":"","meta":[],"product_brand":[7193],"product_cat":[6404,2239],"product_tag":[],"class_list":{"0":"post-70947","1":"product","2":"type-product","3":"status-publish","4":"has-post-thumbnail","6":"product_brand-adidas","7":"product_cat-adidas-ca","8":"product_cat-calcat","10":"first","11":"instock","12":"taxable","13":"shipping-taxable","14":"purchasable","15":"product-type-variable","16":"rtwpvg-product"},"supplier_id":null,"supplier_sku":"","barcode":null,"atum_controlled":true,"out_stock_date":null,"out_stock_threshold":null,"inheritable":true,"inbound_stock":0,"stock_on_hold":0,"sold_today":2,"sales_last_days":2,"reserved_stock":0,"customer_returns":0,"warehouse_damage":0,"lost_in_post":0,"other_logs":0,"out_stock_days":null,"lost_sales":0,"has_location":false,"update_date":"2025-04-24T18:01:41","atum_locations":[],"atum_stock_status":"instock","restock_status":false,"low_stock_amount":"","sales_update_date":"2025-03-26T10:59:53","calc_backorders":null,"_links":{"self":[{"href":"https:\/\/onesportmallorca.com\/ca\/wp-json\/wp\/v2\/product\/70947","targetHints":{"allow":["GET"]}}],"collection":[{"href":"https:\/\/onesportmallorca.com\/ca\/wp-json\/wp\/v2\/product"}],"about":[{"href":"https:\/\/onesportmallorca.com\/ca\/wp-json\/wp\/v2\/types\/product"}],"wp:featuredmedia":[{"embeddable":true,"href":"https:\/\/onesportmallorca.com\/ca\/wp-json\/wp\/v2\/media\/72888"}],"wp:attachment":[{"href":"https:\/\/onesportmallorca.com\/ca\/wp-json\/wp\/v2\/media?parent=70947"}],"wp:term":[{"taxonomy":"product_brand","embeddable":true,"href":"https:\/\/onesportmallorca.com\/ca\/wp-json\/wp\/v2\/product_brand?post=70947"},{"taxonomy":"product_cat","embeddable":true,"href":"https:\/\/onesportmallorca.com\/ca\/wp-json\/wp\/v2\/product_cat?post=70947"},{"taxonomy":"product_tag","embeddable":true,"href":"https:\/\/onesportmallorca.com\/ca\/wp-json\/wp\/v2\/product_tag?post=70947"}],"curies":[{"name":"wp","href":"https:\/\/api.w.org\/{rel}","templated":true}]}}